{"id":10110,"date":"2023-01-10T10:39:33","date_gmt":"2023-01-10T13:39:33","guid":{"rendered":"http:\/\/sin.betas.visie.link\/?page_id=10110"},"modified":"2024-08-30T16:37:58","modified_gmt":"2024-08-30T19:37:58","slug":"thinkers","status":"publish","type":"page","link":"https:\/\/sin.betas.visie.link\/es\/thinkers\/","title":{"rendered":"Thinkers"},"content":{"rendered":"\n<section class=\"single-product-variation\">\n    <picture class=\"hidden md:block box-border w-full h-screen relative\" style=\"background:url('https:\/\/sin2022.s3.us-west-2.amazonaws.com\/sites\/4\/2024\/05\/banners2048-thinkers.png') ; background-size:cover; background-repeat: no-repeat; background-position: center;\">\n                <div class=\"absolute top-0 left-0 w-full h-full\" style=\"background-color:rgba(0,0,0,0);\">\n            <div class=\"px-g18 xl:px-9 pt-11 pb-32 lg:py-32 lg:max-w-[1440px] w-full h-full flex md:items-center mx-auto\">\n                <div class=\"w-full h-full flex\" style=\"justify-content: center; align-items: center \">\n                <div class=\"md:max-w-[45%]\">\n                    <div class=\"wpcontent--innerblocks\">\n                        <h1 aria-label=\"S.I.N. Solutions\"><img loading=\"lazy\" decoding=\"async\" class=\"alignnone  wp-image-26075\" src=\"https:\/\/sin2022.s3.us-west-2.amazonaws.com\/sites\/4\/2024\/05\/FmI54OvH-Thinkers_logo_brancocinza-e1714668972907-300x89.png\" alt=\"\" width=\"590\" height=\"175\" srcset=\"https:\/\/sin2022.s3.us-west-2.amazonaws.com\/sites\/4\/2024\/05\/FmI54OvH-Thinkers_logo_brancocinza-e1714668972907-300x89.png 300w, https:\/\/sin2022.s3.us-west-2.amazonaws.com\/sites\/4\/2024\/05\/FmI54OvH-Thinkers_logo_brancocinza-e1714668972907-1024x305.png 1024w, https:\/\/sin2022.s3.us-west-2.amazonaws.com\/sites\/4\/2024\/05\/FmI54OvH-Thinkers_logo_brancocinza-e1714668972907-768x229.png 768w, https:\/\/sin2022.s3.us-west-2.amazonaws.com\/sites\/4\/2024\/05\/FmI54OvH-Thinkers_logo_brancocinza-e1714668972907-1536x457.png 1536w, https:\/\/sin2022.s3.us-west-2.amazonaws.com\/sites\/4\/2024\/05\/FmI54OvH-Thinkers_logo_brancocinza-e1714668972907-2048x609.png 2048w\" sizes=\"auto, (max-width: 590px) 100vw, 590px\" \/><\/h1>\n<p>&nbsp;<\/p>\n<div id=\"urban-overlay\" style=\"left: -10px; top: -10px; width: 0px; height: 0px;\"><\/div>\n                    <\/div>\n            \n                                    <\/div>\n                <\/div>\n            <\/div>\n        <\/div>\n    <\/picture>\n    \n    <picture class=\"block md:hidden box-border w-full max-lg:h-screen lg:h-screen relative\" style=\"background:url('https:\/\/sin2022.s3.us-west-2.amazonaws.com\/sites\/4\/2024\/05\/bannermobileprogramas-thinkers.png') ; background-size:cover; background-repeat: no-repeat; background-position: center;;\">\n                <div class=\"absolute top-0 left-0 w-full h-full\">\n            <div class=\"px-g18 xl:px-9 py-11 lg:max-w-[1440px] w-full h-full flex md:items-center mx-auto\">\n                <div class=\"w-full flex\" style=\"justify-content: center\">\n                    <div class=\"w-full md:max-w-[45%]\">\n                        <div class=\"wpcontent--innerblocks\">\n                            <h1 aria-label=\"S.I.N. Solutions\"><img loading=\"lazy\" decoding=\"async\" class=\"alignnone  wp-image-26075\" src=\"https:\/\/sin2022.s3.us-west-2.amazonaws.com\/sites\/4\/2024\/05\/FmI54OvH-Thinkers_logo_brancocinza-e1714668972907-300x89.png\" alt=\"\" width=\"590\" height=\"175\" srcset=\"https:\/\/sin2022.s3.us-west-2.amazonaws.com\/sites\/4\/2024\/05\/FmI54OvH-Thinkers_logo_brancocinza-e1714668972907-300x89.png 300w, https:\/\/sin2022.s3.us-west-2.amazonaws.com\/sites\/4\/2024\/05\/FmI54OvH-Thinkers_logo_brancocinza-e1714668972907-1024x305.png 1024w, https:\/\/sin2022.s3.us-west-2.amazonaws.com\/sites\/4\/2024\/05\/FmI54OvH-Thinkers_logo_brancocinza-e1714668972907-768x229.png 768w, https:\/\/sin2022.s3.us-west-2.amazonaws.com\/sites\/4\/2024\/05\/FmI54OvH-Thinkers_logo_brancocinza-e1714668972907-1536x457.png 1536w, https:\/\/sin2022.s3.us-west-2.amazonaws.com\/sites\/4\/2024\/05\/FmI54OvH-Thinkers_logo_brancocinza-e1714668972907-2048x609.png 2048w\" sizes=\"auto, (max-width: 590px) 100vw, 590px\" \/><\/h1>\n<p>&nbsp;<\/p>\n<div id=\"urban-overlay\" style=\"left: -10px; top: -10px; width: 0px; height: 0px;\"><\/div>\n                        <\/div>\n            \n                                            <\/div>\n                <\/div>\n            <\/div>\n        <\/div>\n        \n                    <button class=\"-js-bannerbg-btn absolute lg:hidden w-[70px] bottom-4 left-[calc(50%-35px)] animate-bounce\">\n                <svg width=\"70\" height=\"70\" viewBox=\"0 0 70 70\" fill=\"none\" xmlns=\"http:\/\/www.w3.org\/2000\/svg\"><g filter=\"url(#filter0_i_3_226)\"><circle cx=\"35\" cy=\"35\" r=\"35\" fill=\"black\" fill-opacity=\"0.32\"\/><\/g><path d=\"M55 31L34 47L13 31\" stroke=\"white\" stroke-width=\"4\" stroke-linecap=\"round\" stroke-linejoin=\"round\"\/><defs><filter id=\"filter0_i_3_226\" x=\"0\" y=\"0\" width=\"70\" height=\"74\" filterUnits=\"userSpaceOnUse\" color-interpolation-filters=\"sRGB\"><feFlood flood-opacity=\"0\" result=\"BackgroundImageFix\"\/><feBlend mode=\"normal\" in=\"SourceGraphic\" in2=\"BackgroundImageFix\" result=\"shape\"\/><feColorMatrix in=\"SourceAlpha\" type=\"matrix\" values=\"0 0 0 0 0 0 0 0 0 0 0 0 0 0 0 0 0 0 127 0\" result=\"hardAlpha\"\/><feOffset dy=\"4\"\/><feGaussianBlur stdDeviation=\"3.5\"\/><feComposite in2=\"hardAlpha\" operator=\"arithmetic\" k2=\"-1\" k3=\"1\"\/><feColorMatrix type=\"matrix\" values=\"0 0 0 0 0 0 0 0 0 0 0 0 0 0 0 0 0 0 0.25 0\"\/><feBlend mode=\"normal\" in2=\"shape\" result=\"effect1_innerShadow_3_226\"\/><\/filter><\/defs><\/svg>            <\/button>\n            <\/picture>\n<\/section>\n\n\n\n<h1 class=\"wp-block-heading\">EL PROGRAMA THINKERS<\/h1>\n\n\n\n<p>Como una iniciativa fundamental para la promoci\u00f3n del conocimiento cient\u00edfico y tecnol\u00f3gico, el Programa Thinkers consiste en grupos de estudio liderados por Implantodontistas embajadores mundialmente reconocidos de S.I.N. Implant System.<br><br><br>En cada encuentro, se explora un tema de excepcional relevancia en odontolog\u00eda, brindando a los participantes la oportunidad no solo de mejorar sus conocimientos, sino tambi\u00e9n de impulsar sus trayectorias profesionales y fortalecer sus redes.<\/p>\n\n\n\n<p><\/p>\n\n\n\n<p><\/p>\n\n\n\n\n\n<section class=\"single-product-variation\">\n    <picture class=\"hidden md:block box-border w-full h-screen relative\" style=\"background:url('https:\/\/sin2022.s3.us-west-2.amazonaws.com\/2023\/06\/image-30.png') ; background-size:cover; background-repeat: no-repeat; background-position: center;\">\n                <div class=\"absolute top-0 left-0 w-full h-full\" style=\"\">\n            <div class=\"px-g18 xl:px-9 pt-11 pb-32 lg:py-32 lg:max-w-[1440px] w-full h-full flex md:items-center mx-auto\">\n                <div class=\"w-full h-full flex\" style=\"justify-content: left; align-items: flex-start \">\n                <div class=\"md:max-w-[45%]\">\n                    <div class=\"wpcontent--innerblocks\">\n                                            <\/div>\n            \n                                    <\/div>\n                <\/div>\n            <\/div>\n        <\/div>\n    <\/picture>\n    \n    <picture class=\"block md:hidden box-border w-full max-lg:h-screen lg:h-screen relative\" style=\"background:url('https:\/\/sin2022.s3.us-west-2.amazonaws.com\/2023\/06\/image-30.png') ; background-size:cover; background-repeat: no-repeat; background-position: center;;\">\n                <div class=\"absolute top-0 left-0 w-full h-full\">\n            <div class=\"px-g18 xl:px-9 py-11 lg:max-w-[1440px] w-full h-full flex md:items-center mx-auto\">\n                <div class=\"w-full flex\" style=\"justify-content: flex-start\">\n                    <div class=\"w-full md:max-w-[45%]\">\n                        <div class=\"wpcontent--innerblocks\">\n                                                    <\/div>\n            \n                                            <\/div>\n                <\/div>\n            <\/div>\n        <\/div>\n        \n            <\/picture>\n<\/section>\n\n\n\n<section class=\"border-b border-b-gray-alto px-g18 lg:px-0 pb-16 pt-4 md:py-16 filter-term first:pt-0\" style=\"background-color: \">\n\t<div class=\"max-w-4xl mx-auto\">\n\t\t\t\t\t<h2 class=\"font-aller text-t4 lg:text-t2 uppercase\" style=\"color: #000\">\n\t\t\t\tDUDAS\t\t\t<\/h2>\n\t\t\t\t\t\t\t<div class=\"wpcontent--typo-only mt-4\" style=\"color: #000\">\n\t\t\t\t<h3>VAMOS A AYUDARLO<\/h3>\n<p><span style=\"font-weight: 400;\">Para ayudarlo a tener una experiencia cada vez mejor con nosotros, elaboramos una lista con las preguntas frecuentes y sus respectivas respuestas.<\/span><\/p>\n\t\t\t<\/div>\n\t\t\t\t    <div class=\"py-7 md:py-20 faq-list\" style=\"--hover_color: #F18700;\">\n                    <details class=\"max-w-4xl mx-auto pt-7 pb-3 text-current border-b border-current open:border-none\" style=\"color: #000; \">\n                <summary class=\"cursor-pointer flex justify-between items-center relative font-brandon font-normal uppercase text-p5 md:text-p3 pr-6\">\n                    \u00bfCu\u00e1les son los beneficios de participar de Thinkers?                    <svg width=\"18\" height=\"10\" viewBox=\"0 0 18 10\" fill=\"none\" xmlns=\"http:\/\/www.w3.org\/2000\/svg\"><path d=\"M1 1L9 9L17 1\" stroke=\"currentColor\" stroke-width=\"2\" stroke-linecap=\"round\" stroke-linejoin=\"round\"\/><\/svg>\n                <\/summary>\n                <p class=\"py-14 font-brandon text-current font-normal text-p4 md:text-p2\" style=\"color: #000\">\n                    Thinkers ofrece contenido actualizado y relevante para agregar su rutina cl\u00ednica, espacio de discusi\u00f3n y mejora de t\u00e9cnicas y conceptos, adem\u00e1s de promover la interacci\u00f3n con otros profesionales del mercado para compartir experiencias y networking.                 <\/p>\n            <\/details>\n                    <details class=\"max-w-4xl mx-auto pt-7 pb-3 text-current border-b border-current open:border-none\" style=\"color: #000; \">\n                <summary class=\"cursor-pointer flex justify-between items-center relative font-brandon font-normal uppercase text-p5 md:text-p3 pr-6\">\n                    \u00bfQui\u00e9nes son los l\u00edderes de Thinkers?                    <svg width=\"18\" height=\"10\" viewBox=\"0 0 18 10\" fill=\"none\" xmlns=\"http:\/\/www.w3.org\/2000\/svg\"><path d=\"M1 1L9 9L17 1\" stroke=\"currentColor\" stroke-width=\"2\" stroke-linecap=\"round\" stroke-linejoin=\"round\"\/><\/svg>\n                <\/summary>\n                <p class=\"py-14 font-brandon text-current font-normal text-p4 md:text-p2\" style=\"color: #000\">\n                    Son 4 Embajadores de S.I.N. alrededor del mundo responsables por compartir conocimiento cient\u00edfico y tecnol\u00f3gico a trav\u00e9s de peque\u00f1os grupos de estudio: Dr. Bruno Candeias &#8211; Embajador S.I.N. Brasil\/ Dra. Patr\u00edcia Fretes &#8211; Embajador S.I.N. Paraguay \/ Dr. Fernando Duarte &#8211; Embajador S.I.N. Portugal \/ Dr. Rick Kline &#8211; Embajador S.I.N. EEUU \r\n                <\/p>\n            <\/details>\n                    <details class=\"max-w-4xl mx-auto pt-7 pb-3 text-current border-b border-current open:border-none\" style=\"color: #000; \">\n                <summary class=\"cursor-pointer flex justify-between items-center relative font-brandon font-normal uppercase text-p5 md:text-p3 pr-6\">\n                    \u00bfC\u00f3mo hago para participar?                    <svg width=\"18\" height=\"10\" viewBox=\"0 0 18 10\" fill=\"none\" xmlns=\"http:\/\/www.w3.org\/2000\/svg\"><path d=\"M1 1L9 9L17 1\" stroke=\"currentColor\" stroke-width=\"2\" stroke-linecap=\"round\" stroke-linejoin=\"round\"\/><\/svg>\n                <\/summary>\n                <p class=\"py-14 font-brandon text-current font-normal text-p4 md:text-p2\" style=\"color: #000\">\n                    Las inscripciones se deben realizar en el sitio siempre que se confirmen las fechas y horarios de Thinkers. Vea la agenda disponible y elija el grupo con la fecha y tema que mejor se encaje en sus intereses;                <\/p>\n            <\/details>\n                    <details class=\"max-w-4xl mx-auto pt-7 pb-3 text-current border-b border-current open:border-none\" style=\"color: #000; \">\n                <summary class=\"cursor-pointer flex justify-between items-center relative font-brandon font-normal uppercase text-p5 md:text-p3 pr-6\">\n                    \u00bfHay l\u00edmites de vacantes?                    <svg width=\"18\" height=\"10\" viewBox=\"0 0 18 10\" fill=\"none\" xmlns=\"http:\/\/www.w3.org\/2000\/svg\"><path d=\"M1 1L9 9L17 1\" stroke=\"currentColor\" stroke-width=\"2\" stroke-linecap=\"round\" stroke-linejoin=\"round\"\/><\/svg>\n                <\/summary>\n                <p class=\"py-14 font-brandon text-current font-normal text-p4 md:text-p2\" style=\"color: #000\">\n                    S\u00ed, los grupos son limitados con solo 15 participantes, por lo tanto, tras enviar su confirmaci\u00f3n, est\u00e9 atento a su email. Confirmaremos su vacante siempre a trav\u00e9s de este canal.                <\/p>\n            <\/details>\n                    <details class=\"max-w-4xl mx-auto pt-7 pb-3 text-current border-b border-current open:border-none\" style=\"color: #000; \">\n                <summary class=\"cursor-pointer flex justify-between items-center relative font-brandon font-normal uppercase text-p5 md:text-p3 pr-6\">\n                    \u00bfC\u00f3mo hago para saber m\u00e1s detalles de la programaci\u00f3n?                    <svg width=\"18\" height=\"10\" viewBox=\"0 0 18 10\" fill=\"none\" xmlns=\"http:\/\/www.w3.org\/2000\/svg\"><path d=\"M1 1L9 9L17 1\" stroke=\"currentColor\" stroke-width=\"2\" stroke-linecap=\"round\" stroke-linejoin=\"round\"\/><\/svg>\n                <\/summary>\n                <p class=\"py-14 font-brandon text-current font-normal text-p4 md:text-p2\" style=\"color: #000\">\n                    La programaci\u00f3n ser\u00e1 divulgada en los canales de comunicaci\u00f3n de S.I.N. No tenemos programaci\u00f3n en este momento. En breve divulgaremos m\u00e1s detalles.                 <\/p>\n            <\/details>\n            <\/div>\n\t<\/div>\n<\/section>","protected":false},"excerpt":{"rendered":"EL PROGRAMA THINKERS Como una iniciativa fundamental para la promoci\u00f3n del conocimiento cient\u00edfico y tecnol\u00f3gico, el Programa Thinkers consiste en grupos de estudio liderados por Implantodontistas embajadores mundialmente reconocidos de S.I.N. Implant System.En cada encuentro, se explora un tema de excepcional relevancia en odontolog\u00eda, brindando a los participantes la oportunidad no solo de mejorar sus [&hellip;]","protected":false},"author":3,"featured_media":0,"parent":0,"menu_order":0,"comment_status":"closed","ping_status":"closed","template":"","meta":{"_acf_changed":false,"inline_featured_image":false,"footnotes":""},"class_list":["post-10110","page","type-page","status-publish","hentry"],"acf":[],"yoast_head":"<!-- This site is optimized with the Yoast SEO plugin v27.2 - https:\/\/yoast.com\/product\/yoast-seo-wordpress\/ -->\n<title>Thinkers - S.I.N. Implant System Espanhol<\/title>\n<meta name=\"robots\" content=\"index, follow, max-snippet:-1, max-image-preview:large, max-video-preview:-1\" \/>\n<link rel=\"canonical\" href=\"https:\/\/sin.betas.visie.link\/es\/wp-json\/wp\/v2\/pages\/10110\/\" \/>\n<meta property=\"og:locale\" content=\"es_ES\" \/>\n<meta property=\"og:type\" content=\"article\" \/>\n<meta property=\"og:title\" content=\"Thinkers - S.I.N. Implant System Espanhol\" \/>\n<meta property=\"og:description\" content=\"EL PROGRAMA THINKERS Como una iniciativa fundamental para la promoci\u00f3n del conocimiento cient\u00edfico y tecnol\u00f3gico, el Programa Thinkers consiste en grupos de estudio liderados por Implantodontistas embajadores mundialmente reconocidos de S.I.N. Implant System.En cada encuentro, se explora un tema de excepcional relevancia en odontolog\u00eda, brindando a los participantes la oportunidad no solo de mejorar sus [&hellip;]\" \/>\n<meta property=\"og:url\" content=\"https:\/\/sin.betas.visie.link\/es\/thinkers\/\" \/>\n<meta property=\"og:site_name\" content=\"S.I.N. Implant System Espanhol\" \/>\n<meta property=\"article:modified_time\" content=\"2024-08-30T19:37:58+00:00\" \/>\n<meta name=\"twitter:card\" content=\"summary_large_image\" \/>\n<meta name=\"twitter:label1\" content=\"Tiempo de lectura\" \/>\n\t<meta name=\"twitter:data1\" content=\"1 minuto\" \/>\n<script type=\"application\/ld+json\" class=\"yoast-schema-graph\">{\"@context\":\"https:\/\/schema.org\",\"@graph\":[{\"@type\":\"WebPage\",\"@id\":\"https:\/\/sin.betas.visie.link\/es\/thinkers\/\",\"url\":\"https:\/\/sin.betas.visie.link\/es\/thinkers\/\",\"name\":\"Thinkers - S.I.N. Implant System Espanhol\",\"isPartOf\":{\"@id\":\"https:\/\/sin.betas.visie.link\/es\/#website\"},\"datePublished\":\"2023-01-10T13:39:33+00:00\",\"dateModified\":\"2024-08-30T19:37:58+00:00\",\"breadcrumb\":{\"@id\":\"https:\/\/sin.betas.visie.link\/es\/thinkers\/#breadcrumb\"},\"inLanguage\":\"es\",\"potentialAction\":[{\"@type\":\"ReadAction\",\"target\":[\"https:\/\/sin.betas.visie.link\/es\/thinkers\/\"]}]},{\"@type\":\"BreadcrumbList\",\"@id\":\"https:\/\/sin.betas.visie.link\/es\/thinkers\/#breadcrumb\",\"itemListElement\":[{\"@type\":\"ListItem\",\"position\":1,\"name\":\"Portada\",\"item\":\"https:\/\/sin.betas.visie.link\/es\/\"},{\"@type\":\"ListItem\",\"position\":2,\"name\":\"Thinkers\"}]},{\"@type\":\"WebSite\",\"@id\":\"https:\/\/sin.betas.visie.link\/es\/#website\",\"url\":\"https:\/\/sin.betas.visie.link\/es\/\",\"name\":\"S.I.N. Implant System Espanhol\",\"description\":\"S\u00f3 mais um site SIN\",\"potentialAction\":[{\"@type\":\"SearchAction\",\"target\":{\"@type\":\"EntryPoint\",\"urlTemplate\":\"https:\/\/sin.betas.visie.link\/es\/?s={search_term_string}\"},\"query-input\":{\"@type\":\"PropertyValueSpecification\",\"valueRequired\":true,\"valueName\":\"search_term_string\"}}],\"inLanguage\":\"es\"}]}<\/script>\n<!-- \/ Yoast SEO plugin. -->","yoast_head_json":{"title":"Thinkers - S.I.N. Implant System Espanhol","robots":{"index":"index","follow":"follow","max-snippet":"max-snippet:-1","max-image-preview":"max-image-preview:large","max-video-preview":"max-video-preview:-1"},"canonical":"https:\/\/sin.betas.visie.link\/es\/wp-json\/wp\/v2\/pages\/10110\/","og_locale":"es_ES","og_type":"article","og_title":"Thinkers - S.I.N. Implant System Espanhol","og_description":"EL PROGRAMA THINKERS Como una iniciativa fundamental para la promoci\u00f3n del conocimiento cient\u00edfico y tecnol\u00f3gico, el Programa Thinkers consiste en grupos de estudio liderados por Implantodontistas embajadores mundialmente reconocidos de S.I.N. Implant System.En cada encuentro, se explora un tema de excepcional relevancia en odontolog\u00eda, brindando a los participantes la oportunidad no solo de mejorar sus [&hellip;]","og_url":"https:\/\/sin.betas.visie.link\/es\/thinkers\/","og_site_name":"S.I.N. Implant System Espanhol","article_modified_time":"2024-08-30T19:37:58+00:00","twitter_card":"summary_large_image","twitter_misc":{"Tiempo de lectura":"1 minuto"},"schema":{"@context":"https:\/\/schema.org","@graph":[{"@type":"WebPage","@id":"https:\/\/sin.betas.visie.link\/es\/thinkers\/","url":"https:\/\/sin.betas.visie.link\/es\/thinkers\/","name":"Thinkers - S.I.N. Implant System Espanhol","isPartOf":{"@id":"https:\/\/sin.betas.visie.link\/es\/#website"},"datePublished":"2023-01-10T13:39:33+00:00","dateModified":"2024-08-30T19:37:58+00:00","breadcrumb":{"@id":"https:\/\/sin.betas.visie.link\/es\/thinkers\/#breadcrumb"},"inLanguage":"es","potentialAction":[{"@type":"ReadAction","target":["https:\/\/sin.betas.visie.link\/es\/thinkers\/"]}]},{"@type":"BreadcrumbList","@id":"https:\/\/sin.betas.visie.link\/es\/thinkers\/#breadcrumb","itemListElement":[{"@type":"ListItem","position":1,"name":"Portada","item":"https:\/\/sin.betas.visie.link\/es\/"},{"@type":"ListItem","position":2,"name":"Thinkers"}]},{"@type":"WebSite","@id":"https:\/\/sin.betas.visie.link\/es\/#website","url":"https:\/\/sin.betas.visie.link\/es\/","name":"S.I.N. Implant System Espanhol","description":"S\u00f3 mais um site SIN","potentialAction":[{"@type":"SearchAction","target":{"@type":"EntryPoint","urlTemplate":"https:\/\/sin.betas.visie.link\/es\/?s={search_term_string}"},"query-input":{"@type":"PropertyValueSpecification","valueRequired":true,"valueName":"search_term_string"}}],"inLanguage":"es"}]}},"_links":{"self":[{"href":"https:\/\/sin.betas.visie.link\/es\/wp-json\/wp\/v2\/pages\/10110","targetHints":{"allow":["GET"]}}],"collection":[{"href":"https:\/\/sin.betas.visie.link\/es\/wp-json\/wp\/v2\/pages"}],"about":[{"href":"https:\/\/sin.betas.visie.link\/es\/wp-json\/wp\/v2\/types\/page"}],"author":[{"embeddable":true,"href":"https:\/\/sin.betas.visie.link\/es\/wp-json\/wp\/v2\/users\/3"}],"replies":[{"embeddable":true,"href":"https:\/\/sin.betas.visie.link\/es\/wp-json\/wp\/v2\/comments?post=10110"}],"version-history":[{"count":19,"href":"https:\/\/sin.betas.visie.link\/es\/wp-json\/wp\/v2\/pages\/10110\/revisions"}],"predecessor-version":[{"id":26400,"href":"https:\/\/sin.betas.visie.link\/es\/wp-json\/wp\/v2\/pages\/10110\/revisions\/26400"}],"wp:attachment":[{"href":"https:\/\/sin.betas.visie.link\/es\/wp-json\/wp\/v2\/media?parent=10110"}],"curies":[{"name":"wp","href":"https:\/\/api.w.org\/{rel}","templated":true}]}}