{"id":10146,"date":"2023-01-10T13:30:01","date_gmt":"2023-01-10T16:30:01","guid":{"rendered":"http:\/\/sin.betas.visie.link\/?page_id=10146"},"modified":"2024-05-14T10:35:41","modified_gmt":"2024-05-14T13:35:41","slug":"partners","status":"publish","type":"page","link":"https:\/\/sin.betas.visie.link\/es\/partners\/","title":{"rendered":"Partners"},"content":{"rendered":"\n<section class=\"single-product-variation\">\n    <picture class=\"hidden md:block box-border w-full h-screen relative\" style=\"background:url('https:\/\/sin2022.s3.us-west-2.amazonaws.com\/sites\/4\/2024\/05\/banners2048-partners-1.png') ; background-size:cover; background-repeat: no-repeat; background-position: center;\">\n                <div class=\"absolute top-0 left-0 w-full h-full\" style=\"background-color:rgba(0,0,0,0);\">\n            <div class=\"px-g18 xl:px-9 pt-11 pb-32 lg:py-32 lg:max-w-[1440px] w-full h-full flex md:items-center mx-auto\">\n                <div class=\"w-full h-full flex\" style=\"justify-content: center; align-items: center \">\n                <div class=\"md:max-w-[45%]\">\n                    <div class=\"wpcontent--innerblocks\">\n                        <h1 aria-label=\"S.I.N. Solutions\"><img loading=\"lazy\" decoding=\"async\" class=\"alignnone  wp-image-26037\" src=\"https:\/\/sin2022.s3.us-west-2.amazonaws.com\/sites\/4\/2024\/05\/Logo-SIN-Partners-rgb_v.horiz-bg-brown-e1714669526159-300x84.png\" alt=\"\" width=\"604\" height=\"169\" srcset=\"https:\/\/sin2022.s3.us-west-2.amazonaws.com\/sites\/4\/2024\/05\/Logo-SIN-Partners-rgb_v.horiz-bg-brown-e1714669526159-300x84.png 300w, https:\/\/sin2022.s3.us-west-2.amazonaws.com\/sites\/4\/2024\/05\/Logo-SIN-Partners-rgb_v.horiz-bg-brown-e1714669526159.png 718w\" sizes=\"auto, (max-width: 604px) 100vw, 604px\" \/><\/h1>\n<p>&nbsp;<\/p>\n<p>&nbsp;<\/p>\n<div id=\"urban-overlay\" style=\"left: -10px; top: -10px; width: 0px; height: 0px;\"><\/div>\n                    <\/div>\n            \n                                    <\/div>\n                <\/div>\n            <\/div>\n        <\/div>\n    <\/picture>\n    \n    <picture class=\"block md:hidden box-border w-full max-lg:h-screen lg:h-screen relative\" style=\"background:url('https:\/\/sin2022.s3.us-west-2.amazonaws.com\/sites\/4\/2024\/05\/bannermobileprogramas-partners-1.png') ; background-size:cover; background-repeat: no-repeat; background-position: center;;\">\n                <div class=\"absolute top-0 left-0 w-full h-full\">\n            <div class=\"px-g18 xl:px-9 py-11 lg:max-w-[1440px] w-full h-full flex md:items-center mx-auto\">\n                <div class=\"w-full flex\" style=\"justify-content: center\">\n                    <div class=\"w-full md:max-w-[45%]\">\n                        <div class=\"wpcontent--innerblocks\">\n                            <h1 aria-label=\"S.I.N. Solutions\"><img loading=\"lazy\" decoding=\"async\" class=\"alignnone  wp-image-26037\" src=\"https:\/\/sin2022.s3.us-west-2.amazonaws.com\/sites\/4\/2024\/05\/Logo-SIN-Partners-rgb_v.horiz-bg-brown-e1714669526159-300x84.png\" alt=\"\" width=\"604\" height=\"169\" srcset=\"https:\/\/sin2022.s3.us-west-2.amazonaws.com\/sites\/4\/2024\/05\/Logo-SIN-Partners-rgb_v.horiz-bg-brown-e1714669526159-300x84.png 300w, https:\/\/sin2022.s3.us-west-2.amazonaws.com\/sites\/4\/2024\/05\/Logo-SIN-Partners-rgb_v.horiz-bg-brown-e1714669526159.png 718w\" sizes=\"auto, (max-width: 604px) 100vw, 604px\" \/><\/h1>\n<p>&nbsp;<\/p>\n<p>&nbsp;<\/p>\n<div id=\"urban-overlay\" style=\"left: -10px; top: -10px; width: 0px; height: 0px;\"><\/div>\n                        <\/div>\n            \n                                            <\/div>\n                <\/div>\n            <\/div>\n        <\/div>\n        \n                    <button class=\"-js-bannerbg-btn absolute lg:hidden w-[70px] bottom-4 left-[calc(50%-35px)] animate-bounce\">\n                <svg width=\"70\" height=\"70\" viewBox=\"0 0 70 70\" fill=\"none\" xmlns=\"http:\/\/www.w3.org\/2000\/svg\"><g filter=\"url(#filter0_i_3_226)\"><circle cx=\"35\" cy=\"35\" r=\"35\" fill=\"black\" fill-opacity=\"0.32\"\/><\/g><path d=\"M55 31L34 47L13 31\" stroke=\"white\" stroke-width=\"4\" stroke-linecap=\"round\" stroke-linejoin=\"round\"\/><defs><filter id=\"filter0_i_3_226\" x=\"0\" y=\"0\" width=\"70\" height=\"74\" filterUnits=\"userSpaceOnUse\" color-interpolation-filters=\"sRGB\"><feFlood flood-opacity=\"0\" result=\"BackgroundImageFix\"\/><feBlend mode=\"normal\" in=\"SourceGraphic\" in2=\"BackgroundImageFix\" result=\"shape\"\/><feColorMatrix in=\"SourceAlpha\" type=\"matrix\" values=\"0 0 0 0 0 0 0 0 0 0 0 0 0 0 0 0 0 0 127 0\" result=\"hardAlpha\"\/><feOffset dy=\"4\"\/><feGaussianBlur stdDeviation=\"3.5\"\/><feComposite in2=\"hardAlpha\" operator=\"arithmetic\" k2=\"-1\" k3=\"1\"\/><feColorMatrix type=\"matrix\" values=\"0 0 0 0 0 0 0 0 0 0 0 0 0 0 0 0 0 0 0.25 0\"\/><feBlend mode=\"normal\" in2=\"shape\" result=\"effect1_innerShadow_3_226\"\/><\/filter><\/defs><\/svg>            <\/button>\n            <\/picture>\n<\/section>\n\n\n\n<h1 class=\"wp-block-heading\">EL PROGRAMA PARTNERS<\/h1>\n\n\n\n<p>Proyectado para proporcionar la valoraci\u00f3n y reconocimiento a los aliados (partners) S.I.N., el programa S.I.N. Partners se centra en el fortalecimiento de nuestra relaci\u00f3n, ofreci\u00e9ndole, al Cliente VIP, un canal de atenci\u00f3n exclusivo, con m\u00e1s agilidad y proximidad, a fin de atender sus necesidades y garantizar su satisfacci\u00f3n.<\/p>\n\n\n\n<div style=\"height:100px\" aria-hidden=\"true\" class=\"wp-block-spacer\"><\/div>\n\n\n\n<section class=\"single-product-variation\">\n    <picture class=\"hidden md:block box-border w-full h-screen relative\" style=\"background:url('https:\/\/sin2022.s3.us-west-2.amazonaws.com\/2023\/06\/Manifesto-Partners.png') ; background-size:cover; background-repeat: no-repeat; background-position: center;\">\n                <div class=\"absolute top-0 left-0 w-full h-full\" style=\"\">\n            <div class=\"px-g18 xl:px-9 pt-11 pb-32 lg:py-32 lg:max-w-[1440px] w-full h-full flex md:items-center mx-auto\">\n                <div class=\"w-full h-full flex\" style=\"justify-content: left; align-items: flex-start \">\n                <div class=\"md:max-w-[45%]\">\n                    <div class=\"wpcontent--innerblocks\">\n                                            <\/div>\n            \n                                    <\/div>\n                <\/div>\n            <\/div>\n        <\/div>\n    <\/picture>\n    \n    <picture class=\"block md:hidden box-border w-full max-lg:h-screen lg:h-screen relative\" style=\"background:url('https:\/\/sin2022.s3.us-west-2.amazonaws.com\/2023\/06\/Manifesto-Partners.png') ; background-size:cover; background-repeat: no-repeat; background-position: center;;\">\n                <div class=\"absolute top-0 left-0 w-full h-full\">\n            <div class=\"px-g18 xl:px-9 py-11 lg:max-w-[1440px] w-full h-full flex md:items-center mx-auto\">\n                <div class=\"w-full flex\" style=\"justify-content: flex-start\">\n                    <div class=\"w-full md:max-w-[45%]\">\n                        <div class=\"wpcontent--innerblocks\">\n                                                    <\/div>\n            \n                                            <\/div>\n                <\/div>\n            <\/div>\n        <\/div>\n        \n            <\/picture>\n<\/section>\n","protected":false},"excerpt":{"rendered":"EL PROGRAMA PARTNERS Proyectado para proporcionar la valoraci\u00f3n y reconocimiento a los aliados (partners) S.I.N., el programa S.I.N. Partners se centra en el fortalecimiento de nuestra relaci\u00f3n, ofreci\u00e9ndole, al Cliente VIP, un canal de atenci\u00f3n exclusivo, con m\u00e1s agilidad y proximidad, a fin de atender sus necesidades y garantizar su satisfacci\u00f3n.","protected":false},"author":3,"featured_media":0,"parent":0,"menu_order":0,"comment_status":"closed","ping_status":"closed","template":"","meta":{"_acf_changed":false,"inline_featured_image":false,"footnotes":""},"class_list":["post-10146","page","type-page","status-publish","hentry"],"acf":[],"yoast_head":"<!-- This site is optimized with the Yoast SEO plugin v27.2 - https:\/\/yoast.com\/product\/yoast-seo-wordpress\/ -->\n<title>Partners - S.I.N. Implant System Espanhol<\/title>\n<meta name=\"robots\" content=\"index, follow, max-snippet:-1, max-image-preview:large, max-video-preview:-1\" \/>\n<link rel=\"canonical\" href=\"https:\/\/sin.betas.visie.link\/es\/wp-json\/wp\/v2\/pages\/10146\/\" \/>\n<meta property=\"og:locale\" content=\"es_ES\" \/>\n<meta property=\"og:type\" content=\"article\" \/>\n<meta property=\"og:title\" content=\"Partners - S.I.N. Implant System Espanhol\" \/>\n<meta property=\"og:description\" content=\"EL PROGRAMA PARTNERS Proyectado para proporcionar la valoraci\u00f3n y reconocimiento a los aliados (partners) S.I.N., el programa S.I.N. Partners se centra en el fortalecimiento de nuestra relaci\u00f3n, ofreci\u00e9ndole, al Cliente VIP, un canal de atenci\u00f3n exclusivo, con m\u00e1s agilidad y proximidad, a fin de atender sus necesidades y garantizar su satisfacci\u00f3n.\" \/>\n<meta property=\"og:url\" content=\"https:\/\/sin.betas.visie.link\/es\/partners\/\" \/>\n<meta property=\"og:site_name\" content=\"S.I.N. Implant System Espanhol\" \/>\n<meta property=\"article:modified_time\" content=\"2024-05-14T13:35:41+00:00\" \/>\n<meta name=\"twitter:card\" content=\"summary_large_image\" \/>\n<meta name=\"twitter:label1\" content=\"Tiempo de lectura\" \/>\n\t<meta name=\"twitter:data1\" content=\"1 minuto\" \/>\n<script type=\"application\/ld+json\" class=\"yoast-schema-graph\">{\"@context\":\"https:\/\/schema.org\",\"@graph\":[{\"@type\":\"WebPage\",\"@id\":\"https:\/\/sin.betas.visie.link\/es\/partners\/\",\"url\":\"https:\/\/sin.betas.visie.link\/es\/partners\/\",\"name\":\"Partners - S.I.N. Implant System Espanhol\",\"isPartOf\":{\"@id\":\"https:\/\/sin.betas.visie.link\/es\/#website\"},\"datePublished\":\"2023-01-10T16:30:01+00:00\",\"dateModified\":\"2024-05-14T13:35:41+00:00\",\"breadcrumb\":{\"@id\":\"https:\/\/sin.betas.visie.link\/es\/partners\/#breadcrumb\"},\"inLanguage\":\"es\",\"potentialAction\":[{\"@type\":\"ReadAction\",\"target\":[\"https:\/\/sin.betas.visie.link\/es\/partners\/\"]}]},{\"@type\":\"BreadcrumbList\",\"@id\":\"https:\/\/sin.betas.visie.link\/es\/partners\/#breadcrumb\",\"itemListElement\":[{\"@type\":\"ListItem\",\"position\":1,\"name\":\"Portada\",\"item\":\"https:\/\/sin.betas.visie.link\/es\/\"},{\"@type\":\"ListItem\",\"position\":2,\"name\":\"Partners\"}]},{\"@type\":\"WebSite\",\"@id\":\"https:\/\/sin.betas.visie.link\/es\/#website\",\"url\":\"https:\/\/sin.betas.visie.link\/es\/\",\"name\":\"S.I.N. Implant System Espanhol\",\"description\":\"S\u00f3 mais um site SIN\",\"potentialAction\":[{\"@type\":\"SearchAction\",\"target\":{\"@type\":\"EntryPoint\",\"urlTemplate\":\"https:\/\/sin.betas.visie.link\/es\/?s={search_term_string}\"},\"query-input\":{\"@type\":\"PropertyValueSpecification\",\"valueRequired\":true,\"valueName\":\"search_term_string\"}}],\"inLanguage\":\"es\"}]}<\/script>\n<!-- \/ Yoast SEO plugin. -->","yoast_head_json":{"title":"Partners - S.I.N. Implant System Espanhol","robots":{"index":"index","follow":"follow","max-snippet":"max-snippet:-1","max-image-preview":"max-image-preview:large","max-video-preview":"max-video-preview:-1"},"canonical":"https:\/\/sin.betas.visie.link\/es\/wp-json\/wp\/v2\/pages\/10146\/","og_locale":"es_ES","og_type":"article","og_title":"Partners - S.I.N. Implant System Espanhol","og_description":"EL PROGRAMA PARTNERS Proyectado para proporcionar la valoraci\u00f3n y reconocimiento a los aliados (partners) S.I.N., el programa S.I.N. Partners se centra en el fortalecimiento de nuestra relaci\u00f3n, ofreci\u00e9ndole, al Cliente VIP, un canal de atenci\u00f3n exclusivo, con m\u00e1s agilidad y proximidad, a fin de atender sus necesidades y garantizar su satisfacci\u00f3n.","og_url":"https:\/\/sin.betas.visie.link\/es\/partners\/","og_site_name":"S.I.N. Implant System Espanhol","article_modified_time":"2024-05-14T13:35:41+00:00","twitter_card":"summary_large_image","twitter_misc":{"Tiempo de lectura":"1 minuto"},"schema":{"@context":"https:\/\/schema.org","@graph":[{"@type":"WebPage","@id":"https:\/\/sin.betas.visie.link\/es\/partners\/","url":"https:\/\/sin.betas.visie.link\/es\/partners\/","name":"Partners - S.I.N. Implant System Espanhol","isPartOf":{"@id":"https:\/\/sin.betas.visie.link\/es\/#website"},"datePublished":"2023-01-10T16:30:01+00:00","dateModified":"2024-05-14T13:35:41+00:00","breadcrumb":{"@id":"https:\/\/sin.betas.visie.link\/es\/partners\/#breadcrumb"},"inLanguage":"es","potentialAction":[{"@type":"ReadAction","target":["https:\/\/sin.betas.visie.link\/es\/partners\/"]}]},{"@type":"BreadcrumbList","@id":"https:\/\/sin.betas.visie.link\/es\/partners\/#breadcrumb","itemListElement":[{"@type":"ListItem","position":1,"name":"Portada","item":"https:\/\/sin.betas.visie.link\/es\/"},{"@type":"ListItem","position":2,"name":"Partners"}]},{"@type":"WebSite","@id":"https:\/\/sin.betas.visie.link\/es\/#website","url":"https:\/\/sin.betas.visie.link\/es\/","name":"S.I.N. Implant System Espanhol","description":"S\u00f3 mais um site SIN","potentialAction":[{"@type":"SearchAction","target":{"@type":"EntryPoint","urlTemplate":"https:\/\/sin.betas.visie.link\/es\/?s={search_term_string}"},"query-input":{"@type":"PropertyValueSpecification","valueRequired":true,"valueName":"search_term_string"}}],"inLanguage":"es"}]}},"_links":{"self":[{"href":"https:\/\/sin.betas.visie.link\/es\/wp-json\/wp\/v2\/pages\/10146","targetHints":{"allow":["GET"]}}],"collection":[{"href":"https:\/\/sin.betas.visie.link\/es\/wp-json\/wp\/v2\/pages"}],"about":[{"href":"https:\/\/sin.betas.visie.link\/es\/wp-json\/wp\/v2\/types\/page"}],"author":[{"embeddable":true,"href":"https:\/\/sin.betas.visie.link\/es\/wp-json\/wp\/v2\/users\/3"}],"replies":[{"embeddable":true,"href":"https:\/\/sin.betas.visie.link\/es\/wp-json\/wp\/v2\/comments?post=10146"}],"version-history":[{"count":4,"href":"https:\/\/sin.betas.visie.link\/es\/wp-json\/wp\/v2\/pages\/10146\/revisions"}],"predecessor-version":[{"id":26038,"href":"https:\/\/sin.betas.visie.link\/es\/wp-json\/wp\/v2\/pages\/10146\/revisions\/26038"}],"wp:attachment":[{"href":"https:\/\/sin.betas.visie.link\/es\/wp-json\/wp\/v2\/media?parent=10146"}],"curies":[{"name":"wp","href":"https:\/\/api.w.org\/{rel}","templated":true}]}}