{"id":10185,"date":"2023-01-10T13:52:19","date_gmt":"2023-01-10T16:52:19","guid":{"rendered":"http:\/\/sin.betas.visie.link\/?page_id=10185"},"modified":"2024-05-14T11:16:38","modified_gmt":"2024-05-14T14:16:38","slug":"ambassadors","status":"publish","type":"page","link":"https:\/\/sin.betas.visie.link\/es\/ambassadors\/","title":{"rendered":"Ambassadors"},"content":{"rendered":"\n<section class=\"single-product-variation\">\n    <picture class=\"hidden md:block box-border w-full h-screen relative\" style=\"background:url('https:\/\/sin2022.s3.us-west-2.amazonaws.com\/sites\/4\/2024\/05\/ambassadors.png') ; background-size:cover; background-repeat: no-repeat; background-position: center;\">\n                <div class=\"absolute top-0 left-0 w-full h-full\" style=\"background-color:rgba(0,0,0,0);\">\n            <div class=\"px-g18 xl:px-9 pt-11 pb-32 lg:py-32 lg:max-w-[1440px] w-full h-full flex md:items-center mx-auto\">\n                <div class=\"w-full h-full flex\" style=\"justify-content: right; align-items: center \">\n                <div class=\"md:max-w-[45%]\">\n                    <div class=\"wpcontent--innerblocks\">\n                        <p><img loading=\"lazy\" decoding=\"async\" class=\"alignnone wp-image-26031\" src=\"https:\/\/sin2022.s3.us-west-2.amazonaws.com\/2024\/05\/AMBASSADORS-logotipo-branco-e1715696183372.png\" alt=\"\" width=\"502\" height=\"122\" \/><\/p>\n<p style=\"text-align: left;\"><span style=\"color: #ffffff;\">Una red exclusiva de dentistas e investigadores dedicados a la innovaci\u00f3n y excelencia en Odontolog\u00eda.<\/span><\/p>\n<div id=\"urban-overlay\" style=\"left: -10px; top: -10px; width: 0px; height: 0px; text-align: left;\"><\/div>\n                    <\/div>\n            \n                                    <\/div>\n                <\/div>\n            <\/div>\n        <\/div>\n    <\/picture>\n    \n    <picture class=\"block md:hidden box-border w-full max-lg:h-screen lg:h-screen relative\" style=\"background:url('https:\/\/sin2022.s3.us-west-2.amazonaws.com\/sites\/4\/2024\/05\/mobileambassadors.png') ; background-size:cover; background-repeat: no-repeat; background-position: center;;\">\n                <div class=\"absolute top-0 left-0 w-full h-full\">\n            <div class=\"px-g18 xl:px-9 py-11 lg:max-w-[1440px] w-full h-full flex md:items-center mx-auto\">\n                <div class=\"w-full flex\" style=\"justify-content: center\">\n                    <div class=\"w-full md:max-w-[45%]\">\n                        <div class=\"wpcontent--innerblocks\">\n                            <p><img loading=\"lazy\" decoding=\"async\" class=\"alignnone wp-image-26031\" src=\"https:\/\/sin2022.s3.us-west-2.amazonaws.com\/2024\/05\/AMBASSADORS-logotipo-branco-e1715696183372.png\" alt=\"\" width=\"502\" height=\"122\" \/><\/p>\n<p style=\"text-align: left;\"><span style=\"color: #ffffff;\">Una red exclusiva de dentistas e investigadores dedicados a la innovaci\u00f3n y excelencia en Odontolog\u00eda.<\/span><\/p>\n<div id=\"urban-overlay\" style=\"left: -10px; top: -10px; width: 0px; height: 0px; text-align: left;\"><\/div>\n                        <\/div>\n            \n                                            <\/div>\n                <\/div>\n            <\/div>\n        <\/div>\n        \n                    <button class=\"-js-bannerbg-btn absolute lg:hidden w-[70px] bottom-4 left-[calc(50%-35px)] animate-bounce\">\n                <svg width=\"70\" height=\"70\" viewBox=\"0 0 70 70\" fill=\"none\" xmlns=\"http:\/\/www.w3.org\/2000\/svg\"><g filter=\"url(#filter0_i_3_226)\"><circle cx=\"35\" cy=\"35\" r=\"35\" fill=\"black\" fill-opacity=\"0.32\"\/><\/g><path d=\"M55 31L34 47L13 31\" stroke=\"white\" stroke-width=\"4\" stroke-linecap=\"round\" stroke-linejoin=\"round\"\/><defs><filter id=\"filter0_i_3_226\" x=\"0\" y=\"0\" width=\"70\" height=\"74\" filterUnits=\"userSpaceOnUse\" color-interpolation-filters=\"sRGB\"><feFlood flood-opacity=\"0\" result=\"BackgroundImageFix\"\/><feBlend mode=\"normal\" in=\"SourceGraphic\" in2=\"BackgroundImageFix\" result=\"shape\"\/><feColorMatrix in=\"SourceAlpha\" type=\"matrix\" values=\"0 0 0 0 0 0 0 0 0 0 0 0 0 0 0 0 0 0 127 0\" result=\"hardAlpha\"\/><feOffset dy=\"4\"\/><feGaussianBlur stdDeviation=\"3.5\"\/><feComposite in2=\"hardAlpha\" operator=\"arithmetic\" k2=\"-1\" k3=\"1\"\/><feColorMatrix type=\"matrix\" values=\"0 0 0 0 0 0 0 0 0 0 0 0 0 0 0 0 0 0 0.25 0\"\/><feBlend mode=\"normal\" in2=\"shape\" result=\"effect1_innerShadow_3_226\"\/><\/filter><\/defs><\/svg>            <\/button>\n            <\/picture>\n<\/section>\n\n\n\n<section style=\"background-color: #FFFFFF; background: url(#ffffff) no-repeat center center; padding-top: 90px; position: relative; background-size: cover;\">\n        <article class=\"relative w-full max-w-[1440px] xl:max-w-[59vw] mx-auto px-g18 xl:px-0 py-9 md:py-16\">\n        <div class=\"mb-8 wpcontent--innerblocks\">\n            <p><strong>CONOZCA EL PROGRAMA AMBASSADORS S.I.N.<\/strong><\/p>\n<p>&nbsp;<\/p>\n<p><strong>Ambassadors S.I.N.<\/strong> es una red exclusiva de dentistas e investigadores dedicados a la innovaci\u00f3n y excelencia en Odontolog\u00eda. Con el objetivo de construir una comunidad de expertos de renombre, los Ambassadors S.I.N. representan la esencia de la autoridad y dominio en Implantolog\u00eda, Ciencia, Soluciones Digitales y Sonrisas.<\/p>\n<p>&nbsp;<\/p>\n<p>La base de este programa radica en la comprensi\u00f3n de que cada sonrisa que creamos es una conexi\u00f3n humana significativa, y el verdadero diferenciador es su crecimiento org\u00e1nico. Creemos que a medida que nuestra comunidad crece, el impacto se multiplica, impulsando la evoluci\u00f3n de la Odontolog\u00eda.<\/p>\n<p>&nbsp;<\/p>\n<p>Ofrecemos una variedad de eventos y experiencias en colaboraci\u00f3n con nuestros Ambassadors, promoviendo el intercambio de conocimientos y la mejora continua de la pr\u00e1ctica odontol\u00f3gica.<\/p>\n<p>&nbsp;<\/p>\n<p>Juntos, formamos una constelaci\u00f3n brillante en la odontolog\u00eda, realzando la autoridad y el dominio que solo el Sistema de Implantes S.I.N. puede ofrecer.<\/p>\n<p>&nbsp;<\/p>\n<p><strong>DESCUBRA LA REUNI\u00d3N GLOBAL DE AMBASSADORS.<\/strong><\/p>\n<p>&nbsp;<\/p>\n<p>\u00a1Una experiencia que trasciende las expectativas m\u00e1s altas!<\/p>\n<p>&nbsp;<\/p>\n<p>La Reuni\u00f3n Global de Ambassadors re\u00fane a brillantes profesionales de la Odontolog\u00eda en un congreso bianual, centrado en la difusi\u00f3n del conocimiento cient\u00edfico, la discusi\u00f3n de tendencias y el perfeccionamiento de t\u00e9cnicas innovadoras.<\/p>\n<p>&nbsp;<\/p>\n<p>El GAM es una oportunidad \u00fanica para expandir conocimientos, ampliar redes y elevar la pr\u00e1ctica cl\u00ednica a nuevos niveles de excelencia.<\/p>\n<p>&nbsp;<\/p>\n<p>Su primera edici\u00f3n tuvo lugar en 2021, en Trancoso\/BA, y la segunda en Punta Cana, Rep\u00fablica Dominicana, en 2023. La pr\u00f3xima ser\u00e1 en 2025, y el lugar seguro que te sorprender\u00e1. La Reuni\u00f3n Global de Ambassadors es exclusiva para nuestros Ambassadors S.I.N.<\/p>\n<p><!-- \/wp:paragraph --><\/p>\n        <\/div>\n\n            <\/article>\n<\/section>\n\n\n<p class=\"has-text-align-center\"><strong>Descubre c\u00f3mo fue el Global Ambassadors Meeting 2023, realizado en Punta Cana:<\/strong><\/p>\n\n\n\n<figure class=\"wp-block-embed is-type-video is-provider-youtube wp-block-embed-youtube wp-embed-aspect-16-9 wp-has-aspect-ratio\"><div class=\"wp-block-embed__wrapper\">\n<iframe loading=\"lazy\" title=\"Global Ambassadors Meeting 2023 | S.I.N. Implant System (English)\" width=\"500\" height=\"281\" src=\"https:\/\/www.youtube.com\/embed\/exq_B3YOmJI?feature=oembed\" frameborder=\"0\" allow=\"accelerometer; autoplay; clipboard-write; encrypted-media; gyroscope; picture-in-picture; web-share\" referrerpolicy=\"strict-origin-when-cross-origin\" allowfullscreen><\/iframe>\n<\/div><\/figure>\n\n\n<pre class=\"hidden\">h2text-whiteh2<\/pre>\n\n    <article class=\"relative block w-full h-auto overflow-hidden box-border pl-0 pr-0\">\n                            <figure class=\"w-full h-full relative\">\n                \n                <img decoding=\"async\" class=\"hidden md:block w-full\" src=\"https:\/\/sin2022.s3.us-west-2.amazonaws.com\/2023\/06\/Manifesto-Ambassadors.png\" alt=\"\">\n                \n                            <\/figure>\n                        <button class=\"-js-banner-btn absolute md:hidden w-[70px] bottom-4 left-[calc(50%-35px)] animate-bounce\">\n            <svg width=\"70\" height=\"70\" viewBox=\"0 0 70 70\" fill=\"none\" xmlns=\"http:\/\/www.w3.org\/2000\/svg\"><g filter=\"url(#filter0_i_3_226)\"><circle cx=\"35\" cy=\"35\" r=\"35\" fill=\"black\" fill-opacity=\"0.32\"\/><\/g><path d=\"M55 31L34 47L13 31\" stroke=\"white\" stroke-width=\"4\" stroke-linecap=\"round\" stroke-linejoin=\"round\"\/><defs><filter id=\"filter0_i_3_226\" x=\"0\" y=\"0\" width=\"70\" height=\"74\" filterUnits=\"userSpaceOnUse\" color-interpolation-filters=\"sRGB\"><feFlood flood-opacity=\"0\" result=\"BackgroundImageFix\"\/><feBlend mode=\"normal\" in=\"SourceGraphic\" in2=\"BackgroundImageFix\" result=\"shape\"\/><feColorMatrix in=\"SourceAlpha\" type=\"matrix\" values=\"0 0 0 0 0 0 0 0 0 0 0 0 0 0 0 0 0 0 127 0\" result=\"hardAlpha\"\/><feOffset dy=\"4\"\/><feGaussianBlur stdDeviation=\"3.5\"\/><feComposite in2=\"hardAlpha\" operator=\"arithmetic\" k2=\"-1\" k3=\"1\"\/><feColorMatrix type=\"matrix\" values=\"0 0 0 0 0 0 0 0 0 0 0 0 0 0 0 0 0 0 0.25 0\"\/><feBlend mode=\"normal\" in2=\"shape\" result=\"effect1_innerShadow_3_226\"\/><\/filter><\/defs><\/svg>        <\/button>\n    <\/article>\n","protected":false},"excerpt":{"rendered":"Descubre c\u00f3mo fue el Global Ambassadors Meeting 2023, realizado en Punta Cana:","protected":false},"author":3,"featured_media":0,"parent":0,"menu_order":0,"comment_status":"closed","ping_status":"closed","template":"","meta":{"_acf_changed":false,"inline_featured_image":false,"footnotes":""},"class_list":["post-10185","page","type-page","status-publish","hentry"],"acf":[],"yoast_head":"<!-- This site is optimized with the Yoast SEO plugin v27.2 - https:\/\/yoast.com\/product\/yoast-seo-wordpress\/ -->\n<title>Ambassadors - S.I.N. Implant System Espanhol<\/title>\n<meta name=\"robots\" content=\"index, follow, max-snippet:-1, max-image-preview:large, max-video-preview:-1\" \/>\n<link rel=\"canonical\" href=\"https:\/\/sin.betas.visie.link\/es\/wp-json\/wp\/v2\/pages\/10185\/\" \/>\n<meta property=\"og:locale\" content=\"es_ES\" \/>\n<meta property=\"og:type\" content=\"article\" \/>\n<meta property=\"og:title\" content=\"Ambassadors - S.I.N. Implant System Espanhol\" \/>\n<meta property=\"og:description\" content=\"Descubre c\u00f3mo fue el Global Ambassadors Meeting 2023, realizado en Punta Cana:\" \/>\n<meta property=\"og:url\" content=\"https:\/\/sin.betas.visie.link\/es\/ambassadors\/\" \/>\n<meta property=\"og:site_name\" content=\"S.I.N. Implant System Espanhol\" \/>\n<meta property=\"article:modified_time\" content=\"2024-05-14T14:16:38+00:00\" \/>\n<meta name=\"twitter:card\" content=\"summary_large_image\" \/>\n<meta name=\"twitter:label1\" content=\"Tiempo de lectura\" \/>\n\t<meta name=\"twitter:data1\" content=\"1 minuto\" \/>\n<script type=\"application\/ld+json\" class=\"yoast-schema-graph\">{\"@context\":\"https:\/\/schema.org\",\"@graph\":[{\"@type\":\"WebPage\",\"@id\":\"https:\/\/sin.betas.visie.link\/es\/ambassadors\/\",\"url\":\"https:\/\/sin.betas.visie.link\/es\/ambassadors\/\",\"name\":\"Ambassadors - S.I.N. Implant System Espanhol\",\"isPartOf\":{\"@id\":\"https:\/\/sin.betas.visie.link\/es\/#website\"},\"datePublished\":\"2023-01-10T16:52:19+00:00\",\"dateModified\":\"2024-05-14T14:16:38+00:00\",\"breadcrumb\":{\"@id\":\"https:\/\/sin.betas.visie.link\/es\/ambassadors\/#breadcrumb\"},\"inLanguage\":\"es\",\"potentialAction\":[{\"@type\":\"ReadAction\",\"target\":[\"https:\/\/sin.betas.visie.link\/es\/ambassadors\/\"]}]},{\"@type\":\"BreadcrumbList\",\"@id\":\"https:\/\/sin.betas.visie.link\/es\/ambassadors\/#breadcrumb\",\"itemListElement\":[{\"@type\":\"ListItem\",\"position\":1,\"name\":\"Portada\",\"item\":\"https:\/\/sin.betas.visie.link\/es\/\"},{\"@type\":\"ListItem\",\"position\":2,\"name\":\"Ambassadors\"}]},{\"@type\":\"WebSite\",\"@id\":\"https:\/\/sin.betas.visie.link\/es\/#website\",\"url\":\"https:\/\/sin.betas.visie.link\/es\/\",\"name\":\"S.I.N. Implant System Espanhol\",\"description\":\"S\u00f3 mais um site SIN\",\"potentialAction\":[{\"@type\":\"SearchAction\",\"target\":{\"@type\":\"EntryPoint\",\"urlTemplate\":\"https:\/\/sin.betas.visie.link\/es\/?s={search_term_string}\"},\"query-input\":{\"@type\":\"PropertyValueSpecification\",\"valueRequired\":true,\"valueName\":\"search_term_string\"}}],\"inLanguage\":\"es\"}]}<\/script>\n<!-- \/ Yoast SEO plugin. -->","yoast_head_json":{"title":"Ambassadors - S.I.N. Implant System Espanhol","robots":{"index":"index","follow":"follow","max-snippet":"max-snippet:-1","max-image-preview":"max-image-preview:large","max-video-preview":"max-video-preview:-1"},"canonical":"https:\/\/sin.betas.visie.link\/es\/wp-json\/wp\/v2\/pages\/10185\/","og_locale":"es_ES","og_type":"article","og_title":"Ambassadors - S.I.N. Implant System Espanhol","og_description":"Descubre c\u00f3mo fue el Global Ambassadors Meeting 2023, realizado en Punta Cana:","og_url":"https:\/\/sin.betas.visie.link\/es\/ambassadors\/","og_site_name":"S.I.N. Implant System Espanhol","article_modified_time":"2024-05-14T14:16:38+00:00","twitter_card":"summary_large_image","twitter_misc":{"Tiempo de lectura":"1 minuto"},"schema":{"@context":"https:\/\/schema.org","@graph":[{"@type":"WebPage","@id":"https:\/\/sin.betas.visie.link\/es\/ambassadors\/","url":"https:\/\/sin.betas.visie.link\/es\/ambassadors\/","name":"Ambassadors - S.I.N. Implant System Espanhol","isPartOf":{"@id":"https:\/\/sin.betas.visie.link\/es\/#website"},"datePublished":"2023-01-10T16:52:19+00:00","dateModified":"2024-05-14T14:16:38+00:00","breadcrumb":{"@id":"https:\/\/sin.betas.visie.link\/es\/ambassadors\/#breadcrumb"},"inLanguage":"es","potentialAction":[{"@type":"ReadAction","target":["https:\/\/sin.betas.visie.link\/es\/ambassadors\/"]}]},{"@type":"BreadcrumbList","@id":"https:\/\/sin.betas.visie.link\/es\/ambassadors\/#breadcrumb","itemListElement":[{"@type":"ListItem","position":1,"name":"Portada","item":"https:\/\/sin.betas.visie.link\/es\/"},{"@type":"ListItem","position":2,"name":"Ambassadors"}]},{"@type":"WebSite","@id":"https:\/\/sin.betas.visie.link\/es\/#website","url":"https:\/\/sin.betas.visie.link\/es\/","name":"S.I.N. Implant System Espanhol","description":"S\u00f3 mais um site SIN","potentialAction":[{"@type":"SearchAction","target":{"@type":"EntryPoint","urlTemplate":"https:\/\/sin.betas.visie.link\/es\/?s={search_term_string}"},"query-input":{"@type":"PropertyValueSpecification","valueRequired":true,"valueName":"search_term_string"}}],"inLanguage":"es"}]}},"_links":{"self":[{"href":"https:\/\/sin.betas.visie.link\/es\/wp-json\/wp\/v2\/pages\/10185","targetHints":{"allow":["GET"]}}],"collection":[{"href":"https:\/\/sin.betas.visie.link\/es\/wp-json\/wp\/v2\/pages"}],"about":[{"href":"https:\/\/sin.betas.visie.link\/es\/wp-json\/wp\/v2\/types\/page"}],"author":[{"embeddable":true,"href":"https:\/\/sin.betas.visie.link\/es\/wp-json\/wp\/v2\/users\/3"}],"replies":[{"embeddable":true,"href":"https:\/\/sin.betas.visie.link\/es\/wp-json\/wp\/v2\/comments?post=10185"}],"version-history":[{"count":14,"href":"https:\/\/sin.betas.visie.link\/es\/wp-json\/wp\/v2\/pages\/10185\/revisions"}],"predecessor-version":[{"id":26041,"href":"https:\/\/sin.betas.visie.link\/es\/wp-json\/wp\/v2\/pages\/10185\/revisions\/26041"}],"wp:attachment":[{"href":"https:\/\/sin.betas.visie.link\/es\/wp-json\/wp\/v2\/media?parent=10185"}],"curies":[{"name":"wp","href":"https:\/\/api.w.org\/{rel}","templated":true}]}}