{"id":2,"date":"2022-03-09T15:39:16","date_gmt":"2022-03-09T18:39:16","guid":{"rendered":"http:\/\/sin.betas.visie.link\/?page_id=2"},"modified":"2024-03-28T12:15:45","modified_gmt":"2024-03-28T15:15:45","slug":"home","status":"publish","type":"page","link":"https:\/\/sin.betas.visie.link\/es\/","title":{"rendered":"Home"},"content":{"rendered":"\n    <section class=\"w-full h-screen relative\" style=\"background: black \">\n        <video class=\"hidden md:block w-full h-full object-cover\" autoplay muted loop >\n                                        <source src=\"https:\/\/sin2022.s3.us-west-2.amazonaws.com\/2023%2F03%2FNHl8IWko-0518_Epikut-v6_semlettering_reduzido.mp4\" type=\"video\/mp4\">\n                                <\/video>\n        <video class=\"md:hidden w-full h-full object-cover\" autoplay muted loop >\n                                        <source src=\"https:\/\/sin2022.s3.us-west-2.amazonaws.com\/2023%2F03%2FNHl8IWko-0518_Epikut-v6_semlettering_reduzido.mp4\" type=\"video\/mp4\">\n                                <\/video>\n     \n    \n        <div class=\"absolute top-0 left-0 w-full h-full bg-black\/80\">\n            <div class=\"px-g18 py-28 xl:px-9 lg:max-w-[1440px] w-full h-full flex flex-col mx-auto justify-center items-center\">\n                <div class=\"wpcontent--typo-only text-white mb-8 lg:mb-15 text-center\">\n                    <h1>SOLUCIONES INNOVADORAS EN IMPLANTODONCIA<\/h1>\n                <\/div>\n                                    <div class=\"flex flex-wrap justify-center max-lg:gap-5\">\n                                                                                    <a \n                                    href=\"https:\/\/sin.betas.visie.link\/es\/linea-producto\/\" \n                                    class=\"last:m-0 lg:mr-15 btn--no-shadow text-white border border-white\"\n                                    target=\"\"\n                                >\n                                    Implantes Dentales                                <\/a>\n                                                                                                                <a \n                                    href=\"https:\/\/sin.betas.visie.link\/es\/sinonboard\/\" \n                                    class=\"last:m-0 lg:mr-15 btn--no-shadow text-white border border-white\"\n                                    target=\"\"\n                                >\n                                    S.I.N. OnBoard                                <\/a>\n                                                                        <\/div>\n                            <\/div>\n        <\/div>\n        \n                    <button class=\"-js-banner-btn absolute w-[70px] bottom-4 left-[calc(50%-35px)] animate-bounce\">\n                <svg width=\"70\" height=\"70\" viewBox=\"0 0 70 70\" fill=\"none\" xmlns=\"http:\/\/www.w3.org\/2000\/svg\"><g filter=\"url(#filter0_i_3_226)\"><circle cx=\"35\" cy=\"35\" r=\"35\" fill=\"black\" fill-opacity=\"0.32\"\/><\/g><path d=\"M55 31L34 47L13 31\" stroke=\"white\" stroke-width=\"4\" stroke-linecap=\"round\" stroke-linejoin=\"round\"\/><defs><filter id=\"filter0_i_3_226\" x=\"0\" y=\"0\" width=\"70\" height=\"74\" filterUnits=\"userSpaceOnUse\" color-interpolation-filters=\"sRGB\"><feFlood flood-opacity=\"0\" result=\"BackgroundImageFix\"\/><feBlend mode=\"normal\" in=\"SourceGraphic\" in2=\"BackgroundImageFix\" result=\"shape\"\/><feColorMatrix in=\"SourceAlpha\" type=\"matrix\" values=\"0 0 0 0 0 0 0 0 0 0 0 0 0 0 0 0 0 0 127 0\" result=\"hardAlpha\"\/><feOffset dy=\"4\"\/><feGaussianBlur stdDeviation=\"3.5\"\/><feComposite in2=\"hardAlpha\" operator=\"arithmetic\" k2=\"-1\" k3=\"1\"\/><feColorMatrix type=\"matrix\" values=\"0 0 0 0 0 0 0 0 0 0 0 0 0 0 0 0 0 0 0.25 0\"\/><feBlend mode=\"normal\" in2=\"shape\" result=\"effect1_innerShadow_3_226\"\/><\/filter><\/defs><\/svg>            <\/button>\n            <\/section>\n\n\n\n<section style=\"background-color: #FFFFFF; background: url(#ffffff) no-repeat center center; padding-top: 90px; position: relative; background-size: cover;\">\n        <article class=\"relative w-full max-w-[1440px] xl:max-w-[59vw] mx-auto px-g18 xl:px-0 py-9 md:py-16\">\n        <div class=\"mb-8 wpcontent--innerblocks\">\n            <h2>LA S.I.N. IMPLANT SYSTEM OFRECE SOLUCIONES CON ALTA TECNOLOG\u00cdA, INNOVACI\u00d3N Y CALIDAD, DISE\u00d1ADAS PARA SATISFACER TODAS LAS NECESIDADES DE LA PR\u00c1CTICA ODONTOL\u00d3GICA.<\/h2>\n<p>&nbsp;<\/p>\n<p>Explore los detalles de las soluciones m\u00e1s avanzadas y de alta precisi\u00f3n. La S.I.N. Implant System ofrece una amplia variedad de soluciones en su cat\u00e1logo, priorizando la ciencia y la excelencia. Descubre lo mejor y m\u00e1s actual en Implantolog\u00eda, la combinaci\u00f3n perfecta para la generaci\u00f3n de nuevas sonrisas.<\/p>\n        <\/div>\n\n                    <div class=\"flex\" style=\"justify-content: left;\">\n                                                            <a class=\"-js-smoth-scroll inline-block px-3 py-2 lg:py-3 lg:px-9 w-max rounded-lg font-allerlight border text-center text-p7 md:text-p6 mr-2 mb-3 md:mr-4 md:mb-4 last:mr-0 lg:hover:shadow-lg lg:hover:scale-105 transition-all duration-300\" href=\"https:\/\/sin.betas.visie.link\/es\/conozca-cual-es-su-implante-ideal\/\" style=\"\n                            background-color: #ef8c07;\n                            color: #ffffff;\n                            border-color: #EF8C07;\n                        \">\n                            Descubre tu implante ideal                        <\/a>\n                                                                                <a class=\"-js-smoth-scroll inline-block px-3 py-2 lg:py-3 lg:px-9 w-max rounded-lg font-allerlight border text-center text-p7 md:text-p6 mr-2 mb-3 md:mr-4 md:mb-4 last:mr-0 lg:hover:shadow-lg lg:hover:scale-105 transition-all duration-300\" href=\"https:\/\/sin.betas.visie.link\/es\/linha-produto\/\" style=\"\n                            background-color: ;\n                            color: #ef8c07;\n                            border-color: #EF8C07;\n                        \">\n                            Explora nuestras soluciones                        <\/a>\n                                                <\/div>\n            <\/article>\n<\/section>\n\n    <section class=\"w-full mx-auto px-g18 xl:px-0 overflow-hidden\">\n                    <div class=\"w-full max-w-[1440px] xl:px-9 mx-auto flex justify-between items-center mt-24 mb-9 xl:mb-15\">\n                <h2 class=\"font-aller text-t7 xl:text-t5 uppercase\">Descubre las soluciones de S.I.N. Implant System.<\/h2>\n                            <\/div>\n                <div class=\"-js-sin-scroll relative max-w-[1440px] xl:px-9 max-lg:overflow-auto mx-auto h-max max-lg:scrollbar-thin max-lg:scrollbar-thumb-orange-tangerine max-lg:scrollbar-track-gray-300\">\n            <ul class=\"-js-scroll-cards flex flex-nowrap mb-8 lg:mb-0 w-fit mx-auto\">\n                \n    <li class=\"inline-block min-w-[335px] w-[335px] p-[10px] items-center overflow-hidden group\">\n        <a class=\"w-full h-full\" href=\"https:\/\/sin.betas.visie.link\/es\/linea-producto\/epikut\/\">\n                            <figure class=\"w-full h-96 overflow-hidden p-4 rounded-3xl flex justify-center items-center lg:brightness-75 lg:group-hover:brightness-100 transition-[filter] duration-500 ease-in-out\" style=\"background: url(https:\/\/sin2022.s3.us-west-2.amazonaws.com\/2023\/06\/Item-01-3.png) no-repeat; background-size:cover;\">\n                    <img decoding=\"async\" class=\"w-full h-full object-contain group-hover:scale-[1.15] transition-transform ease-in-out duration-500\" src=\"https:\/\/sin2022.s3.us-west-2.amazonaws.com\/2023\/06\/menu-epikut2.png\" alt=\"Produto da linha EPIKUT\">\n                <\/figure>\n                        <h3 class=\"font-allerlight text-p4.25 uppercase mx-4 mt-3\">EPIKUT<\/h3>\n            <p class=\"font-allerlight text-p5 group-hover:underline mx-4\">M\u00e1s informaci\u00f3n<\/p>\n        <\/a>\n    <\/li>\n    <li class=\"inline-block min-w-[335px] w-[335px] p-[10px] items-center overflow-hidden group\">\n        <a class=\"w-full h-full\" href=\"https:\/\/sin.betas.visie.link\/es\/linea-producto\/unitite\/\">\n                            <figure class=\"w-full h-96 overflow-hidden p-4 rounded-3xl flex justify-center items-center lg:brightness-75 lg:group-hover:brightness-100 transition-[filter] duration-500 ease-in-out\" style=\"background: url(https:\/\/sin2022.s3.us-west-2.amazonaws.com\/2023\/06\/Fundo-Unitite_Prancheta-1.png) no-repeat; background-size:cover;\">\n                    <img decoding=\"async\" class=\"w-full h-full object-contain group-hover:scale-[1.15] transition-transform ease-in-out duration-500\" src=\"https:\/\/sin2022.s3.us-west-2.amazonaws.com\/2023\/06\/menu-unitite2.png\" alt=\"Produto da linha UNITITE\">\n                <\/figure>\n                        <h3 class=\"font-allerlight text-p4.25 uppercase mx-4 mt-3\">UNITITE<\/h3>\n            <p class=\"font-allerlight text-p5 group-hover:underline mx-4\">M\u00e1s informaci\u00f3n<\/p>\n        <\/a>\n    <\/li>\n    <li class=\"inline-block min-w-[335px] w-[335px] p-[10px] items-center overflow-hidden group\">\n        <a class=\"w-full h-full\" href=\"https:\/\/sin.betas.visie.link\/es\/linea-producto\/strongsw\/\">\n                            <figure class=\"w-full h-96 overflow-hidden p-4 rounded-3xl flex justify-center items-center lg:brightness-75 lg:group-hover:brightness-100 transition-[filter] duration-500 ease-in-out\" style=\"background: url(https:\/\/sin2022.s3.us-west-2.amazonaws.com\/2023\/06\/Fundo-SW_Prancheta-1.png) no-repeat; background-size:cover;\">\n                    <img decoding=\"async\" class=\"w-full h-full object-contain group-hover:scale-[1.15] transition-transform ease-in-out duration-500\" src=\"https:\/\/sin2022.s3.us-west-2.amazonaws.com\/2023\/06\/menu-sw2.png\" alt=\"Produto da linha Strong SW\">\n                <\/figure>\n                        <h3 class=\"font-allerlight text-p4.25 uppercase mx-4 mt-3\">Strong SW<\/h3>\n            <p class=\"font-allerlight text-p5 group-hover:underline mx-4\">M\u00e1s informaci\u00f3n<\/p>\n        <\/a>\n    <\/li>\n    <li class=\"inline-block min-w-[335px] w-[335px] p-[10px] items-center overflow-hidden group\">\n        <a class=\"w-full h-full\" href=\"https:\/\/sin.betas.visie.link\/es\/linea-producto\/tryon\/\">\n                            <figure class=\"w-full h-96 overflow-hidden p-4 rounded-3xl flex justify-center items-center lg:brightness-75 lg:group-hover:brightness-100 transition-[filter] duration-500 ease-in-out\" style=\"background: url(https:\/\/sin2022.s3.us-west-2.amazonaws.com\/2023\/06\/Fundo-Tryon_Prancheta-1.png) no-repeat; background-size:cover;\">\n                    <img decoding=\"async\" class=\"w-full h-full object-contain group-hover:scale-[1.15] transition-transform ease-in-out duration-500\" src=\"https:\/\/sin2022.s3.us-west-2.amazonaws.com\/2023\/06\/menu-tryon2.png\" alt=\"Produto da linha TRYON\">\n                <\/figure>\n                        <h3 class=\"font-allerlight text-p4.25 uppercase mx-4 mt-3\">TRYON<\/h3>\n            <p class=\"font-allerlight text-p5 group-hover:underline mx-4\">M\u00e1s informaci\u00f3n<\/p>\n        <\/a>\n    <\/li>\n    <li class=\"inline-block min-w-[335px] w-[335px] p-[10px] items-center overflow-hidden group\">\n        <a class=\"w-full h-full\" href=\"https:\/\/sin.betas.visie.link\/es\/linea-producto\/zigomatico\/\">\n                            <figure class=\"w-full h-96 overflow-hidden p-4 rounded-3xl flex justify-center items-center lg:brightness-75 lg:group-hover:brightness-100 transition-[filter] duration-500 ease-in-out\" style=\"background: url(https:\/\/sin2022.s3.us-west-2.amazonaws.com\/2023\/06\/Fundo-Zigomatico_Prancheta-1.png) no-repeat; background-size:cover;\">\n                    <img decoding=\"async\" class=\"w-full h-full object-contain group-hover:scale-[1.15] transition-transform ease-in-out duration-500\" src=\"https:\/\/sin2022.s3.us-west-2.amazonaws.com\/2023\/06\/menu-zig2.png\" alt=\"Produto da linha ZyGOMATIC\">\n                <\/figure>\n                        <h3 class=\"font-allerlight text-p4.25 uppercase mx-4 mt-3\">ZyGOMATIC<\/h3>\n            <p class=\"font-allerlight text-p5 group-hover:underline mx-4\">M\u00e1s informaci\u00f3n<\/p>\n        <\/a>\n    <\/li>\n    <li class=\"inline-block min-w-[335px] w-[335px] p-[10px] items-center overflow-hidden group\">\n        <a class=\"w-full h-full\" href=\"https:\/\/sin.betas.visie.link\/es\/linea-producto\/duotech-cadcam\/\">\n                            <figure class=\"w-full h-96 overflow-hidden p-4 rounded-3xl flex justify-center items-center lg:brightness-75 lg:group-hover:brightness-100 transition-[filter] duration-500 ease-in-out\" style=\"background: url(https:\/\/sin2022.s3.us-west-2.amazonaws.com\/2023\/06\/Fundo-Duo_Prancheta-1.png) no-repeat; background-size:cover;\">\n                    <img decoding=\"async\" class=\"w-full h-full object-contain group-hover:scale-[1.15] transition-transform ease-in-out duration-500\" src=\"https:\/\/sin2022.s3.us-west-2.amazonaws.com\/2023\/06\/menu-duo2.png\" alt=\"Produto da linha DUOTECH\">\n                <\/figure>\n                        <h3 class=\"font-allerlight text-p4.25 uppercase mx-4 mt-3\">DUOTECH<\/h3>\n            <p class=\"font-allerlight text-p5 group-hover:underline mx-4\">Explore m\u00e1s<\/p>\n        <\/a>\n    <\/li>\n    <li class=\"inline-block min-w-[335px] w-[335px] p-[10px] items-center overflow-hidden group\">\n        <a class=\"w-full h-full\" href=\"https:\/\/sin.betas.visie.link\/es\/linea-producto\/guided-surgery\/\">\n                            <figure class=\"w-full h-96 overflow-hidden p-4 rounded-3xl flex justify-center items-center lg:brightness-75 lg:group-hover:brightness-100 transition-[filter] duration-500 ease-in-out\" style=\"background: url(https:\/\/sin2022.s3.us-west-2.amazonaws.com\/2023\/06\/GUIDE-BACKGROUND.png) no-repeat; background-size:cover;\">\n                    <img decoding=\"async\" class=\"w-full h-full object-contain group-hover:scale-[1.15] transition-transform ease-in-out duration-500\" src=\"https:\/\/sin2022.s3.us-west-2.amazonaws.com\/2023\/06\/menu-guided2.png\" alt=\"Produto da linha GUIDED SURGERY\">\n                <\/figure>\n                        <h3 class=\"font-allerlight text-p4.25 uppercase mx-4 mt-3\">GUIDED SURGERY<\/h3>\n            <p class=\"font-allerlight text-p5 group-hover:underline mx-4\">M\u00e1s informaci\u00f3n<\/p>\n        <\/a>\n    <\/li>\n \n                   <\/ul>\n\n            <div class=\"hidden lg:block mx-auto -js-scroll-rail custom-scrollbar mt-9 mb-15 lg:mb-24 bg-transparent w-full overflow-auto\">\n                <div class=\"-js-scroll-guide h-1 bg-transparent\"><\/div>\n            <\/div>\n        <\/div>\n\n                    <a class=\"mx-auto mt-9 mb-16 lg:mb-24 block py-3 px-9 w-max rounded-lg font-allerlight text-center text-p5 lg:hover:shadow-lg lg:hover:scale-105 transition-all duration-300\" href=\"https:\/\/sin.betas.visie.link\/es\/conozca-cual-es-su-implante-ideal\/\" style=\"background-color: #EF8C07; color: #ffffff;\" target=\"\">\n                Descubra su Implante Ideal            <\/a>\n            <\/section>\n \n\n\n<section  class=\"w-full h-screen relative\">\n                        <video class=\"hidden md:block w-full h-full object-cover\" autoplay muted loop playsinline >\n                                                    <source src=\"https:\/\/sin2022.s3.us-west-2.amazonaws.com\/2022%2F12%2FSorrisosQueGeramSorrisos_R02.mp4\" type=\"video\/mp4\">\n                                            <\/video>\n            <video class=\"md:hidden w-full h-full object-cover\" autoplay muted loop playsinline  >\n                                                    <source src=\"https:\/\/sin2022.s3.us-west-2.amazonaws.com\/2022%2F12%2FSorrisosQueGeramSorrisos1Min_SemMosca_R01.mp4\" type=\"video\/mp4\">\n                                            <\/video>\n                            <div class=\"absolute top-0 left-0 w-full h-full\" style=\"background: rgba(0,0,0,0.4);\">\n                <div class=\"px-g18 py-28 xl:px-9 lg:max-w-[1440px] w-full h-full flex mx-auto\" style=\"align-items: center; justify-content: center;\">\n                    <div>\n                        <h3 class='text-white font-aller text-t5 leading-9 md:text-t2 md:leading-[3.5rem] drop-shadow-text'>Prop\u00f3sito S.I.N.<\/h3>                                                    <a \n                                style=\"\n                                    background-color: #f18700; \n                                    color: #fff;\n                                    border: 1px solid #f18700;\n                                \"\n                                class=\"mt-9 block py-3 px-9 w-max rounded-lg font-allerlight text-center text-p6 lg:hover:shadow-lg lg:hover:scale-105 transition-all duration-300\" \n                                href=\"https:\/\/www.youtube.com\/watch?v=4ZIEXV_-HGY\"\n                            >\n                                \u00a1Conozca!                        <\/a>\n                                            <\/div>\n                <\/div>\n            <\/div>\n                \n    <\/section>\n \n\n\n\n\n<section  class=\"w-full h-screen relative\">\n                        <video class=\"hidden md:block w-full h-full object-cover\" autoplay muted loop playsinline >\n                                                    <source src=\"https:\/\/sin2022.s3.us-west-2.amazonaws.com\/2023\/03\/3RFjFJ6w-Design-sem-nome-2.mp4\" type=\"video\/mp4\">\n                                            <\/video>\n            <video class=\"md:hidden w-full h-full object-cover\" autoplay muted loop playsinline  >\n                                                    <source src=\"https:\/\/sin2022.s3.us-west-2.amazonaws.com\/2023\/03\/3RFjFJ6w-Design-sem-nome-2.mp4\" type=\"video\/mp4\">\n                                            <\/video>\n                            <div class=\"absolute top-0 left-0 w-full h-full\" style=\"background: rgba(0,0,0,0.51);\">\n                <div class=\"px-g18 py-28 xl:px-9 lg:max-w-[1440px] w-full h-full flex mx-auto\" style=\"align-items: center; justify-content: center;\">\n                    <div>\n                        <h2 class='text-white font-aller text-t5 leading-9 md:text-t2 md:leading-[3.5rem] drop-shadow-text'>\u00bfTiene alguna duda?<\/h2>                                                    <a \n                                style=\"\n                                    background-color: #f18700; \n                                    color: #fff;\n                                    border: 1px solid #f18700;\n                                \"\n                                class=\"mt-9 block py-3 px-9 w-max rounded-lg font-allerlight text-center text-p6 lg:hover:shadow-lg lg:hover:scale-105 transition-all duration-300\" \n                                href=\"https:\/\/sin.betas.visie.link\/es\/fale-conosco\/\"\n                            >\n                                CONT\u00c1CTENOS                        <\/a>\n                                            <\/div>\n                <\/div>\n            <\/div>\n                \n    <\/section>\n \n\n\n\n\n \n\n            <section class=\"box-border block w-full h-auto overflow-hidden\" style=\"background:url(https:\/\/sin2022.s3.us-west-2.amazonaws.com\/2023\/06\/SbjFKGJ7-Design-sem-nome-5.png) ; background-size:cover; background-repeat: no-repeat;\">\n        <div class=\"w-full px-g18 xl:px-9 my-16 lg:my-24\">\n        <div class=\"max-w-[1130px] mx-auto flex\">\n            <div class=\"w-full justify-center\">\n                <div class=\"wpcontent--innerblocks flex flex-col\">\n                    <h2><span style=\"color: #ffffff;\"><img loading=\"lazy\" decoding=\"async\" class=\"size-medium wp-image-8978 aligncenter\" src=\"https:\/\/sin2022.s3.us-west-2.amazonaws.com\/2023\/06\/Logo-Implantat_-CINZA-2-300x169.png\" alt=\"\" width=\"300\" height=\"169\" srcset=\"https:\/\/sin2022.s3.us-west-2.amazonaws.com\/2023\/06\/Logo-Implantat_-CINZA-2-300x169.png 300w, https:\/\/sin2022.s3.us-west-2.amazonaws.com\/2023\/06\/Logo-Implantat_-CINZA-2-1024x576.png 1024w, https:\/\/sin2022.s3.us-west-2.amazonaws.com\/2023\/06\/Logo-Implantat_-CINZA-2-768x432.png 768w, https:\/\/sin2022.s3.us-west-2.amazonaws.com\/2023\/06\/Logo-Implantat_-CINZA-2-1536x864.png 1536w, https:\/\/sin2022.s3.us-west-2.amazonaws.com\/2023\/06\/Logo-Implantat_-CINZA-2-2048x1152.png 2048w\" sizes=\"auto, (max-width: 300px) 100vw, 300px\" \/><\/span><\/h2>\n<h2 style=\"text-align: center;\"><span style=\"color: #ffffff;\">Habitat Educacional de S.I.N. Implant System<\/span><\/h2>\n                <\/div>\n        \n                                    <a class=\"button block mx-auto w-max mt-8\" href=\"https:\/\/implantat.com.es\/hf\/login\" target=\"\"\n                    style=\"background-color: #df570b; color: #FFFFFF;\">\n                        CURSOS DISPONIBLES                    <\/a>\n                            <\/div>\n        <\/div>\n    <\/div>\n    <\/section>\n\n","protected":false},"excerpt":{"rendered":"","protected":false},"author":3,"featured_media":0,"parent":0,"menu_order":0,"comment_status":"closed","ping_status":"open","template":"","meta":{"_acf_changed":false,"inline_featured_image":false,"footnotes":""},"class_list":["post-2","page","type-page","status-publish","hentry"],"acf":[],"yoast_head":"<!-- This site is optimized with the Yoast SEO plugin v27.2 - https:\/\/yoast.com\/product\/yoast-seo-wordpress\/ -->\n<title>Home - S.I.N. Implant System Espanhol<\/title>\n<meta name=\"robots\" content=\"index, follow, max-snippet:-1, max-image-preview:large, max-video-preview:-1\" \/>\n<link rel=\"canonical\" href=\"https:\/\/sin.betas.visie.link\/es\/wp-json\/wp\/v2\/pages\/2\/\" \/>\n<meta property=\"og:locale\" content=\"es_ES\" \/>\n<meta property=\"og:type\" content=\"article\" \/>\n<meta property=\"og:title\" content=\"Home - S.I.N. Implant System Espanhol\" \/>\n<meta property=\"og:url\" content=\"https:\/\/sin.betas.visie.link\/es\/\" \/>\n<meta property=\"og:site_name\" content=\"S.I.N. Implant System Espanhol\" \/>\n<meta property=\"article:modified_time\" content=\"2024-03-28T15:15:45+00:00\" \/>\n<meta name=\"twitter:card\" content=\"summary_large_image\" \/>\n<script type=\"application\/ld+json\" class=\"yoast-schema-graph\">{\"@context\":\"https:\/\/schema.org\",\"@graph\":[{\"@type\":\"WebPage\",\"@id\":\"https:\/\/sin.betas.visie.link\/es\/\",\"url\":\"https:\/\/sin.betas.visie.link\/es\/\",\"name\":\"Home - S.I.N. Implant System Espanhol\",\"isPartOf\":{\"@id\":\"https:\/\/sin.betas.visie.link\/es\/#website\"},\"datePublished\":\"2022-03-09T18:39:16+00:00\",\"dateModified\":\"2024-03-28T15:15:45+00:00\",\"breadcrumb\":{\"@id\":\"https:\/\/sin.betas.visie.link\/es\/#breadcrumb\"},\"inLanguage\":\"es\",\"potentialAction\":[{\"@type\":\"ReadAction\",\"target\":[\"https:\/\/sin.betas.visie.link\/es\/\"]}]},{\"@type\":\"BreadcrumbList\",\"@id\":\"https:\/\/sin.betas.visie.link\/es\/#breadcrumb\",\"itemListElement\":[{\"@type\":\"ListItem\",\"position\":1,\"name\":\"Portada\",\"item\":\"https:\/\/sin.betas.visie.link\/es\/\"},{\"@type\":\"ListItem\",\"position\":2,\"name\":\"Home\"}]},{\"@type\":\"WebSite\",\"@id\":\"https:\/\/sin.betas.visie.link\/es\/#website\",\"url\":\"https:\/\/sin.betas.visie.link\/es\/\",\"name\":\"S.I.N. Implant System Espanhol\",\"description\":\"S\u00f3 mais um site SIN\",\"potentialAction\":[{\"@type\":\"SearchAction\",\"target\":{\"@type\":\"EntryPoint\",\"urlTemplate\":\"https:\/\/sin.betas.visie.link\/es\/?s={search_term_string}\"},\"query-input\":{\"@type\":\"PropertyValueSpecification\",\"valueRequired\":true,\"valueName\":\"search_term_string\"}}],\"inLanguage\":\"es\"}]}<\/script>\n<!-- \/ Yoast SEO plugin. -->","yoast_head_json":{"title":"Home - S.I.N. Implant System Espanhol","robots":{"index":"index","follow":"follow","max-snippet":"max-snippet:-1","max-image-preview":"max-image-preview:large","max-video-preview":"max-video-preview:-1"},"canonical":"https:\/\/sin.betas.visie.link\/es\/wp-json\/wp\/v2\/pages\/2\/","og_locale":"es_ES","og_type":"article","og_title":"Home - S.I.N. Implant System Espanhol","og_url":"https:\/\/sin.betas.visie.link\/es\/","og_site_name":"S.I.N. Implant System Espanhol","article_modified_time":"2024-03-28T15:15:45+00:00","twitter_card":"summary_large_image","schema":{"@context":"https:\/\/schema.org","@graph":[{"@type":"WebPage","@id":"https:\/\/sin.betas.visie.link\/es\/","url":"https:\/\/sin.betas.visie.link\/es\/","name":"Home - S.I.N. Implant System Espanhol","isPartOf":{"@id":"https:\/\/sin.betas.visie.link\/es\/#website"},"datePublished":"2022-03-09T18:39:16+00:00","dateModified":"2024-03-28T15:15:45+00:00","breadcrumb":{"@id":"https:\/\/sin.betas.visie.link\/es\/#breadcrumb"},"inLanguage":"es","potentialAction":[{"@type":"ReadAction","target":["https:\/\/sin.betas.visie.link\/es\/"]}]},{"@type":"BreadcrumbList","@id":"https:\/\/sin.betas.visie.link\/es\/#breadcrumb","itemListElement":[{"@type":"ListItem","position":1,"name":"Portada","item":"https:\/\/sin.betas.visie.link\/es\/"},{"@type":"ListItem","position":2,"name":"Home"}]},{"@type":"WebSite","@id":"https:\/\/sin.betas.visie.link\/es\/#website","url":"https:\/\/sin.betas.visie.link\/es\/","name":"S.I.N. Implant System Espanhol","description":"S\u00f3 mais um site SIN","potentialAction":[{"@type":"SearchAction","target":{"@type":"EntryPoint","urlTemplate":"https:\/\/sin.betas.visie.link\/es\/?s={search_term_string}"},"query-input":{"@type":"PropertyValueSpecification","valueRequired":true,"valueName":"search_term_string"}}],"inLanguage":"es"}]}},"_links":{"self":[{"href":"https:\/\/sin.betas.visie.link\/es\/wp-json\/wp\/v2\/pages\/2","targetHints":{"allow":["GET"]}}],"collection":[{"href":"https:\/\/sin.betas.visie.link\/es\/wp-json\/wp\/v2\/pages"}],"about":[{"href":"https:\/\/sin.betas.visie.link\/es\/wp-json\/wp\/v2\/types\/page"}],"author":[{"embeddable":true,"href":"https:\/\/sin.betas.visie.link\/es\/wp-json\/wp\/v2\/users\/3"}],"replies":[{"embeddable":true,"href":"https:\/\/sin.betas.visie.link\/es\/wp-json\/wp\/v2\/comments?post=2"}],"version-history":[{"count":71,"href":"https:\/\/sin.betas.visie.link\/es\/wp-json\/wp\/v2\/pages\/2\/revisions"}],"predecessor-version":[{"id":25955,"href":"https:\/\/sin.betas.visie.link\/es\/wp-json\/wp\/v2\/pages\/2\/revisions\/25955"}],"wp:attachment":[{"href":"https:\/\/sin.betas.visie.link\/es\/wp-json\/wp\/v2\/media?parent=2"}],"curies":[{"name":"wp","href":"https:\/\/api.w.org\/{rel}","templated":true}]}}