{"id":26042,"date":"2024-05-16T17:58:11","date_gmt":"2024-05-16T20:58:11","guid":{"rendered":"http:\/\/sin.betas.visie.link\/es\/?page_id=26042"},"modified":"2024-05-21T10:57:05","modified_gmt":"2024-05-21T13:57:05","slug":"garantia-vitalicia","status":"publish","type":"page","link":"https:\/\/sin.betas.visie.link\/es\/garantia-vitalicia\/","title":{"rendered":"Garant\u00eda Vital\u00edcia"},"content":{"rendered":"\n<section class=\"single-product-variation\">\n    <picture class=\"hidden md:block box-border w-full h-screen relative\" style=\"background:url('https:\/\/sin2022.s3.us-west-2.amazonaws.com\/sites\/4\/2024\/05\/Banner-garantia-vitalicia-ESP_WEB.png') ; background-size:cover; background-repeat: no-repeat; background-position: center;\">\n                <div class=\"absolute top-0 left-0 w-full h-full\" style=\"background-color:rgba(0,0,0,0);\">\n            <div class=\"px-g18 xl:px-9 pt-11 pb-32 lg:py-32 lg:max-w-[1440px] w-full h-full flex md:items-center mx-auto\">\n                <div class=\"w-full h-full flex\" style=\"justify-content: left; align-items: center \">\n                <div class=\"md:max-w-[45%]\">\n                    <div class=\"wpcontent--innerblocks\">\n                        <h1 style=\"text-align: left;\"><span style=\"color: #ffffff;\">GARANTIA VITAL\u00cdCIA\u00a0<\/span><\/h1>\n<p><span style=\"color: #ffffff;\">Nuestra confianza es tanta que dura para siempre.<\/span><\/p>\n<p>&nbsp;<\/p>\n<p>&nbsp;<\/p>\n<p style=\"text-align: left;\">\n                    <\/div>\n            \n                                    <\/div>\n                <\/div>\n            <\/div>\n        <\/div>\n    <\/picture>\n    \n    <picture class=\"block md:hidden box-border w-full max-lg:h-screen lg:h-screen relative\" style=\"background:url('https:\/\/sin2022.s3.us-west-2.amazonaws.com\/sites\/4\/2024\/05\/Banner-garantia-vitalicia-ESP_MOBILE-1.png') ; background-size:cover; background-repeat: no-repeat; background-position: center;;\">\n                <div class=\"absolute top-0 left-0 w-full h-full\">\n            <div class=\"px-g18 xl:px-9 py-11 lg:max-w-[1440px] w-full h-full flex md:items-center mx-auto\">\n                <div class=\"w-full flex\" style=\"justify-content: center\">\n                    <div class=\"w-full md:max-w-[45%]\">\n                        <div class=\"wpcontent--innerblocks\">\n                            <h1 style=\"text-align: left;\"><span style=\"color: #ffffff;\">GARANTIA VITAL\u00cdCIA\u00a0<\/span><\/h1>\n<p><span style=\"color: #ffffff;\">Nuestra confianza es tanta que dura para siempre.<\/span><\/p>\n<p>&nbsp;<\/p>\n<p>&nbsp;<\/p>\n<p style=\"text-align: left;\">\n                        <\/div>\n            \n                                            <\/div>\n                <\/div>\n            <\/div>\n        <\/div>\n        \n                    <button class=\"-js-bannerbg-btn absolute lg:hidden w-[70px] bottom-4 left-[calc(50%-35px)] animate-bounce\">\n                <svg width=\"70\" height=\"70\" viewBox=\"0 0 70 70\" fill=\"none\" xmlns=\"http:\/\/www.w3.org\/2000\/svg\"><g filter=\"url(#filter0_i_3_226)\"><circle cx=\"35\" cy=\"35\" r=\"35\" fill=\"black\" fill-opacity=\"0.32\"\/><\/g><path d=\"M55 31L34 47L13 31\" stroke=\"white\" stroke-width=\"4\" stroke-linecap=\"round\" stroke-linejoin=\"round\"\/><defs><filter id=\"filter0_i_3_226\" x=\"0\" y=\"0\" width=\"70\" height=\"74\" filterUnits=\"userSpaceOnUse\" color-interpolation-filters=\"sRGB\"><feFlood flood-opacity=\"0\" result=\"BackgroundImageFix\"\/><feBlend mode=\"normal\" in=\"SourceGraphic\" in2=\"BackgroundImageFix\" result=\"shape\"\/><feColorMatrix in=\"SourceAlpha\" type=\"matrix\" values=\"0 0 0 0 0 0 0 0 0 0 0 0 0 0 0 0 0 0 127 0\" result=\"hardAlpha\"\/><feOffset dy=\"4\"\/><feGaussianBlur stdDeviation=\"3.5\"\/><feComposite in2=\"hardAlpha\" operator=\"arithmetic\" k2=\"-1\" k3=\"1\"\/><feColorMatrix type=\"matrix\" values=\"0 0 0 0 0 0 0 0 0 0 0 0 0 0 0 0 0 0 0.25 0\"\/><feBlend mode=\"normal\" in2=\"shape\" result=\"effect1_innerShadow_3_226\"\/><\/filter><\/defs><\/svg>            <\/button>\n            <\/picture>\n<\/section>\n\n\n\n<section style=\"background-color: #fbfbfb; background: url(#ffffff) no-repeat center center; padding-top: 90px; position: relative; background-size: cover;\">\n        <article class=\"relative w-full max-w-[1440px] xl:max-w-[59vw] mx-auto px-g18 xl:px-0 py-9 md:py-16\">\n        <div class=\"mb-8 wpcontent--innerblocks\">\n            <h2 style=\"text-align: left;\"><span style=\"color: #000000;\">N\u00d3S GARANTIMOS PORQUE TEMOS ORGULHO DO QUE PRODUZIMOS<\/span><\/h2>\n<p>&nbsp;<\/p>\n<p style=\"text-align: left;\">A nossa principal <strong>prioridade<\/strong> \u00e9 garantir <strong>qualidade<\/strong> e seguran\u00e7a para os <strong>Clientes<\/strong>.<\/p>\n<p style=\"text-align: left;\">Oferecer o que h\u00e1 de melhor em implantes dent\u00e1rios, componentes, kits cir\u00fargicos e instrumentais \u00e9 a base de toda a nossa atua\u00e7\u00e3o.<\/p>\n        <\/div>\n\n            <\/article>\n<\/section>\n\n\n<section class=\"single-product-variation\">\n    <picture class=\"hidden md:block box-border w-full h-screen relative\" style=\"background:url('https:\/\/sin2022.s3.us-west-2.amazonaws.com\/sites\/4\/2024\/05\/u-7.png') fixed; background-size:cover; background-repeat: no-repeat; background-position: center;\">\n                <div class=\"absolute top-0 left-0 w-full h-full\" style=\"background-color:rgba(0,0,0,0.48);\">\n            <div class=\"px-g18 xl:px-9 pt-11 pb-32 lg:py-32 lg:max-w-[1440px] w-full h-full flex md:items-center mx-auto\">\n                <div class=\"w-full h-full flex\" style=\"justify-content: left; align-items: flex-start \">\n                <div class=\"md:max-w-[45%]\">\n                    <div class=\"wpcontent--innerblocks\">\n                        <h3><span style=\"color: #ffffff;\">COMPROMISO CON LA CALIDAD Y TECNOLOG\u00cdA SUPERIOR<\/span><\/h3>\n<p>&nbsp;<\/p>\n<p><span style=\"color: #ffffff;\">El control de calidad se realiza en todos los productos que S.I.N. Implant System produce, garantizando el \u00e9xito de las cirug\u00edas de nuestros Clientes, el cumplimiento de los est\u00e1ndares de calidad, as\u00ed como agregar valor para todos los que eligen devolver la sonrisa a muchas personas.<\/span><\/p>\n<p>&nbsp;<\/p>\n<p>&nbsp;<\/p>\n                    <\/div>\n            \n                                    <\/div>\n                <\/div>\n            <\/div>\n        <\/div>\n    <\/picture>\n    \n    <picture class=\"block md:hidden box-border w-full max-lg:h-screen lg:h-screen relative\" style=\"background:url('https:\/\/sin2022.s3.us-west-2.amazonaws.com\/sites\/4\/2024\/05\/Design-sem-nome-53.png') fixed; background-size:cover; background-repeat: no-repeat; background-position: center;;\">\n                <div class=\"absolute top-0 left-0 w-full h-full\">\n            <div class=\"px-g18 xl:px-9 py-11 lg:max-w-[1440px] w-full h-full flex md:items-center mx-auto\">\n                <div class=\"w-full flex\" style=\"justify-content: flex-start\">\n                    <div class=\"w-full md:max-w-[45%]\">\n                        <div class=\"wpcontent--innerblocks\">\n                            <h3><span style=\"color: #ffffff;\">COMPROMISO CON LA CALIDAD Y TECNOLOG\u00cdA SUPERIOR<\/span><\/h3>\n<p>&nbsp;<\/p>\n<p><span style=\"color: #ffffff;\">El control de calidad se realiza en todos los productos que S.I.N. Implant System produce, garantizando el \u00e9xito de las cirug\u00edas de nuestros Clientes, el cumplimiento de los est\u00e1ndares de calidad, as\u00ed como agregar valor para todos los que eligen devolver la sonrisa a muchas personas.<\/span><\/p>\n<p>&nbsp;<\/p>\n<p>&nbsp;<\/p>\n                        <\/div>\n            \n                                            <\/div>\n                <\/div>\n            <\/div>\n        <\/div>\n        \n            <\/picture>\n<\/section>\n\n\n\n    <section class=\"overflow-hidden\">\n        <div class=\"lg:max-w-[1440px] px-g18 xl:px-9 mx-auto my-11 lg:my-16\">\n                                        <ul class=\"md:w-[calc(100%+40px)] md:-m-5 flex flex-wrap justify-center items-baseline\">\n                                            <li class=\"w-full md:max-w-[50%] lg:max-w-[25%] px-5 mb-10 last:mb-0\">\n                            <div class=\"w-full mx-auto p-4 text-center flex flex-col\">\n    <figure>\n        <img decoding=\"async\" class=\"w-20 h-20 mx-auto\" src=\"https:\/\/sin2022.s3.us-west-2.amazonaws.com\/sites\/4\/2024\/05\/Design-sem-nome-40.png\" alt=\"Teste\">\n    <\/figure>\n    <h3 class=\"mt-4 text-t7 font-aller\" style=\"color: #ef8c07\">SEGURIDAD ANTE TODO<\/h3>\n    <p class=\"mt-2 font-aller\">INSPECCI\u00d3N EN EL 100% DE LOS LOTES FABRICADOS<\/p>\n\n    \n<\/div>                        <\/li>\n                                            <li class=\"w-full md:max-w-[50%] lg:max-w-[25%] px-5 mb-10 last:mb-0\">\n                            <div class=\"w-full mx-auto p-4 text-center flex flex-col\">\n    <figure>\n        <img decoding=\"async\" class=\"w-20 h-20 mx-auto\" src=\"https:\/\/sin2022.s3.us-west-2.amazonaws.com\/sites\/4\/2024\/05\/Design-sem-nome-50.png\" alt=\"Teste\">\n    <\/figure>\n    <h3 class=\"mt-4 text-t7 font-aller\" style=\"color: #ef8c07\">CALIDAD Y CONFIANZA<\/h3>\n    <p class=\"mt-2 font-aller\">IMPLANTES CON GARANT\u00cdA DE POR VIDA*\r\n\r\n\r\n\r\n\r\n\r\n\r\n<\/p>\n\n    \n<\/div>                        <\/li>\n                                            <li class=\"w-full md:max-w-[50%] lg:max-w-[25%] px-5 mb-10 last:mb-0\">\n                            <div class=\"w-full mx-auto p-4 text-center flex flex-col\">\n    <figure>\n        <img decoding=\"async\" class=\"w-20 h-20 mx-auto\" src=\"https:\/\/sin2022.s3.us-west-2.amazonaws.com\/sites\/4\/2024\/05\/Design-sem-nome-42.png\" alt=\"Teste\">\n    <\/figure>\n    <h3 class=\"mt-4 text-t7 font-aller\" style=\"color: #ef8c07\">COMPROMISO CON EL CLIENTE<\/h3>\n    <p class=\"mt-2 font-aller\">5 A\u00d1OS DE GARANT\u00cdA: COMPONENTES PROT\u00c9SICOS*\r\n\r\n\r\n\r\n\r\n<\/p>\n\n    \n<\/div>                        <\/li>\n                                    <\/ul>\n                    <\/div>\n    <\/section>\n\n\n\n\n<section class=\"border-b border-b-gray-alto px-g18 lg:px-0 pb-16 pt-4 md:py-16 filter-term first:pt-0\" style=\"background-color: rgba(239,140,7,0)\">\n\t<div class=\"max-w-4xl mx-auto\">\n\t\t\t\t\t<h2 class=\"font-aller text-t4 lg:text-t2 uppercase\" style=\"color: #000000\">\n\t\t\t\tPreguntas frecuentes\t\t\t<\/h2>\n\t\t\t\t\t\t\t<div class=\"wpcontent--typo-only mt-4\" style=\"color: #000000\">\n\t\t\t\t<p>Preguntas y respuestas sobre la garant\u00eda de por vida de S.I.N.<\/p>\n\t\t\t<\/div>\n\t\t\t\t    <div class=\"py-7 md:py-20 faq-list\" style=\"--hover_color: #ef8c07;\">\n                    <details class=\"max-w-4xl mx-auto pt-7 pb-3 text-current border-b border-current open:border-none\" style=\"color: #000000; \">\n                <summary class=\"cursor-pointer flex justify-between items-center relative font-brandon font-normal uppercase text-p5 md:text-p3 pr-6\">\n                    \u00bfQu\u00e9 soluciones est\u00e1n cubiertas por la garant\u00eda de S.I.N.?                    <svg width=\"18\" height=\"10\" viewBox=\"0 0 18 10\" fill=\"none\" xmlns=\"http:\/\/www.w3.org\/2000\/svg\"><path d=\"M1 1L9 9L17 1\" stroke=\"currentColor\" stroke-width=\"2\" stroke-linecap=\"round\" stroke-linejoin=\"round\"\/><\/svg>\n                <\/summary>\n                <p class=\"py-14 font-brandon text-current font-normal text-p4 md:text-p2\" style=\"color: #000000\">\n                    La garant\u00eda cubre implantes dentales, componentes prot\u00e9ticos, kits quir\u00fargicos e instrumentales originales de S.I.N. *                <\/p>\n            <\/details>\n                    <details class=\"max-w-4xl mx-auto pt-7 pb-3 text-current border-b border-current open:border-none\" style=\"color: #000000; \">\n                <summary class=\"cursor-pointer flex justify-between items-center relative font-brandon font-normal uppercase text-p5 md:text-p3 pr-6\">\n                    \u00bfCu\u00e1les son los requisitos para activar la garant\u00eda de las soluciones de S.I.N.?                    <svg width=\"18\" height=\"10\" viewBox=\"0 0 18 10\" fill=\"none\" xmlns=\"http:\/\/www.w3.org\/2000\/svg\"><path d=\"M1 1L9 9L17 1\" stroke=\"currentColor\" stroke-width=\"2\" stroke-linecap=\"round\" stroke-linejoin=\"round\"\/><\/svg>\n                <\/summary>\n                <p class=\"py-14 font-brandon text-current font-normal text-p4 md:text-p2\" style=\"color: #000000\">\n                    Los implantes dentales y soluciones que presenten defectos, deformidades, roturas o irregularidades tienen garantizada la sustituci\u00f3n gratuita de la pieza, siempre que se cumplan las condiciones del t\u00e9rmino de garant\u00eda vitalicia. *                <\/p>\n            <\/details>\n                    <details class=\"max-w-4xl mx-auto pt-7 pb-3 text-current border-b border-current open:border-none\" style=\"color: #000000; \">\n                <summary class=\"cursor-pointer flex justify-between items-center relative font-brandon font-normal uppercase text-p5 md:text-p3 pr-6\">\n                    \u00bfCu\u00e1l es el per\u00edodo de garant\u00eda?                    <svg width=\"18\" height=\"10\" viewBox=\"0 0 18 10\" fill=\"none\" xmlns=\"http:\/\/www.w3.org\/2000\/svg\"><path d=\"M1 1L9 9L17 1\" stroke=\"currentColor\" stroke-width=\"2\" stroke-linecap=\"round\" stroke-linejoin=\"round\"\/><\/svg>\n                <\/summary>\n                <p class=\"py-14 font-brandon text-current font-normal text-p4 md:text-p2\" style=\"color: #000000\">\n                    Var\u00eda seg\u00fan el tipo de soluci\u00f3n. Los implantes dentales tienen garant\u00eda vitalicia, mientras que los componentes sobre implantes tienen garant\u00eda de cinco a\u00f1os. *                <\/p>\n            <\/details>\n                    <details class=\"max-w-4xl mx-auto pt-7 pb-3 text-current border-b border-current open:border-none\" style=\"color: #000000; \">\n                <summary class=\"cursor-pointer flex justify-between items-center relative font-brandon font-normal uppercase text-p5 md:text-p3 pr-6\">\n                    \u00bfC\u00f3mo solicitar la garant\u00eda?                    <svg width=\"18\" height=\"10\" viewBox=\"0 0 18 10\" fill=\"none\" xmlns=\"http:\/\/www.w3.org\/2000\/svg\"><path d=\"M1 1L9 9L17 1\" stroke=\"currentColor\" stroke-width=\"2\" stroke-linecap=\"round\" stroke-linejoin=\"round\"\/><\/svg>\n                <\/summary>\n                <p class=\"py-14 font-brandon text-current font-normal text-p4 md:text-p2\" style=\"color: #000000\">\n                    Mediante el llenado del Formulario de Garant\u00eda y envi\u00e1ndolo a S.I.N. junto con la documentaci\u00f3n requerida, dentro del plazo establecido en la Pol\u00edtica de Garant\u00eda. *                <\/p>\n            <\/details>\n                    <details class=\"max-w-4xl mx-auto pt-7 pb-3 text-current border-b border-current open:border-none\" style=\"color: #000000; \">\n                <summary class=\"cursor-pointer flex justify-between items-center relative font-brandon font-normal uppercase text-p5 md:text-p3 pr-6\">\n                    \u00bfCu\u00e1l es el plazo de evaluaci\u00f3n?                    <svg width=\"18\" height=\"10\" viewBox=\"0 0 18 10\" fill=\"none\" xmlns=\"http:\/\/www.w3.org\/2000\/svg\"><path d=\"M1 1L9 9L17 1\" stroke=\"currentColor\" stroke-width=\"2\" stroke-linecap=\"round\" stroke-linejoin=\"round\"\/><\/svg>\n                <\/summary>\n                <p class=\"py-14 font-brandon text-current font-normal text-p4 md:text-p2\" style=\"color: #000000\">\n                    S.I.N. concluir\u00e1 la evaluaci\u00f3n del producto en un plazo m\u00e1ximo de 30 (treinta) d\u00edas despu\u00e9s de recibir el Formulario de Garant\u00eda y la documentaci\u00f3n necesaria. En caso de que se detecte un defecto de fabricaci\u00f3n, S.I.N. proceder\u00e1 a la sustituci\u00f3n del producto seg\u00fan las normativas establecidas. *                <\/p>\n            <\/details>\n                    <details class=\"max-w-4xl mx-auto pt-7 pb-3 text-current border-b border-current open:border-none\" style=\"color: #000000; \">\n                <summary class=\"cursor-pointer flex justify-between items-center relative font-brandon font-normal uppercase text-p5 md:text-p3 pr-6\">\n                    \u00bfCu\u00e1les son las limitaciones de la Pol\u00edtica de Garant\u00eda de S.I.N.?                    <svg width=\"18\" height=\"10\" viewBox=\"0 0 18 10\" fill=\"none\" xmlns=\"http:\/\/www.w3.org\/2000\/svg\"><path d=\"M1 1L9 9L17 1\" stroke=\"currentColor\" stroke-width=\"2\" stroke-linecap=\"round\" stroke-linejoin=\"round\"\/><\/svg>\n                <\/summary>\n                <p class=\"py-14 font-brandon text-current font-normal text-p4 md:text-p2\" style=\"color: #000000\">\n                    No se aplica a situaciones como el uso inadecuado de los productos, da\u00f1os causados por terceros, fallos en la ejecuci\u00f3n del tratamiento por parte del profesional, entre otros casos especificados seg\u00fan las normativas. *                <\/p>\n            <\/details>\n                    <details class=\"max-w-4xl mx-auto pt-7 pb-3 text-current border-b border-current open:border-none\" style=\"color: #000000; \">\n                <summary class=\"cursor-pointer flex justify-between items-center relative font-brandon font-normal uppercase text-p5 md:text-p3 pr-6\">\n                    \u00bfCu\u00e1les son las responsabilidades del profesional en relaci\u00f3n con la garant\u00eda de los productos de S.I.N.?                    <svg width=\"18\" height=\"10\" viewBox=\"0 0 18 10\" fill=\"none\" xmlns=\"http:\/\/www.w3.org\/2000\/svg\"><path d=\"M1 1L9 9L17 1\" stroke=\"currentColor\" stroke-width=\"2\" stroke-linecap=\"round\" stroke-linejoin=\"round\"\/><\/svg>\n                <\/summary>\n                <p class=\"py-14 font-brandon text-current font-normal text-p4 md:text-p2\" style=\"color: #000000\">\n                    Es fundamental seguir las instrucciones de uso de los productos, completar correctamente el Formulario de Garant\u00eda y proporcionar toda la documentaci\u00f3n necesaria para activar la garant\u00eda. *                <\/p>\n            <\/details>\n                    <details class=\"max-w-4xl mx-auto pt-7 pb-3 text-current border-b border-current open:border-none\" style=\"color: #000000; \">\n                <summary class=\"cursor-pointer flex justify-between items-center relative font-brandon font-normal uppercase text-p5 md:text-p3 pr-6\">\n                    \u00bfLa garant\u00eda de S.I.N. cubre p\u00e9rdidas y da\u00f1os derivados del uso de los productos?                    <svg width=\"18\" height=\"10\" viewBox=\"0 0 18 10\" fill=\"none\" xmlns=\"http:\/\/www.w3.org\/2000\/svg\"><path d=\"M1 1L9 9L17 1\" stroke=\"currentColor\" stroke-width=\"2\" stroke-linecap=\"round\" stroke-linejoin=\"round\"\/><\/svg>\n                <\/summary>\n                <p class=\"py-14 font-brandon text-current font-normal text-p4 md:text-p2\" style=\"color: #000000\">\n                    S.I.N. garantiza \u00fanicamente la sustituci\u00f3n de sus productos, no cubriendo ning\u00fan tipo de servicio o costo relacionado con el tratamiento, ni tampoco la responsabilidad por p\u00e9rdidas o da\u00f1os eventualmente sufridos por el Implant\u00f3logo, el Paciente y\/o terceros. *                <\/p>\n            <\/details>\n                    <details class=\"max-w-4xl mx-auto pt-7 pb-3 text-current border-b border-current open:border-none\" style=\"color: #000000; \">\n                <summary class=\"cursor-pointer flex justify-between items-center relative font-brandon font-normal uppercase text-p5 md:text-p3 pr-6\">\n                    \u00bfPor cu\u00e1nto tiempo es v\u00e1lida la pol\u00edtica de garant\u00eda de S.I.N.?                    <svg width=\"18\" height=\"10\" viewBox=\"0 0 18 10\" fill=\"none\" xmlns=\"http:\/\/www.w3.org\/2000\/svg\"><path d=\"M1 1L9 9L17 1\" stroke=\"currentColor\" stroke-width=\"2\" stroke-linecap=\"round\" stroke-linejoin=\"round\"\/><\/svg>\n                <\/summary>\n                <p class=\"py-14 font-brandon text-current font-normal text-p4 md:text-p2\" style=\"color: #000000\">\n                    La Pol\u00edtica de Garant\u00eda entra en vigor en la fecha de publicaci\u00f3n y permanece vigente indefinidamente, sujeta a cambios por parte de S.I.N. *                <\/p>\n            <\/details>\n                    <details class=\"max-w-4xl mx-auto pt-7 pb-3 text-current border-b border-current open:border-none\" style=\"color: #000000; \">\n                <summary class=\"cursor-pointer flex justify-between items-center relative font-brandon font-normal uppercase text-p5 md:text-p3 pr-6\">\n                    \u00bfQui\u00e9n puede solicitar la garant\u00eda de los productos de S.I.N.?                    <svg width=\"18\" height=\"10\" viewBox=\"0 0 18 10\" fill=\"none\" xmlns=\"http:\/\/www.w3.org\/2000\/svg\"><path d=\"M1 1L9 9L17 1\" stroke=\"currentColor\" stroke-width=\"2\" stroke-linecap=\"round\" stroke-linejoin=\"round\"\/><\/svg>\n                <\/summary>\n                <p class=\"py-14 font-brandon text-current font-normal text-p4 md:text-p2\" style=\"color: #000000\">\n                    Se aplica a los clientes que han adquirido las soluciones directamente de S.I.N. o de sus distribuidores nacionales autorizados, y que realizan tratamiento y cirug\u00eda en territorio brasile\u00f1o.3.5                <\/p>\n            <\/details>\n            <\/div>\n\t<\/div>\n<\/section>","protected":false},"excerpt":{"rendered":"","protected":false},"author":13,"featured_media":0,"parent":0,"menu_order":0,"comment_status":"closed","ping_status":"closed","template":"","meta":{"_acf_changed":false,"inline_featured_image":false,"footnotes":""},"class_list":["post-26042","page","type-page","status-publish","hentry"],"acf":[],"yoast_head":"<!-- This site is optimized with the Yoast SEO plugin v27.2 - https:\/\/yoast.com\/product\/yoast-seo-wordpress\/ -->\n<title>Garant\u00eda Vital\u00edcia - S.I.N. Implant System Espanhol<\/title>\n<meta name=\"robots\" content=\"index, follow, max-snippet:-1, max-image-preview:large, max-video-preview:-1\" \/>\n<link rel=\"canonical\" href=\"https:\/\/sin.betas.visie.link\/es\/wp-json\/wp\/v2\/pages\/26042\/\" \/>\n<meta property=\"og:locale\" content=\"es_ES\" \/>\n<meta property=\"og:type\" content=\"article\" \/>\n<meta property=\"og:title\" content=\"Garant\u00eda Vital\u00edcia - S.I.N. Implant System Espanhol\" \/>\n<meta property=\"og:url\" content=\"https:\/\/sin.betas.visie.link\/es\/garantia-vitalicia\/\" \/>\n<meta property=\"og:site_name\" content=\"S.I.N. Implant System Espanhol\" \/>\n<meta property=\"article:modified_time\" content=\"2024-05-21T13:57:05+00:00\" \/>\n<meta name=\"twitter:card\" content=\"summary_large_image\" \/>\n<script type=\"application\/ld+json\" class=\"yoast-schema-graph\">{\"@context\":\"https:\/\/schema.org\",\"@graph\":[{\"@type\":\"WebPage\",\"@id\":\"https:\/\/sin.betas.visie.link\/es\/garantia-vitalicia\/\",\"url\":\"https:\/\/sin.betas.visie.link\/es\/garantia-vitalicia\/\",\"name\":\"Garant\u00eda Vital\u00edcia - S.I.N. Implant System Espanhol\",\"isPartOf\":{\"@id\":\"https:\/\/sin.betas.visie.link\/es\/#website\"},\"datePublished\":\"2024-05-16T20:58:11+00:00\",\"dateModified\":\"2024-05-21T13:57:05+00:00\",\"breadcrumb\":{\"@id\":\"https:\/\/sin.betas.visie.link\/es\/garantia-vitalicia\/#breadcrumb\"},\"inLanguage\":\"es\",\"potentialAction\":[{\"@type\":\"ReadAction\",\"target\":[\"https:\/\/sin.betas.visie.link\/es\/garantia-vitalicia\/\"]}]},{\"@type\":\"BreadcrumbList\",\"@id\":\"https:\/\/sin.betas.visie.link\/es\/garantia-vitalicia\/#breadcrumb\",\"itemListElement\":[{\"@type\":\"ListItem\",\"position\":1,\"name\":\"Portada\",\"item\":\"https:\/\/sin.betas.visie.link\/es\/\"},{\"@type\":\"ListItem\",\"position\":2,\"name\":\"Garant\u00eda Vital\u00edcia\"}]},{\"@type\":\"WebSite\",\"@id\":\"https:\/\/sin.betas.visie.link\/es\/#website\",\"url\":\"https:\/\/sin.betas.visie.link\/es\/\",\"name\":\"S.I.N. Implant System Espanhol\",\"description\":\"S\u00f3 mais um site SIN\",\"potentialAction\":[{\"@type\":\"SearchAction\",\"target\":{\"@type\":\"EntryPoint\",\"urlTemplate\":\"https:\/\/sin.betas.visie.link\/es\/?s={search_term_string}\"},\"query-input\":{\"@type\":\"PropertyValueSpecification\",\"valueRequired\":true,\"valueName\":\"search_term_string\"}}],\"inLanguage\":\"es\"}]}<\/script>\n<!-- \/ Yoast SEO plugin. -->","yoast_head_json":{"title":"Garant\u00eda Vital\u00edcia - S.I.N. Implant System Espanhol","robots":{"index":"index","follow":"follow","max-snippet":"max-snippet:-1","max-image-preview":"max-image-preview:large","max-video-preview":"max-video-preview:-1"},"canonical":"https:\/\/sin.betas.visie.link\/es\/wp-json\/wp\/v2\/pages\/26042\/","og_locale":"es_ES","og_type":"article","og_title":"Garant\u00eda Vital\u00edcia - S.I.N. Implant System Espanhol","og_url":"https:\/\/sin.betas.visie.link\/es\/garantia-vitalicia\/","og_site_name":"S.I.N. Implant System Espanhol","article_modified_time":"2024-05-21T13:57:05+00:00","twitter_card":"summary_large_image","schema":{"@context":"https:\/\/schema.org","@graph":[{"@type":"WebPage","@id":"https:\/\/sin.betas.visie.link\/es\/garantia-vitalicia\/","url":"https:\/\/sin.betas.visie.link\/es\/garantia-vitalicia\/","name":"Garant\u00eda Vital\u00edcia - S.I.N. Implant System Espanhol","isPartOf":{"@id":"https:\/\/sin.betas.visie.link\/es\/#website"},"datePublished":"2024-05-16T20:58:11+00:00","dateModified":"2024-05-21T13:57:05+00:00","breadcrumb":{"@id":"https:\/\/sin.betas.visie.link\/es\/garantia-vitalicia\/#breadcrumb"},"inLanguage":"es","potentialAction":[{"@type":"ReadAction","target":["https:\/\/sin.betas.visie.link\/es\/garantia-vitalicia\/"]}]},{"@type":"BreadcrumbList","@id":"https:\/\/sin.betas.visie.link\/es\/garantia-vitalicia\/#breadcrumb","itemListElement":[{"@type":"ListItem","position":1,"name":"Portada","item":"https:\/\/sin.betas.visie.link\/es\/"},{"@type":"ListItem","position":2,"name":"Garant\u00eda Vital\u00edcia"}]},{"@type":"WebSite","@id":"https:\/\/sin.betas.visie.link\/es\/#website","url":"https:\/\/sin.betas.visie.link\/es\/","name":"S.I.N. Implant System Espanhol","description":"S\u00f3 mais um site SIN","potentialAction":[{"@type":"SearchAction","target":{"@type":"EntryPoint","urlTemplate":"https:\/\/sin.betas.visie.link\/es\/?s={search_term_string}"},"query-input":{"@type":"PropertyValueSpecification","valueRequired":true,"valueName":"search_term_string"}}],"inLanguage":"es"}]}},"_links":{"self":[{"href":"https:\/\/sin.betas.visie.link\/es\/wp-json\/wp\/v2\/pages\/26042","targetHints":{"allow":["GET"]}}],"collection":[{"href":"https:\/\/sin.betas.visie.link\/es\/wp-json\/wp\/v2\/pages"}],"about":[{"href":"https:\/\/sin.betas.visie.link\/es\/wp-json\/wp\/v2\/types\/page"}],"author":[{"embeddable":true,"href":"https:\/\/sin.betas.visie.link\/es\/wp-json\/wp\/v2\/users\/13"}],"replies":[{"embeddable":true,"href":"https:\/\/sin.betas.visie.link\/es\/wp-json\/wp\/v2\/comments?post=26042"}],"version-history":[{"count":4,"href":"https:\/\/sin.betas.visie.link\/es\/wp-json\/wp\/v2\/pages\/26042\/revisions"}],"predecessor-version":[{"id":26068,"href":"https:\/\/sin.betas.visie.link\/es\/wp-json\/wp\/v2\/pages\/26042\/revisions\/26068"}],"wp:attachment":[{"href":"https:\/\/sin.betas.visie.link\/es\/wp-json\/wp\/v2\/media?parent=26042"}],"curies":[{"name":"wp","href":"https:\/\/api.w.org\/{rel}","templated":true}]}}