{"id":8570,"date":"2023-06-21T14:35:06","date_gmt":"2023-06-21T17:35:06","guid":{"rendered":"http:\/\/sin.betas.visie.link\/?page_id=8570"},"modified":"2024-01-19T11:53:47","modified_gmt":"2024-01-19T14:53:47","slug":"quienes-somos","status":"publish","type":"page","link":"https:\/\/sin.betas.visie.link\/es\/quienes-somos\/","title":{"rendered":"Nuestro PROP\u00d3SITo"},"content":{"rendered":"\n<section  class=\"w-full h-screen relative\">\n                        <video class=\"hidden md:block w-full h-full object-cover\" autoplay muted loop playsinline >\n                                                    <source src=\"https:\/\/sin2022.s3.us-west-2.amazonaws.com\/2022%2F12%2FSorrisosQueGeramSorrisos_R02.mp4\" type=\"video\/mp4\">\n                                            <\/video>\n            <video class=\"md:hidden w-full h-full object-cover\" autoplay muted loop playsinline  >\n                                                    <source src=\"https:\/\/sin2022.s3.us-west-2.amazonaws.com\/2022%2F12%2FSorrisosQueGeramSorrisos1Min_SemMosca_R01.mp4\" type=\"video\/mp4\">\n                                            <\/video>\n                            <div class=\"absolute top-0 left-0 w-full h-full\" style=\"background: rgba(0,0,0,0.4);\">\n                <div class=\"px-g18 py-28 xl:px-9 lg:max-w-[1440px] w-full h-full flex mx-auto\" style=\"align-items: center; justify-content: center;\">\n                    <div>\n                        <h1 class='text-white font-aller text-t5 leading-9 md:text-t2 md:leading-[3.5rem] drop-shadow-text'>NUESTRO PROP\u00d3SITO<\/h1>                                                    <a \n                                style=\"\n                                    background-color: #f18700; \n                                    color: #fff;\n                                    border: 1px solid #f18700;\n                                \"\n                                class=\"mt-9 block py-3 px-9 w-max rounded-lg font-allerlight text-center text-p6 lg:hover:shadow-lg lg:hover:scale-105 transition-all duration-300\" \n                                href=\"https:\/\/www.youtube.com\/watch?v=o08TbCYSPoU&amp;pp=ygUtU3BhbsO1bCBjcmVhdGluZyBzbWlsZXMgcy5pLm4uIGltcGxhbnQgc3lzdGVt\"\n                            >\n                                \u00a1Conozca!                        <\/a>\n                                            <\/div>\n                <\/div>\n            <\/div>\n                \n    <\/section>\n \n\n\n<div class=\"wp-block-buttons is-content-justification-center is-layout-flex wp-container-core-buttons-is-layout-5590e8cb wp-block-buttons-is-layout-flex\">\n<div class=\"wp-block-button has-custom-font-size is-style-outline has-small-font-size is-style-outline--1\"><a class=\"wp-block-button__link has-white-alabaster-background-color has-text-color has-background wp-element-button\" href=\"https:\/\/sin.betas.visie.link\/es\/missao\/\" style=\"border-radius:8px;color:#ef8c07\">CONOZCA NUESTRA MISI\u00d3N, VISI\u00d3N Y VALORES<\/a><\/div>\n<\/div>\n\n\n\n<section style=\"background-color: #FFFFFF; background: url(#ffffff) no-repeat center center; padding-top: 90px; position: relative; background-size: cover;\">\n        <article class=\"relative w-full max-w-[1440px] xl:max-w-[59vw] mx-auto px-g18 xl:px-0 py-9 md:py-16\">\n        <div class=\"mb-8 wpcontent--innerblocks\">\n            <h2 style=\"text-align: left\">El ciclo de sonrisas que difundimos, hecho de persona a persona.<\/h2>\n<p>&nbsp;<\/p>\n<p><span style=\"font-weight: 400\">Desde 2003, nuestra misi\u00f3n ha sido el desarrollo y la producci\u00f3n de implantes dentales y soluciones odontol\u00f3gicas, utilizando las tecnolog\u00edas m\u00e1s avanzadas y sofisticadas. Basamos nuestras pr\u00e1cticas en evidencia cient\u00edfica s\u00f3lida y en los m\u00e1s altos est\u00e1ndares de calidad, guiados por un pensamiento visionario orientado hacia la innovaci\u00f3n.<\/span><\/p>\n<p>&nbsp;<\/p>\n<p><span style=\"font-weight: 400\">Como pioneros en el territorio brasile\u00f1o, hemos expandido nuestra presencia global, estando actualmente presentes en m\u00e1s de 20 pa\u00edses. Trabajamos con audacia, pensando a nivel global, y a trav\u00e9s de la ciencia y el conocimiento, redefinimos el futuro de la Implantolog\u00eda a escala internacional.<\/span><\/p>\n<p>&nbsp;<\/p>\n<p><span style=\"font-weight: 400\">Estamos comprometidos a crear soluciones que hagan la pr\u00e1ctica odontol\u00f3gica m\u00e1s eficiente, apoyando a los profesionales de odontolog\u00eda para garantizar el \u00e9xito diario. Concentramos nuestros esfuerzos en generar impactos positivos en la sociedad, restaurando la confianza, autoestima y felicidad en miles de sonrisas alrededor del mundo.<\/span><\/p>\n        <\/div>\n\n                    <div class=\"flex\" style=\"justify-content: left;\">\n                                                            <a class=\"-js-smoth-scroll inline-block px-3 py-2 lg:py-3 lg:px-9 w-max rounded-lg font-allerlight border text-center text-p7 md:text-p6 mr-2 mb-3 md:mr-4 md:mb-4 last:mr-0 lg:hover:shadow-lg lg:hover:scale-105 transition-all duration-300\" href=\"https:\/\/material.sinimplantsystem.com.br\/s-i-n-goes-global?utm_campaign=lancamento_sin_goes_global&amp;utm_medium=email&amp;utm_source=RD+Station\" style=\"\n                            background-color: #ef8c07;\n                            color: #ffffff;\n                            border-color: #EF8C07;\n                        \">\n                            Conozca nuestros lounges                        <\/a>\n                                                                                <a class=\"-js-smoth-scroll inline-block px-3 py-2 lg:py-3 lg:px-9 w-max rounded-lg font-allerlight border text-center text-p7 md:text-p6 mr-2 mb-3 md:mr-4 md:mb-4 last:mr-0 lg:hover:shadow-lg lg:hover:scale-105 transition-all duration-300\" href=\"https:\/\/sin.betas.visie.link\/es\/linha-produto\/\" style=\"\n                            background-color: ;\n                            color: #ef8c07;\n                            border-color: #EF8C07;\n                        \">\n                            Conozca nuestras soluciones                        <\/a>\n                                                                                <a class=\"-js-smoth-scroll inline-block px-3 py-2 lg:py-3 lg:px-9 w-max rounded-lg font-allerlight border text-center text-p7 md:text-p6 mr-2 mb-3 md:mr-4 md:mb-4 last:mr-0 lg:hover:shadow-lg lg:hover:scale-105 transition-all duration-300\" href=\"http:\/\/sin.betas.visie.link\/trabalhe-conosco\/\" style=\"\n                            background-color: #FFFFFF;\n                            color: #EF8C07;\n                            border-color: #EF8C07;\n                        \">\n                            Trabalhe con nosotros                        <\/a>\n                                                <\/div>\n            <\/article>\n<\/section>\n\n<ul class=\"w-full lg:max-w-[900px] mx-auto px-g18 lg:px-0 overflow-hidden\">\n        <li class=\"flex items-center mb-11 lg:mb-10 first:mt-20 lg:first:mt-32 last:mb-20 lg:last:mb-32\">\n        <i class=\"hidden md:block min-w-[11rem] w-44 h-44 mr-11\">\n            <img decoding=\"async\" class=\"w-full h-full object-contain\" src=\"https:\/\/sin2022.s3.us-west-2.amazonaws.com\/2022\/11\/about-icon.svg\" alt=\"COMPARTIMOS CONOCIMIENTO Y TENDENCIAS DEL \u00c1REA\">\n        <\/i>\n        <div>\n            <h3 class=\"flex items-center font-aller text-t8 leading-5 lg:text-t5 lg:leading-10 uppercase md:line-clamp-3 mb-3 md:mb-2\">\n                <i class=\"block md:hidden min-w-[60px] w-15 h-15 mr-5\">\n                    <img decoding=\"async\" class=\"w-full h-full object-contain\" src=\"https:\/\/sin2022.s3.us-west-2.amazonaws.com\/2022\/11\/about-icon.svg\" alt=\"COMPARTIMOS CONOCIMIENTO Y TENDENCIAS DEL \u00c1REA\">\n                <\/i> \n                <span>\n                    COMPARTIMOS CONOCIMIENTO Y TENDENCIAS DEL \u00c1REA                <\/span>   \n            <\/h3>\n            <p class=\"font-allerlight text-p5 leading-5 line-clamp-5\">S.I.N. se dedica a la promoci\u00f3n de eventos, conferencias, cursos y materiales en diversos formatos, con el objetivo de enriquecer el conocimiento de los profesionales de la Implantolog\u00eda. Creemos apasionadamente en la difusi\u00f3n del saber como catalizador para el progreso continuo de esta \u00e1rea.<\/p>\n        <\/div>\n    <\/li>\n    <li class=\"flex items-center mb-11 lg:mb-10 first:mt-20 lg:first:mt-32 last:mb-20 lg:last:mb-32\">\n        <i class=\"hidden md:block min-w-[11rem] w-44 h-44 mr-11\">\n            <img decoding=\"async\" class=\"w-full h-full object-contain\" src=\"https:\/\/sin2022.s3.us-west-2.amazonaws.com\/2022\/11\/about-icon-ec.svg\" alt=\"EVIDENCIA CIENT\u00cdFICA\">\n        <\/i>\n        <div>\n            <h3 class=\"flex items-center font-aller text-t8 leading-5 lg:text-t5 lg:leading-10 uppercase md:line-clamp-3 mb-3 md:mb-2\">\n                <i class=\"block md:hidden min-w-[60px] w-15 h-15 mr-5\">\n                    <img decoding=\"async\" class=\"w-full h-full object-contain\" src=\"https:\/\/sin2022.s3.us-west-2.amazonaws.com\/2022\/11\/about-icon-ec.svg\" alt=\"EVIDENCIA CIENT\u00cdFICA\">\n                <\/i> \n                <span>\n                    EVIDENCIA CIENT\u00cdFICA                <\/span>   \n            <\/h3>\n            <p class=\"font-allerlight text-p5 leading-5 line-clamp-5\">Llevamos a cabo investigaci\u00f3n y desarrollo de productos en colaboraci\u00f3n con prestigiosos institutos internacionales, como la USP (Brasil), la NYU (EE. UU.), la Chalmers University (Suecia), entre otros.\r\n<\/p>\n        <\/div>\n    <\/li>\n    <li class=\"flex items-center mb-11 lg:mb-10 first:mt-20 lg:first:mt-32 last:mb-20 lg:last:mb-32\">\n        <i class=\"hidden md:block min-w-[11rem] w-44 h-44 mr-11\">\n            <img decoding=\"async\" class=\"w-full h-full object-contain\" src=\"https:\/\/sin2022.s3.us-west-2.amazonaws.com\/2023\/06\/pG2f6HmO-terceira.png\" alt=\"POSICIONAMIENTO HUMAN TO HUMAN\">\n        <\/i>\n        <div>\n            <h3 class=\"flex items-center font-aller text-t8 leading-5 lg:text-t5 lg:leading-10 uppercase md:line-clamp-3 mb-3 md:mb-2\">\n                <i class=\"block md:hidden min-w-[60px] w-15 h-15 mr-5\">\n                    <img decoding=\"async\" class=\"w-full h-full object-contain\" src=\"https:\/\/sin2022.s3.us-west-2.amazonaws.com\/2023\/06\/pG2f6HmO-terceira.png\" alt=\"POSICIONAMIENTO HUMAN TO HUMAN\">\n                <\/i> \n                <span>\n                    POSICIONAMIENTO HUMAN TO HUMAN                <\/span>   \n            <\/h3>\n            <p class=\"font-allerlight text-p5 leading-5 line-clamp-5\">Fortalecemos nuestro compromiso Human to Human (H2H), promoviendo un ciclo de alegr\u00eda entre nuestros Colaboradores. La misi\u00f3n de propagar sonrisas se extiende a nuestros Socios y, naturalmente, a los Pacientes.\r\n<\/p>\n        <\/div>\n    <\/li>\n    <li class=\"flex items-center mb-11 lg:mb-10 first:mt-20 lg:first:mt-32 last:mb-20 lg:last:mb-32\">\n        <i class=\"hidden md:block min-w-[11rem] w-44 h-44 mr-11\">\n            <img decoding=\"async\" class=\"w-full h-full object-contain\" src=\"https:\/\/sin2022.s3.us-west-2.amazonaws.com\/2023\/06\/garantia-da-qualidade.png\" alt=\"CALIDAD CERTIFICADA\">\n        <\/i>\n        <div>\n            <h3 class=\"flex items-center font-aller text-t8 leading-5 lg:text-t5 lg:leading-10 uppercase md:line-clamp-3 mb-3 md:mb-2\">\n                <i class=\"block md:hidden min-w-[60px] w-15 h-15 mr-5\">\n                    <img decoding=\"async\" class=\"w-full h-full object-contain\" src=\"https:\/\/sin2022.s3.us-west-2.amazonaws.com\/2023\/06\/garantia-da-qualidade.png\" alt=\"CALIDAD CERTIFICADA\">\n                <\/i> \n                <span>\n                    CALIDAD CERTIFICADA                <\/span>   \n            <\/h3>\n            <p class=\"font-allerlight text-p5 leading-5 line-clamp-5\">Seguimos rigurosos est\u00e1ndares de calidad, respaldados por diversas certificaciones nacionales e internacionales.\r\n<\/p>\n        <\/div>\n    <\/li>\n<\/ul>\n\n\n<h2 class=\"wp-block-heading\"><strong>SONRISAS QUE GENERAN NUESTRA MEJOR VERSI\u00d3N<\/strong><\/h2>\n\n\n\n<p>Creemos que la felicidad, cuando se comparte, se convierte en algo memorable. Es a trav\u00e9s de ella que expresamos, de manera sincera, cari\u00f1o y afecto, teniendo el poder de contagiar y multiplicar.<br><br>Reforzamos nuestro compromiso &#8216;H2H&#8217;, iniciando el ciclo de sonrisas en la f\u00e1brica a trav\u00e9s de nuestros Colaboradores, con la misi\u00f3n de propagar este sentimiento entre nuestros Socios y Pacientes.<\/p>\n\n\n\n<p>Esta es nuestra filosof\u00eda. Buscamos cada vez m\u00e1s conectarnos a trav\u00e9s de este prop\u00f3sito para que nuevas sonrisas se generen cada d\u00eda, y t\u00fa eres el principal agente de transformaci\u00f3n en esta operaci\u00f3n.<\/p>\n\n\n\n<h2 class=\"wp-block-heading\"><strong><strong>#<\/strong>SonrisasQueGeneranSonrisas<\/strong><\/h2>\n\n\n\n<p> <\/p>\n\n\n \n\n            <section class=\"box-border block w-full h-auto overflow-hidden\" style=\"background:url(https:\/\/sin2022.s3.us-west-2.amazonaws.com\/2023\/06\/SbjFKGJ7-Design-sem-nome-5.png) ; background-size:cover; background-repeat: no-repeat;\">\n        <div class=\"w-full px-g18 xl:px-9 my-16 lg:my-24\">\n        <div class=\"max-w-[1130px] mx-auto flex\">\n            <div class=\"w-full justify-center\">\n                <div class=\"wpcontent--innerblocks flex flex-col\">\n                    <h2><span style=\"color: #ffffff\"><img loading=\"lazy\" decoding=\"async\" class=\"size-medium wp-image-8978 aligncenter\" src=\"https:\/\/sin2022.s3.us-west-2.amazonaws.com\/2023\/06\/Logo-Implantat_-CINZA-2-300x169.png\" alt=\"\" width=\"300\" height=\"169\" srcset=\"https:\/\/sin2022.s3.us-west-2.amazonaws.com\/2023\/06\/Logo-Implantat_-CINZA-2-300x169.png 300w, https:\/\/sin2022.s3.us-west-2.amazonaws.com\/2023\/06\/Logo-Implantat_-CINZA-2-1024x576.png 1024w, https:\/\/sin2022.s3.us-west-2.amazonaws.com\/2023\/06\/Logo-Implantat_-CINZA-2-768x432.png 768w, https:\/\/sin2022.s3.us-west-2.amazonaws.com\/2023\/06\/Logo-Implantat_-CINZA-2-1536x864.png 1536w, https:\/\/sin2022.s3.us-west-2.amazonaws.com\/2023\/06\/Logo-Implantat_-CINZA-2-2048x1152.png 2048w\" sizes=\"auto, (max-width: 300px) 100vw, 300px\" \/><\/span><\/h2>\n<h2 style=\"text-align: center\"><span style=\"color: #ffffff\">Habitat Educacional de S.I.N. Implant System<\/span><\/h2>\n                <\/div>\n        \n                                    <a class=\"button block mx-auto w-max mt-8\" href=\"https:\/\/es.implantat.com.br\/\" target=\"\"\n                    style=\"background-color: #DF570B; color: #FFFFFF;\">\n                        CURSOS DISPONIBLES                    <\/a>\n                            <\/div>\n        <\/div>\n    <\/div>\n    <\/section>\n\n","protected":false},"excerpt":{"rendered":"SONRISAS QUE GENERAN NUESTRA MEJOR VERSI\u00d3N Creemos que la felicidad, cuando se comparte, se convierte en algo memorable. Es a trav\u00e9s de ella que expresamos, de manera sincera, cari\u00f1o y afecto, teniendo el poder de contagiar y multiplicar.Reforzamos nuestro compromiso &#8216;H2H&#8217;, iniciando el ciclo de sonrisas en la f\u00e1brica a trav\u00e9s de nuestros Colaboradores, con [&hellip;]","protected":false},"author":4,"featured_media":0,"parent":0,"menu_order":0,"comment_status":"closed","ping_status":"closed","template":"","meta":{"_acf_changed":false,"inline_featured_image":false,"footnotes":""},"class_list":["post-8570","page","type-page","status-publish","hentry"],"acf":[],"yoast_head":"<!-- This site is optimized with the Yoast SEO plugin v27.2 - https:\/\/yoast.com\/product\/yoast-seo-wordpress\/ -->\n<title>Nuestro PROP\u00d3SITo - S.I.N. Implant System Espanhol<\/title>\n<meta name=\"robots\" content=\"index, follow, max-snippet:-1, max-image-preview:large, max-video-preview:-1\" \/>\n<link rel=\"canonical\" href=\"https:\/\/sin.betas.visie.link\/es\/wp-json\/wp\/v2\/pages\/8570\/\" \/>\n<meta property=\"og:locale\" content=\"es_ES\" \/>\n<meta property=\"og:type\" content=\"article\" \/>\n<meta property=\"og:title\" content=\"Nuestro PROP\u00d3SITo - S.I.N. Implant System Espanhol\" \/>\n<meta property=\"og:description\" content=\"SONRISAS QUE GENERAN NUESTRA MEJOR VERSI\u00d3N Creemos que la felicidad, cuando se comparte, se convierte en algo memorable. Es a trav\u00e9s de ella que expresamos, de manera sincera, cari\u00f1o y afecto, teniendo el poder de contagiar y multiplicar.Reforzamos nuestro compromiso &#8216;H2H&#8217;, iniciando el ciclo de sonrisas en la f\u00e1brica a trav\u00e9s de nuestros Colaboradores, con [&hellip;]\" \/>\n<meta property=\"og:url\" content=\"https:\/\/sin.betas.visie.link\/es\/quienes-somos\/\" \/>\n<meta property=\"og:site_name\" content=\"S.I.N. Implant System Espanhol\" \/>\n<meta property=\"article:modified_time\" content=\"2024-01-19T14:53:47+00:00\" \/>\n<meta name=\"twitter:card\" content=\"summary_large_image\" \/>\n<meta name=\"twitter:label1\" content=\"Tiempo de lectura\" \/>\n\t<meta name=\"twitter:data1\" content=\"1 minuto\" \/>\n<script type=\"application\/ld+json\" class=\"yoast-schema-graph\">{\"@context\":\"https:\/\/schema.org\",\"@graph\":[{\"@type\":\"WebPage\",\"@id\":\"https:\/\/sin.betas.visie.link\/es\/quienes-somos\/\",\"url\":\"https:\/\/sin.betas.visie.link\/es\/quienes-somos\/\",\"name\":\"Nuestro PROP\u00d3SITo - S.I.N. Implant System Espanhol\",\"isPartOf\":{\"@id\":\"https:\/\/sin.betas.visie.link\/es\/#website\"},\"datePublished\":\"2023-06-21T17:35:06+00:00\",\"dateModified\":\"2024-01-19T14:53:47+00:00\",\"breadcrumb\":{\"@id\":\"https:\/\/sin.betas.visie.link\/es\/quienes-somos\/#breadcrumb\"},\"inLanguage\":\"es\",\"potentialAction\":[{\"@type\":\"ReadAction\",\"target\":[\"https:\/\/sin.betas.visie.link\/es\/quienes-somos\/\"]}]},{\"@type\":\"BreadcrumbList\",\"@id\":\"https:\/\/sin.betas.visie.link\/es\/quienes-somos\/#breadcrumb\",\"itemListElement\":[{\"@type\":\"ListItem\",\"position\":1,\"name\":\"Portada\",\"item\":\"https:\/\/sin.betas.visie.link\/es\/\"},{\"@type\":\"ListItem\",\"position\":2,\"name\":\"Nuestro PROP\u00d3SITo\"}]},{\"@type\":\"WebSite\",\"@id\":\"https:\/\/sin.betas.visie.link\/es\/#website\",\"url\":\"https:\/\/sin.betas.visie.link\/es\/\",\"name\":\"S.I.N. Implant System Espanhol\",\"description\":\"S\u00f3 mais um site SIN\",\"potentialAction\":[{\"@type\":\"SearchAction\",\"target\":{\"@type\":\"EntryPoint\",\"urlTemplate\":\"https:\/\/sin.betas.visie.link\/es\/?s={search_term_string}\"},\"query-input\":{\"@type\":\"PropertyValueSpecification\",\"valueRequired\":true,\"valueName\":\"search_term_string\"}}],\"inLanguage\":\"es\"}]}<\/script>\n<!-- \/ Yoast SEO plugin. -->","yoast_head_json":{"title":"Nuestro PROP\u00d3SITo - S.I.N. Implant System Espanhol","robots":{"index":"index","follow":"follow","max-snippet":"max-snippet:-1","max-image-preview":"max-image-preview:large","max-video-preview":"max-video-preview:-1"},"canonical":"https:\/\/sin.betas.visie.link\/es\/wp-json\/wp\/v2\/pages\/8570\/","og_locale":"es_ES","og_type":"article","og_title":"Nuestro PROP\u00d3SITo - S.I.N. Implant System Espanhol","og_description":"SONRISAS QUE GENERAN NUESTRA MEJOR VERSI\u00d3N Creemos que la felicidad, cuando se comparte, se convierte en algo memorable. Es a trav\u00e9s de ella que expresamos, de manera sincera, cari\u00f1o y afecto, teniendo el poder de contagiar y multiplicar.Reforzamos nuestro compromiso &#8216;H2H&#8217;, iniciando el ciclo de sonrisas en la f\u00e1brica a trav\u00e9s de nuestros Colaboradores, con [&hellip;]","og_url":"https:\/\/sin.betas.visie.link\/es\/quienes-somos\/","og_site_name":"S.I.N. Implant System Espanhol","article_modified_time":"2024-01-19T14:53:47+00:00","twitter_card":"summary_large_image","twitter_misc":{"Tiempo de lectura":"1 minuto"},"schema":{"@context":"https:\/\/schema.org","@graph":[{"@type":"WebPage","@id":"https:\/\/sin.betas.visie.link\/es\/quienes-somos\/","url":"https:\/\/sin.betas.visie.link\/es\/quienes-somos\/","name":"Nuestro PROP\u00d3SITo - S.I.N. Implant System Espanhol","isPartOf":{"@id":"https:\/\/sin.betas.visie.link\/es\/#website"},"datePublished":"2023-06-21T17:35:06+00:00","dateModified":"2024-01-19T14:53:47+00:00","breadcrumb":{"@id":"https:\/\/sin.betas.visie.link\/es\/quienes-somos\/#breadcrumb"},"inLanguage":"es","potentialAction":[{"@type":"ReadAction","target":["https:\/\/sin.betas.visie.link\/es\/quienes-somos\/"]}]},{"@type":"BreadcrumbList","@id":"https:\/\/sin.betas.visie.link\/es\/quienes-somos\/#breadcrumb","itemListElement":[{"@type":"ListItem","position":1,"name":"Portada","item":"https:\/\/sin.betas.visie.link\/es\/"},{"@type":"ListItem","position":2,"name":"Nuestro PROP\u00d3SITo"}]},{"@type":"WebSite","@id":"https:\/\/sin.betas.visie.link\/es\/#website","url":"https:\/\/sin.betas.visie.link\/es\/","name":"S.I.N. Implant System Espanhol","description":"S\u00f3 mais um site SIN","potentialAction":[{"@type":"SearchAction","target":{"@type":"EntryPoint","urlTemplate":"https:\/\/sin.betas.visie.link\/es\/?s={search_term_string}"},"query-input":{"@type":"PropertyValueSpecification","valueRequired":true,"valueName":"search_term_string"}}],"inLanguage":"es"}]}},"_links":{"self":[{"href":"https:\/\/sin.betas.visie.link\/es\/wp-json\/wp\/v2\/pages\/8570","targetHints":{"allow":["GET"]}}],"collection":[{"href":"https:\/\/sin.betas.visie.link\/es\/wp-json\/wp\/v2\/pages"}],"about":[{"href":"https:\/\/sin.betas.visie.link\/es\/wp-json\/wp\/v2\/types\/page"}],"author":[{"embeddable":true,"href":"https:\/\/sin.betas.visie.link\/es\/wp-json\/wp\/v2\/users\/4"}],"replies":[{"embeddable":true,"href":"https:\/\/sin.betas.visie.link\/es\/wp-json\/wp\/v2\/comments?post=8570"}],"version-history":[{"count":20,"href":"https:\/\/sin.betas.visie.link\/es\/wp-json\/wp\/v2\/pages\/8570\/revisions"}],"predecessor-version":[{"id":25845,"href":"https:\/\/sin.betas.visie.link\/es\/wp-json\/wp\/v2\/pages\/8570\/revisions\/25845"}],"wp:attachment":[{"href":"https:\/\/sin.betas.visie.link\/es\/wp-json\/wp\/v2\/media?parent=8570"}],"curies":[{"name":"wp","href":"https:\/\/api.w.org\/{rel}","templated":true}]}}