{"id":8632,"date":"2022-11-03T11:37:12","date_gmt":"2022-11-03T14:37:12","guid":{"rendered":"http:\/\/sin.betas.visie.link\/?page_id=8632"},"modified":"2023-02-01T12:56:33","modified_gmt":"2023-02-01T15:56:33","slug":"missao","status":"publish","type":"page","link":"https:\/\/sin.betas.visie.link\/es\/missao\/","title":{"rendered":"Misi\u00f3n"},"content":{"rendered":"<section>\n    <figure class=\"w-full h-screen bg-black\">\n                    <img decoding=\"async\" class=\"w-full h-full object-cover\" src=\"https:\/\/sin2022.s3.us-west-2.amazonaws.com\/2023\/06\/Banner_Missa%E2%95%A0ao-02.png\" alt=\"NUESTRO PROP\u00d3SITO ES BRINDAR LA REVERBERACI\u00d3N DE LAS SONRISAS\">\n            <\/figure>\n    <div class=\"w-[calc(100%-36px)] lg:w-full max-w-4xl relative -mt-[150px] lg:-mt-[270px] bg-white z-10 mx-g18 lg:mx-auto px-g18 lg:px-32 py-8 lg:py-12\">\n                    <h1 class=\"font-aller text-p4.25 lg:text-t4 lg:leading-10 uppercase mb-4\">NUESTRO PROP\u00d3SITO ES BRINDAR LA REVERBERACI\u00d3N DE LAS SONRISAS<\/h1>\n        \n                    <h2 class=\"font-allerlight text-p5 lg:text-t7 uppercase\">Recuperando la salud y autoestima de pacientes rehabilitados, ofreciendo las mejores soluciones de implantolog\u00eda a nuestros aliados.<\/h2>\n        \n                    <div class=\"wpcontent--innerblocks mt-10 mb-10 lg:mt-14 lg:mb-20\">\n                <h3 class=\"font-aller text-p4.25 lg:text-t4 lg:leading-10 uppercase mb-4\">MISI\u00d3N<\/h3>\n                <p>Permitir la SINERGIA entre nuestros clientes y sus pacientes, haciendo posible mayor felicidad y plenitud a trav\u00e9s de la mejora de las sonrisas.<\/p>\n<h2><\/h2>\n            <\/div>\n        \n                    <div class=\"wpcontent--innerblocks mt-10 mb-10 lg:mt-14 lg:mb-20\">\n                <h3 class=\"font-aller text-p4.25 lg:text-t4 lg:leading-10 uppercase mb-4\">VISI\u00d3N<\/h3>\n                <p><span style=\"font-weight: 400;\">Ser la mejor soluci\u00f3n de implantes, componentes prot\u00e9sicos y soluciones dentales relacionadas, l\u00edder en Brasil y referencia global, con la presencia creciente en los cinco continentes, garantizando la calidad de nuestros productos y la superaci\u00f3n de las expectativas de los clientes en la prestaci\u00f3n de servicios en todo el mundo.<\/span><\/p>\n            <\/div>\n        \n                    <div class=\"mt-10 mb-10 lg:mt-14 lg:mb-20\">\n                <h3 class=\"font-aller text-p4.25 lg:text-t4 lg:leading-10 uppercase mb-4\">VALORES<\/h3>\n                <ul class=\"md:grid md:grid-cols-2 md:gap-x-[0.4rem] list-disc list-inside\">\n                                            <li class=\"text-p5 lg:text-p3\">Dirigido al negocio y al cliente<\/li>\n                                            <li class=\"text-p5 lg:text-p3\">Orientaci\u00f3n a resultados<\/li>\n                                            <li class=\"text-p5 lg:text-p3\">Excelencia en planificaciones<\/li>\n                                            <li class=\"text-p5 lg:text-p3\">Trabajo en Equipo<\/li>\n                                            <li class=\"text-p5 lg:text-p3\">Integridad<\/li>\n                                            <li class=\"text-p5 lg:text-p3\">Liderazgo<\/li>\n                                    <\/ul>\n            <\/div>\n        \n                    <a class=\"mx-auto block px-3 py-2 lg:py-3 lg:px-9 w-max rounded-lg font-allerlight border text-center text-p7 md:text-p6 lg:hover:shadow-lg lg:hover:scale-105 transition-all duration-300\" href=\"https:\/\/www.youtube.com\/watch?v=o08TbCYSPoU&#038;list=PL9CvsioZeurFXejb8xzzsgB2g9gO2DEP5&#038;index=3\"  \n            target=\"\"\n            style=\"\n                background-color: #ef8c07;\n                color: #ffffff;\n                border-color: #EF8C07;\n            \">\n                Conozca tambi\u00e9n nuestra webserie            <\/a>\n            <\/div>\n<\/section>\n\n\n\n<h2 class=\"wp-block-heading\" style=\"font-size:32px\">POL\u00cdTICA DE CALIDAD, MEDIO AMBIENTE, SALUD Y SEGURIDAD OCUPACIONAL<\/h2>\n\n\n\n<p><strong>S.I.N. Sistema de Implante Nacional SA<\/strong>. es una empresa especializada en soluciones para el mercado de implantolog\u00eda. Con gran alcance nacional y presencia internacional, consolid\u00e1ndose como una de las mayores empresas de Am\u00e9rica Latina.<br>Tenemos como principio los siguientes compromisos:<\/p>\n\n\n\n<ul class=\"wp-block-list\">\n<li>Satisfacer a nuestros clientes y accionistas con calidad y atendiendo a sus requisitos;<\/li>\n\n\n\n<li>Satisfacer a nuestros profesionales, desarrollando sus habilidades y proporcionando los conocimientos necesarios para la realizaci\u00f3n de sus actividades;<\/li>\n\n\n\n<li>Eliminar peligros y reducir los riesgos, previniendo lesiones y enfermedades ocupacionales, preocup\u00e1ndose por la seguridad y salud con el compromiso y la participaci\u00f3n de nuestros profesionales y de aquellos bajo el control de la organizaci\u00f3n;<\/li>\n\n\n\n<li>Proteger el medio ambiente, conduciendo nuestras actividades de modo a prevenir la contaminaci\u00f3n ambiental, minimizar los impactos y evitar da\u00f1os ambientales;<\/li>\n\n\n\n<li>Atender los requisitos legales y otros requisitos aplicables asociados a nuestras actividades;<\/li>\n\n\n\n<li>Monitoreo y mejora continua de nuestro Sistema de Gesti\u00f3n de Calidad, Medio Ambiente y de Salud y Seguridad Ocupacional, estableciendo objetivos, metas y programas. Tener a disposici\u00f3n la estructura y los recursos necesarios para su mejora continua, as\u00ed como tambi\u00e9n realizar su an\u00e1lisis cr\u00edtico peri\u00f3dico.<\/li>\n<\/ul>\n\n\n\n<figure class=\"wp-block-image aligncenter size-full\"><img loading=\"lazy\" decoding=\"async\" width=\"501\" height=\"126\" src=\"https:\/\/sin2022.s3.us-west-2.amazonaws.com\/2023\/06\/xyUIIWI1-assinatura.jpg\" alt=\"\" class=\"wp-image-8671\" srcset=\"https:\/\/sin2022.s3.us-west-2.amazonaws.com\/2023\/06\/xyUIIWI1-assinatura-300x75.jpg 300w, https:\/\/sin2022.s3.us-west-2.amazonaws.com\/2023\/06\/xyUIIWI1-assinatura.jpg 501w\" sizes=\"auto, (max-width: 501px) 100vw, 501px\" \/><\/figure>\n\n\n \n\n            <section class=\"box-border block w-full h-auto overflow-hidden\" style=\"background:url(https:\/\/sin2022.s3.us-west-2.amazonaws.com\/2023\/06\/SbjFKGJ7-Design-sem-nome-5.png) ; background-size:cover; background-repeat: no-repeat;\">\n        <div class=\"w-full px-g18 xl:px-9 my-16 lg:my-24\">\n        <div class=\"max-w-[1130px] mx-auto flex\">\n            <div class=\"w-full justify-center\">\n                <div class=\"wpcontent--innerblocks flex flex-col\">\n                    <h2><span style=\"color: #ffffff;\"><img loading=\"lazy\" decoding=\"async\" class=\"size-medium wp-image-8978 aligncenter\" src=\"https:\/\/sin2022.s3.us-west-2.amazonaws.com\/2023\/06\/Logo-Implantat_-CINZA-2-300x169.png\" alt=\"\" width=\"300\" height=\"169\" srcset=\"https:\/\/sin2022.s3.us-west-2.amazonaws.com\/2023\/06\/Logo-Implantat_-CINZA-2-300x169.png 300w, https:\/\/sin2022.s3.us-west-2.amazonaws.com\/2023\/06\/Logo-Implantat_-CINZA-2-1024x576.png 1024w, https:\/\/sin2022.s3.us-west-2.amazonaws.com\/2023\/06\/Logo-Implantat_-CINZA-2-768x432.png 768w, https:\/\/sin2022.s3.us-west-2.amazonaws.com\/2023\/06\/Logo-Implantat_-CINZA-2-1536x864.png 1536w, https:\/\/sin2022.s3.us-west-2.amazonaws.com\/2023\/06\/Logo-Implantat_-CINZA-2-2048x1152.png 2048w\" sizes=\"auto, (max-width: 300px) 100vw, 300px\" \/><\/span><\/h2>\n<h2 style=\"text-align: center;\"><span style=\"color: #ffffff;\">Habitat Educacional de S.I.N. Implant System<\/span><\/h2>\n                <\/div>\n        \n                                    <a class=\"button block mx-auto w-max mt-8\" href=\"https:\/\/es.implantat.com.br\/\" target=\"\"\n                    style=\"background-color: #df570b; color: #FFFFFF;\">\n                        CURSOS DISPONIBLES                    <\/a>\n                            <\/div>\n        <\/div>\n    <\/div>\n    <\/section>\n\n","protected":false},"excerpt":{"rendered":"POL\u00cdTICA DE CALIDAD, MEDIO AMBIENTE, SALUD Y SEGURIDAD OCUPACIONAL S.I.N. Sistema de Implante Nacional SA. es una empresa especializada en soluciones para el mercado de implantolog\u00eda. Con gran alcance nacional y presencia internacional, consolid\u00e1ndose como una de las mayores empresas de Am\u00e9rica Latina.Tenemos como principio los siguientes compromisos:","protected":false},"author":3,"featured_media":0,"parent":0,"menu_order":0,"comment_status":"closed","ping_status":"closed","template":"","meta":{"_acf_changed":false,"inline_featured_image":false,"footnotes":""},"class_list":["post-8632","page","type-page","status-publish","hentry"],"acf":[],"yoast_head":"<!-- This site is optimized with the Yoast SEO plugin v27.2 - https:\/\/yoast.com\/product\/yoast-seo-wordpress\/ -->\n<title>Misi\u00f3n - S.I.N. Implant System Espanhol<\/title>\n<meta name=\"robots\" content=\"index, follow, max-snippet:-1, max-image-preview:large, max-video-preview:-1\" \/>\n<link rel=\"canonical\" href=\"https:\/\/sin.betas.visie.link\/es\/wp-json\/wp\/v2\/pages\/8632\/\" \/>\n<meta property=\"og:locale\" content=\"es_ES\" \/>\n<meta property=\"og:type\" content=\"article\" \/>\n<meta property=\"og:title\" content=\"Misi\u00f3n - S.I.N. Implant System Espanhol\" \/>\n<meta property=\"og:description\" content=\"POL\u00cdTICA DE CALIDAD, MEDIO AMBIENTE, SALUD Y SEGURIDAD OCUPACIONAL S.I.N. Sistema de Implante Nacional SA. es una empresa especializada en soluciones para el mercado de implantolog\u00eda. Con gran alcance nacional y presencia internacional, consolid\u00e1ndose como una de las mayores empresas de Am\u00e9rica Latina.Tenemos como principio los siguientes compromisos:\" \/>\n<meta property=\"og:url\" content=\"https:\/\/sin.betas.visie.link\/es\/missao\/\" \/>\n<meta property=\"og:site_name\" content=\"S.I.N. Implant System Espanhol\" \/>\n<meta property=\"article:modified_time\" content=\"2023-02-01T15:56:33+00:00\" \/>\n<meta property=\"og:image\" content=\"http:\/\/sin.betas.visie.link\/es\/wp-content\/uploads\/sites\/4\/2022\/11\/xyUIIWI1-assinatura.jpg\" \/>\n<meta name=\"twitter:card\" content=\"summary_large_image\" \/>\n<meta name=\"twitter:label1\" content=\"Tiempo de lectura\" \/>\n\t<meta name=\"twitter:data1\" content=\"1 minuto\" \/>\n<script type=\"application\/ld+json\" class=\"yoast-schema-graph\">{\"@context\":\"https:\/\/schema.org\",\"@graph\":[{\"@type\":\"WebPage\",\"@id\":\"https:\/\/sin.betas.visie.link\/es\/missao\/\",\"url\":\"https:\/\/sin.betas.visie.link\/es\/missao\/\",\"name\":\"Misi\u00f3n - S.I.N. Implant System Espanhol\",\"isPartOf\":{\"@id\":\"https:\/\/sin.betas.visie.link\/es\/#website\"},\"primaryImageOfPage\":{\"@id\":\"https:\/\/sin.betas.visie.link\/es\/missao\/#primaryimage\"},\"image\":{\"@id\":\"https:\/\/sin.betas.visie.link\/es\/missao\/#primaryimage\"},\"thumbnailUrl\":\"http:\/\/sin.betas.visie.link\/es\/wp-content\/uploads\/sites\/4\/2022\/11\/xyUIIWI1-assinatura.jpg\",\"datePublished\":\"2022-11-03T14:37:12+00:00\",\"dateModified\":\"2023-02-01T15:56:33+00:00\",\"breadcrumb\":{\"@id\":\"https:\/\/sin.betas.visie.link\/es\/missao\/#breadcrumb\"},\"inLanguage\":\"es\",\"potentialAction\":[{\"@type\":\"ReadAction\",\"target\":[\"https:\/\/sin.betas.visie.link\/es\/missao\/\"]}]},{\"@type\":\"ImageObject\",\"inLanguage\":\"es\",\"@id\":\"https:\/\/sin.betas.visie.link\/es\/missao\/#primaryimage\",\"url\":\"http:\/\/sin.betas.visie.link\/es\/wp-content\/uploads\/sites\/4\/2022\/11\/xyUIIWI1-assinatura.jpg\",\"contentUrl\":\"http:\/\/sin.betas.visie.link\/es\/wp-content\/uploads\/sites\/4\/2022\/11\/xyUIIWI1-assinatura.jpg\"},{\"@type\":\"BreadcrumbList\",\"@id\":\"https:\/\/sin.betas.visie.link\/es\/missao\/#breadcrumb\",\"itemListElement\":[{\"@type\":\"ListItem\",\"position\":1,\"name\":\"Portada\",\"item\":\"https:\/\/sin.betas.visie.link\/es\/\"},{\"@type\":\"ListItem\",\"position\":2,\"name\":\"Misi\u00f3n\"}]},{\"@type\":\"WebSite\",\"@id\":\"https:\/\/sin.betas.visie.link\/es\/#website\",\"url\":\"https:\/\/sin.betas.visie.link\/es\/\",\"name\":\"S.I.N. Implant System Espanhol\",\"description\":\"S\u00f3 mais um site SIN\",\"potentialAction\":[{\"@type\":\"SearchAction\",\"target\":{\"@type\":\"EntryPoint\",\"urlTemplate\":\"https:\/\/sin.betas.visie.link\/es\/?s={search_term_string}\"},\"query-input\":{\"@type\":\"PropertyValueSpecification\",\"valueRequired\":true,\"valueName\":\"search_term_string\"}}],\"inLanguage\":\"es\"}]}<\/script>\n<!-- \/ Yoast SEO plugin. -->","yoast_head_json":{"title":"Misi\u00f3n - S.I.N. Implant System Espanhol","robots":{"index":"index","follow":"follow","max-snippet":"max-snippet:-1","max-image-preview":"max-image-preview:large","max-video-preview":"max-video-preview:-1"},"canonical":"https:\/\/sin.betas.visie.link\/es\/wp-json\/wp\/v2\/pages\/8632\/","og_locale":"es_ES","og_type":"article","og_title":"Misi\u00f3n - S.I.N. Implant System Espanhol","og_description":"POL\u00cdTICA DE CALIDAD, MEDIO AMBIENTE, SALUD Y SEGURIDAD OCUPACIONAL S.I.N. Sistema de Implante Nacional SA. es una empresa especializada en soluciones para el mercado de implantolog\u00eda. Con gran alcance nacional y presencia internacional, consolid\u00e1ndose como una de las mayores empresas de Am\u00e9rica Latina.Tenemos como principio los siguientes compromisos:","og_url":"https:\/\/sin.betas.visie.link\/es\/missao\/","og_site_name":"S.I.N. Implant System Espanhol","article_modified_time":"2023-02-01T15:56:33+00:00","og_image":[{"url":"http:\/\/sin.betas.visie.link\/es\/wp-content\/uploads\/sites\/4\/2022\/11\/xyUIIWI1-assinatura.jpg","type":"","width":"","height":""}],"twitter_card":"summary_large_image","twitter_misc":{"Tiempo de lectura":"1 minuto"},"schema":{"@context":"https:\/\/schema.org","@graph":[{"@type":"WebPage","@id":"https:\/\/sin.betas.visie.link\/es\/missao\/","url":"https:\/\/sin.betas.visie.link\/es\/missao\/","name":"Misi\u00f3n - S.I.N. Implant System Espanhol","isPartOf":{"@id":"https:\/\/sin.betas.visie.link\/es\/#website"},"primaryImageOfPage":{"@id":"https:\/\/sin.betas.visie.link\/es\/missao\/#primaryimage"},"image":{"@id":"https:\/\/sin.betas.visie.link\/es\/missao\/#primaryimage"},"thumbnailUrl":"http:\/\/sin.betas.visie.link\/es\/wp-content\/uploads\/sites\/4\/2022\/11\/xyUIIWI1-assinatura.jpg","datePublished":"2022-11-03T14:37:12+00:00","dateModified":"2023-02-01T15:56:33+00:00","breadcrumb":{"@id":"https:\/\/sin.betas.visie.link\/es\/missao\/#breadcrumb"},"inLanguage":"es","potentialAction":[{"@type":"ReadAction","target":["https:\/\/sin.betas.visie.link\/es\/missao\/"]}]},{"@type":"ImageObject","inLanguage":"es","@id":"https:\/\/sin.betas.visie.link\/es\/missao\/#primaryimage","url":"http:\/\/sin.betas.visie.link\/es\/wp-content\/uploads\/sites\/4\/2022\/11\/xyUIIWI1-assinatura.jpg","contentUrl":"http:\/\/sin.betas.visie.link\/es\/wp-content\/uploads\/sites\/4\/2022\/11\/xyUIIWI1-assinatura.jpg"},{"@type":"BreadcrumbList","@id":"https:\/\/sin.betas.visie.link\/es\/missao\/#breadcrumb","itemListElement":[{"@type":"ListItem","position":1,"name":"Portada","item":"https:\/\/sin.betas.visie.link\/es\/"},{"@type":"ListItem","position":2,"name":"Misi\u00f3n"}]},{"@type":"WebSite","@id":"https:\/\/sin.betas.visie.link\/es\/#website","url":"https:\/\/sin.betas.visie.link\/es\/","name":"S.I.N. Implant System Espanhol","description":"S\u00f3 mais um site SIN","potentialAction":[{"@type":"SearchAction","target":{"@type":"EntryPoint","urlTemplate":"https:\/\/sin.betas.visie.link\/es\/?s={search_term_string}"},"query-input":{"@type":"PropertyValueSpecification","valueRequired":true,"valueName":"search_term_string"}}],"inLanguage":"es"}]}},"_links":{"self":[{"href":"https:\/\/sin.betas.visie.link\/es\/wp-json\/wp\/v2\/pages\/8632","targetHints":{"allow":["GET"]}}],"collection":[{"href":"https:\/\/sin.betas.visie.link\/es\/wp-json\/wp\/v2\/pages"}],"about":[{"href":"https:\/\/sin.betas.visie.link\/es\/wp-json\/wp\/v2\/types\/page"}],"author":[{"embeddable":true,"href":"https:\/\/sin.betas.visie.link\/es\/wp-json\/wp\/v2\/users\/3"}],"replies":[{"embeddable":true,"href":"https:\/\/sin.betas.visie.link\/es\/wp-json\/wp\/v2\/comments?post=8632"}],"version-history":[{"count":17,"href":"https:\/\/sin.betas.visie.link\/es\/wp-json\/wp\/v2\/pages\/8632\/revisions"}],"predecessor-version":[{"id":25158,"href":"https:\/\/sin.betas.visie.link\/es\/wp-json\/wp\/v2\/pages\/8632\/revisions\/25158"}],"wp:attachment":[{"href":"https:\/\/sin.betas.visie.link\/es\/wp-json\/wp\/v2\/media?parent=8632"}],"curies":[{"name":"wp","href":"https:\/\/api.w.org\/{rel}","templated":true}]}}