{"id":8779,"date":"2022-11-16T14:03:41","date_gmt":"2022-11-16T17:03:41","guid":{"rendered":"http:\/\/sin.betas.visie.link\/?page_id=8779"},"modified":"2024-05-13T17:28:52","modified_gmt":"2024-05-13T20:28:52","slug":"casos-clinicos","status":"publish","type":"page","link":"https:\/\/sin.betas.visie.link\/es\/casos-clinicos\/","title":{"rendered":"Casos cl\u00ednicos"},"content":{"rendered":"\n<section class=\"single-product-variation\">\n    <picture class=\"hidden md:block box-border w-full h-screen relative\" style=\"background:url('https:\/\/sin2022.s3.us-west-2.amazonaws.com\/sites\/4\/2024\/05\/casosclinicos.png') ; background-size:cover; background-repeat: no-repeat; background-position: center;\">\n                <div class=\"absolute top-0 left-0 w-full h-full\" style=\"background-color:rgba(0,0,0,0);\">\n            <div class=\"px-g18 xl:px-9 pt-11 pb-32 lg:py-32 lg:max-w-[1440px] w-full h-full flex md:items-center mx-auto\">\n                <div class=\"w-full h-full flex\" style=\"justify-content: left; align-items: center \">\n                <div class=\"md:max-w-[45%]\">\n                    <div class=\"wpcontent--innerblocks\">\n                        <h1 aria-label=\"S.I.N. Solutions\"><span style=\"color: #ffffff;\">CASOS CL\u00cdNICOS<\/span><\/h1>\n<p><span style=\"color: #ffffff;\"><strong>Tu investigaci\u00f3n merece reconocimiento. Comparte tus casos cl\u00ednicos y ten la oportunidad de ser destacado en la pr\u00f3xima edici\u00f3n de la revista cient\u00edfica.<\/strong><\/span><\/p>\n                    <\/div>\n            \n                                    <\/div>\n                <\/div>\n            <\/div>\n        <\/div>\n    <\/picture>\n    \n    <picture class=\"block md:hidden box-border w-full max-lg:h-screen lg:h-screen relative\" style=\"background:url('https:\/\/sin2022.s3.us-west-2.amazonaws.com\/sites\/4\/2024\/05\/mobilecasosclinicos.png') ; background-size:cover; background-repeat: no-repeat; background-position: center;;\">\n                <div class=\"absolute top-0 left-0 w-full h-full\">\n            <div class=\"px-g18 xl:px-9 py-11 lg:max-w-[1440px] w-full h-full flex md:items-center mx-auto\">\n                <div class=\"w-full flex\" style=\"justify-content: center\">\n                    <div class=\"w-full md:max-w-[45%]\">\n                        <div class=\"wpcontent--innerblocks\">\n                            <h1 aria-label=\"S.I.N. Solutions\"><span style=\"color: #ffffff;\">CASOS CL\u00cdNICOS<\/span><\/h1>\n<p><span style=\"color: #ffffff;\"><strong>Tu investigaci\u00f3n merece reconocimiento. Comparte tus casos cl\u00ednicos y ten la oportunidad de ser destacado en la pr\u00f3xima edici\u00f3n de la revista cient\u00edfica.<\/strong><\/span><\/p>\n                        <\/div>\n            \n                                            <\/div>\n                <\/div>\n            <\/div>\n        <\/div>\n        \n                    <button class=\"-js-bannerbg-btn absolute lg:hidden w-[70px] bottom-4 left-[calc(50%-35px)] animate-bounce\">\n                <svg width=\"70\" height=\"70\" viewBox=\"0 0 70 70\" fill=\"none\" xmlns=\"http:\/\/www.w3.org\/2000\/svg\"><g filter=\"url(#filter0_i_3_226)\"><circle cx=\"35\" cy=\"35\" r=\"35\" fill=\"black\" fill-opacity=\"0.32\"\/><\/g><path d=\"M55 31L34 47L13 31\" stroke=\"white\" stroke-width=\"4\" stroke-linecap=\"round\" stroke-linejoin=\"round\"\/><defs><filter id=\"filter0_i_3_226\" x=\"0\" y=\"0\" width=\"70\" height=\"74\" filterUnits=\"userSpaceOnUse\" color-interpolation-filters=\"sRGB\"><feFlood flood-opacity=\"0\" result=\"BackgroundImageFix\"\/><feBlend mode=\"normal\" in=\"SourceGraphic\" in2=\"BackgroundImageFix\" result=\"shape\"\/><feColorMatrix in=\"SourceAlpha\" type=\"matrix\" values=\"0 0 0 0 0 0 0 0 0 0 0 0 0 0 0 0 0 0 127 0\" result=\"hardAlpha\"\/><feOffset dy=\"4\"\/><feGaussianBlur stdDeviation=\"3.5\"\/><feComposite in2=\"hardAlpha\" operator=\"arithmetic\" k2=\"-1\" k3=\"1\"\/><feColorMatrix type=\"matrix\" values=\"0 0 0 0 0 0 0 0 0 0 0 0 0 0 0 0 0 0 0.25 0\"\/><feBlend mode=\"normal\" in2=\"shape\" result=\"effect1_innerShadow_3_226\"\/><\/filter><\/defs><\/svg>            <\/button>\n            <\/picture>\n<\/section>\n\n\n\n<div class=\"wpcf7 no-js\" id=\"wpcf7-f8778-o1\" lang=\"pt-BR\" dir=\"ltr\" data-wpcf7-id=\"8778\">\n<div class=\"screen-reader-response\"><p role=\"status\" aria-live=\"polite\" aria-atomic=\"true\"><\/p> <ul><\/ul><\/div>\n<form action=\"\/es\/wp-json\/wp\/v2\/pages\/8779#wpcf7-f8778-o1\" method=\"post\" class=\"wpcf7-form init\" aria-label=\"Formul\u00e1rios de contato\" enctype=\"multipart\/form-data\" novalidate=\"novalidate\" data-status=\"init\" name=\"Casos cl\u00ednicos\" title=\"Casos cl\u00ednicos\">\n<fieldset class=\"hidden-fields-container\"><input type=\"hidden\" name=\"_wpcf7\" value=\"8778\" \/><input type=\"hidden\" name=\"_wpcf7_version\" value=\"6.1.5\" \/><input type=\"hidden\" name=\"_wpcf7_locale\" value=\"pt_BR\" \/><input type=\"hidden\" name=\"_wpcf7_unit_tag\" value=\"wpcf7-f8778-o1\" \/><input type=\"hidden\" name=\"_wpcf7_container_post\" value=\"0\" \/><input type=\"hidden\" name=\"_wpcf7_posted_data_hash\" value=\"\" \/>\n<\/fieldset>\n<div class=\"form_content\" data-title=\"Casos cl\u00ednicos\"><div class=\"casos-clinicos-form\">\n<fieldset class=\"form-autor\">\n<div class=\"form-container\">\n\n<h2>COMPARTE TUS CASOS CL\u00cdNICOS CON S.I.N. IMPLANT SYSTEM<\/h2>\n\n<h3 class=\"form-subtitle\">SI YA HAS TENIDO LA OPORTUNIDAD DE CONDUCIR UN CASO CL\u00cdNICO QUE TE GUSTAR\u00cdA COMPARTIR, POR FAVOR, LLENA EL FORMULARIO A CONTINUACI\u00d3N. REALIZAREMOS UNA AN\u00c1LISIS DETALLADO Y, SI ES APROBADO, TU CASO SER\u00c1 DESTACADO EN LA PR\u00d3XIMA EDICI\u00d3N DE LA REVISTA CIENT\u00cdFICA S.I.N.<\/h3>\n\n<h2>SOBRE EL AUTOR<\/h2>\n\n<div class=\"group-form-2\">\n<label> Nombre\n    <span class=\"wpcf7-form-control-wrap\" data-name=\"nombre\"><input size=\"40\" maxlength=\"400\" class=\"wpcf7-form-control wpcf7-text wpcf7-validates-as-required\" aria-required=\"true\" aria-invalid=\"false\" placeholder=\"Nombre del autor\" value=\"\" type=\"text\" name=\"nombre\" \/><\/span> <\/label>\n\n<label> E-mail\n    <span class=\"wpcf7-form-control-wrap\" data-name=\"email\"><input size=\"40\" maxlength=\"400\" class=\"wpcf7-form-control wpcf7-email wpcf7-validates-as-required wpcf7-text wpcf7-validates-as-email\" aria-required=\"true\" aria-invalid=\"false\" placeholder=\"Su mejor e-mail\" value=\"\" type=\"email\" name=\"email\" \/><\/span> <\/label>\n<\/div>\n\n<div class=\"group-form-3\">\n<label> CEP\n    <span class=\"wpcf7-form-control-wrap\" data-name=\"cep\"><input size=\"40\" maxlength=\"400\" class=\"wpcf7-form-control wpcf7-text wpcf7-validates-as-required\" aria-required=\"true\" aria-invalid=\"false\" placeholder=\"00000-000\" value=\"\" type=\"text\" name=\"cep\" \/><\/span> <\/label>\n\n<label> Direccio\u0144\n    <span class=\"wpcf7-form-control-wrap\" data-name=\"endereco\"><input size=\"40\" maxlength=\"400\" class=\"wpcf7-form-control wpcf7-text wpcf7-validates-as-required\" aria-required=\"true\" aria-invalid=\"false\" placeholder=\"Digite seu endere\u00e7o\" value=\"\" type=\"text\" name=\"endereco\" \/><\/span> <\/label>\n\n<label class=\"label-full\"> Complemento\n    <span class=\"wpcf7-form-control-wrap\" data-name=\"complemento\"><input size=\"40\" maxlength=\"400\" class=\"wpcf7-form-control wpcf7-text\" aria-invalid=\"false\" placeholder=\"Ex: Casa Trasera, Segundo Piso...\" value=\"\" type=\"text\" name=\"complemento\" \/><\/span> <\/label>\n<\/div>\n\n<div class=\"group-form-4\">\n<label> Pa\u00eds\n    <span class=\"wpcf7-form-control-wrap\" data-name=\"pais\"><input size=\"40\" maxlength=\"400\" class=\"wpcf7-form-control wpcf7-text wpcf7-validates-as-required\" aria-required=\"true\" aria-invalid=\"false\" placeholder=\"Ex: Brasil\" value=\"\" type=\"text\" name=\"pais\" \/><\/span> <\/label>\n\n<label> Estado\n    <span class=\"wpcf7-form-control-wrap\" data-name=\"estado\"><input size=\"40\" maxlength=\"400\" class=\"wpcf7-form-control wpcf7-text wpcf7-validates-as-required\" aria-required=\"true\" aria-invalid=\"false\" placeholder=\"Ex: SP\" value=\"\" type=\"text\" name=\"estado\" \/><\/span> <\/label>\n\n<label> Ciudad\n    <span class=\"wpcf7-form-control-wrap\" data-name=\"cidade\"><input size=\"40\" maxlength=\"400\" class=\"wpcf7-form-control wpcf7-text wpcf7-validates-as-required\" aria-required=\"true\" aria-invalid=\"false\" placeholder=\"Ex: Sorocaba\" value=\"\" type=\"text\" name=\"cidade\" \/><\/span> <\/label>\n\n<label> Tel\u00e9fono\n    <span class=\"wpcf7-form-control-wrap\" data-name=\"telefone\"><input size=\"40\" maxlength=\"400\" class=\"wpcf7-form-control wpcf7-text wpcf7-validates-as-required\" aria-required=\"true\" aria-invalid=\"false\" placeholder=\"(00) 00000-0000\" value=\"\" type=\"text\" name=\"telefone\" \/><\/span> <\/label>\n<\/div>\n\n<label> <h3>COMPARTIR A CONTINUACI\u00d3N O, SI PREFIERE, ENVIAR UN RESUMEN DE SUS PRINCIPALES LOGROS PROFESIONALES Y CALIFICACIONES ACAD\u00c9MICAS.<\/h3>\n<span class=\"wpcf7-form-control-wrap\" data-name=\"resumo\"><textarea cols=\"40\" rows=\"10\" maxlength=\"2000\" class=\"wpcf7-form-control wpcf7-textarea wpcf7-validates-as-required\" aria-required=\"true\" aria-invalid=\"false\" placeholder=\"Ej.: Escriba abajo o si lo env\u00ede un resumen de sus Destaques Profesionales y Calificaciones Acad\u00e9micas\" name=\"resumo\"><\/textarea><\/span> <\/label>\n\n<label>\n<span class=\"wpcf7-form-control-wrap\" data-name=\"file-642\"><input size=\"40\" class=\"wpcf7-form-control wpcf7-file wpcf7-validates-as-required\" accept=\".doc,.docx,.dot,.dotx,.pdf\" aria-required=\"true\" aria-invalid=\"false\" type=\"file\" name=\"file-642\" \/><\/span>\n<span>Archivos permitidos: DOC, DOCX y PDF. Tama\u00f1o m\u00e1ximo del archivo: 128MB <\/span>\n<\/label>\n<\/div>\n<\/fieldset>\n\n<fieldset class=\"form-caso\">\n<div class=\"form-container\">\n<h2>SOBRE EL CASO CL\u00cdNICO<\/h2>\n\n<h3 class=\"form-subtitle\">Los casos cl\u00ednicos deben llevarse a cabo exclusivamente utilizando las soluciones de S.I.N. Implant System. En caso de ser necesario utilizar productos de otras marcas, estos deben ser estrictamente aquellos que no formen parte del portafolio de S.I.N. Las t\u00e9cnicas empleadas durante el procedimiento quir\u00fargico deben estar en total conformidad con las instrucciones de las soluciones de S.I.N., al igual que las im\u00e1genes correspondientes.<\/h3>\n\n<label> T\u00edtulo del Caso Cl\u00ednico\n    <span class=\"wpcf7-form-control-wrap\" data-name=\"caso_clinico\"><input size=\"40\" maxlength=\"400\" class=\"wpcf7-form-control wpcf7-text wpcf7-validates-as-required\" aria-required=\"true\" aria-invalid=\"false\" placeholder=\"Ej: Caso cl\u00ednico Epikut\" value=\"\" type=\"text\" name=\"caso_clinico\" \/><\/span> <\/label>\n\n<label> Resumen del Caso Cl\u00ednico\n<span class=\"wpcf7-form-control-wrap\" data-name=\"resumo_caso\"><textarea cols=\"40\" rows=\"10\" maxlength=\"2000\" class=\"wpcf7-form-control wpcf7-textarea wpcf7-validates-as-required\" aria-required=\"true\" aria-invalid=\"false\" placeholder=\"La descripci\u00f3n de su caso cl\u00ednico es de factor crucial para nuestra evaluaci\u00f3n y divulgaci\u00f3n, este es quien servir\u00e1 de portavoz para su trabajo y \u00e9xito obtenido, entonces, \u00a1esm\u00e9rese!\" name=\"resumo_caso\"><\/textarea><\/span> <\/label>\n\n<label> Sobre el paciente\n<span class=\"wpcf7-form-control-wrap\" data-name=\"paciente\"><textarea cols=\"40\" rows=\"10\" maxlength=\"2000\" class=\"wpcf7-form-control wpcf7-textarea wpcf7-validates-as-required\" aria-required=\"true\" aria-invalid=\"false\" placeholder=\"Especificar g\u00e9nero, edad, anamnesis y un breve resumen sobre la planificaci\u00f3n quir\u00fargica.\" name=\"paciente\"><\/textarea><\/span> <\/label>\n\n<label> Descripci\u00f3n del caso\n<span class=\"wpcf7-form-control-wrap\" data-name=\"descricao_caso\"><textarea cols=\"40\" rows=\"10\" maxlength=\"2000\" class=\"wpcf7-form-control wpcf7-textarea wpcf7-validates-as-required\" aria-required=\"true\" aria-invalid=\"false\" placeholder=\"Especifique sexo, idade, anamnese e um breve resumo sobre o planejamento cir\u00fargico.\" name=\"descricao_caso\"><\/textarea><\/span> <\/label>\n\n<label> Conclusi\u00f3n\n<span class=\"wpcf7-form-control-wrap\" data-name=\"conclusao\"><textarea cols=\"40\" rows=\"10\" maxlength=\"2000\" class=\"wpcf7-form-control wpcf7-textarea wpcf7-validates-as-required\" aria-required=\"true\" aria-invalid=\"false\" placeholder=\"Concluya su caso sucintamente, pero especificando la condici\u00f3n del paciente, la planificaci\u00f3n de la cirug\u00eda y los resultados obtenidos. Aqu\u00ed podr\u00e1 exaltar los productos utilizados y los tipos de procedimientos necesarios para su uso, de modo que el lector tenga total comprensi\u00f3n y pueda utilizarlo como ejemplo sin ninguna duda.\" name=\"conclusao\"><\/textarea><\/span> <\/label>\n\n<label>\n<h3>Adjunte las fotos del Caso Cl\u00ednico<\/h3>\n<span class=\"wpcf7-form-control-wrap\" data-name=\"file-209\"><input size=\"40\" class=\"wpcf7-form-control wpcf7-file\" accept=\".doc,.docx,.dot,.dotx,.pdf,.jpg,.jpeg,.png,.gif,.tiff,.ppt,.pptx\" aria-invalid=\"false\" type=\"file\" name=\"file-209\" \/><\/span>\n<span>Archivos permitidos: JPG, PNG, GIF, TIFF, PDF, PPT, PPTX, DOC, DOCX. Tama\u00f1o m\u00e1ximo del archivo: 60MB<\/span>\n<\/label>\n<\/div>\n<\/fieldset>\n\n<input class=\"wpcf7-form-control wpcf7-submit has-spinner\" type=\"submit\" value=\"Enviar caso cl\u00ednico\" \/>\n\n<\/div><\/div><div class=\"wpcf7-response-output\" aria-hidden=\"true\"><\/div>\n<\/form>\n<\/div>\n\n","protected":false},"excerpt":{"rendered":"","protected":false},"author":3,"featured_media":0,"parent":0,"menu_order":0,"comment_status":"closed","ping_status":"closed","template":"","meta":{"_acf_changed":false,"inline_featured_image":false,"footnotes":""},"class_list":["post-8779","page","type-page","status-publish","hentry"],"acf":[],"yoast_head":"<!-- This site is optimized with the Yoast SEO plugin v27.2 - https:\/\/yoast.com\/product\/yoast-seo-wordpress\/ -->\n<title>Casos cl\u00ednicos - S.I.N. Implant System Espanhol<\/title>\n<meta name=\"robots\" content=\"index, follow, max-snippet:-1, max-image-preview:large, max-video-preview:-1\" \/>\n<link rel=\"canonical\" href=\"https:\/\/sin.betas.visie.link\/es\/wp-json\/wp\/v2\/pages\/8779\/\" \/>\n<meta property=\"og:locale\" content=\"es_ES\" \/>\n<meta property=\"og:type\" content=\"article\" \/>\n<meta property=\"og:title\" content=\"Casos cl\u00ednicos - S.I.N. Implant System Espanhol\" \/>\n<meta property=\"og:url\" content=\"https:\/\/sin.betas.visie.link\/es\/casos-clinicos\/\" \/>\n<meta property=\"og:site_name\" content=\"S.I.N. Implant System Espanhol\" \/>\n<meta property=\"article:modified_time\" content=\"2024-05-13T20:28:52+00:00\" \/>\n<meta name=\"twitter:card\" content=\"summary_large_image\" \/>\n<meta name=\"twitter:label1\" content=\"Tiempo de lectura\" \/>\n\t<meta name=\"twitter:data1\" content=\"1 minuto\" \/>\n<script type=\"application\/ld+json\" class=\"yoast-schema-graph\">{\"@context\":\"https:\/\/schema.org\",\"@graph\":[{\"@type\":\"WebPage\",\"@id\":\"https:\/\/sin.betas.visie.link\/es\/casos-clinicos\/\",\"url\":\"https:\/\/sin.betas.visie.link\/es\/casos-clinicos\/\",\"name\":\"Casos cl\u00ednicos - S.I.N. Implant System Espanhol\",\"isPartOf\":{\"@id\":\"https:\/\/sin.betas.visie.link\/es\/#website\"},\"datePublished\":\"2022-11-16T17:03:41+00:00\",\"dateModified\":\"2024-05-13T20:28:52+00:00\",\"breadcrumb\":{\"@id\":\"https:\/\/sin.betas.visie.link\/es\/casos-clinicos\/#breadcrumb\"},\"inLanguage\":\"es\",\"potentialAction\":[{\"@type\":\"ReadAction\",\"target\":[\"https:\/\/sin.betas.visie.link\/es\/casos-clinicos\/\"]}]},{\"@type\":\"BreadcrumbList\",\"@id\":\"https:\/\/sin.betas.visie.link\/es\/casos-clinicos\/#breadcrumb\",\"itemListElement\":[{\"@type\":\"ListItem\",\"position\":1,\"name\":\"Portada\",\"item\":\"https:\/\/sin.betas.visie.link\/es\/\"},{\"@type\":\"ListItem\",\"position\":2,\"name\":\"Casos cl\u00ednicos\"}]},{\"@type\":\"WebSite\",\"@id\":\"https:\/\/sin.betas.visie.link\/es\/#website\",\"url\":\"https:\/\/sin.betas.visie.link\/es\/\",\"name\":\"S.I.N. Implant System Espanhol\",\"description\":\"S\u00f3 mais um site SIN\",\"potentialAction\":[{\"@type\":\"SearchAction\",\"target\":{\"@type\":\"EntryPoint\",\"urlTemplate\":\"https:\/\/sin.betas.visie.link\/es\/?s={search_term_string}\"},\"query-input\":{\"@type\":\"PropertyValueSpecification\",\"valueRequired\":true,\"valueName\":\"search_term_string\"}}],\"inLanguage\":\"es\"}]}<\/script>\n<!-- \/ Yoast SEO plugin. -->","yoast_head_json":{"title":"Casos cl\u00ednicos - S.I.N. Implant System Espanhol","robots":{"index":"index","follow":"follow","max-snippet":"max-snippet:-1","max-image-preview":"max-image-preview:large","max-video-preview":"max-video-preview:-1"},"canonical":"https:\/\/sin.betas.visie.link\/es\/wp-json\/wp\/v2\/pages\/8779\/","og_locale":"es_ES","og_type":"article","og_title":"Casos cl\u00ednicos - S.I.N. Implant System Espanhol","og_url":"https:\/\/sin.betas.visie.link\/es\/casos-clinicos\/","og_site_name":"S.I.N. Implant System Espanhol","article_modified_time":"2024-05-13T20:28:52+00:00","twitter_card":"summary_large_image","twitter_misc":{"Tiempo de lectura":"1 minuto"},"schema":{"@context":"https:\/\/schema.org","@graph":[{"@type":"WebPage","@id":"https:\/\/sin.betas.visie.link\/es\/casos-clinicos\/","url":"https:\/\/sin.betas.visie.link\/es\/casos-clinicos\/","name":"Casos cl\u00ednicos - S.I.N. Implant System Espanhol","isPartOf":{"@id":"https:\/\/sin.betas.visie.link\/es\/#website"},"datePublished":"2022-11-16T17:03:41+00:00","dateModified":"2024-05-13T20:28:52+00:00","breadcrumb":{"@id":"https:\/\/sin.betas.visie.link\/es\/casos-clinicos\/#breadcrumb"},"inLanguage":"es","potentialAction":[{"@type":"ReadAction","target":["https:\/\/sin.betas.visie.link\/es\/casos-clinicos\/"]}]},{"@type":"BreadcrumbList","@id":"https:\/\/sin.betas.visie.link\/es\/casos-clinicos\/#breadcrumb","itemListElement":[{"@type":"ListItem","position":1,"name":"Portada","item":"https:\/\/sin.betas.visie.link\/es\/"},{"@type":"ListItem","position":2,"name":"Casos cl\u00ednicos"}]},{"@type":"WebSite","@id":"https:\/\/sin.betas.visie.link\/es\/#website","url":"https:\/\/sin.betas.visie.link\/es\/","name":"S.I.N. Implant System Espanhol","description":"S\u00f3 mais um site SIN","potentialAction":[{"@type":"SearchAction","target":{"@type":"EntryPoint","urlTemplate":"https:\/\/sin.betas.visie.link\/es\/?s={search_term_string}"},"query-input":{"@type":"PropertyValueSpecification","valueRequired":true,"valueName":"search_term_string"}}],"inLanguage":"es"}]}},"_links":{"self":[{"href":"https:\/\/sin.betas.visie.link\/es\/wp-json\/wp\/v2\/pages\/8779","targetHints":{"allow":["GET"]}}],"collection":[{"href":"https:\/\/sin.betas.visie.link\/es\/wp-json\/wp\/v2\/pages"}],"about":[{"href":"https:\/\/sin.betas.visie.link\/es\/wp-json\/wp\/v2\/types\/page"}],"author":[{"embeddable":true,"href":"https:\/\/sin.betas.visie.link\/es\/wp-json\/wp\/v2\/users\/3"}],"replies":[{"embeddable":true,"href":"https:\/\/sin.betas.visie.link\/es\/wp-json\/wp\/v2\/comments?post=8779"}],"version-history":[{"count":7,"href":"https:\/\/sin.betas.visie.link\/es\/wp-json\/wp\/v2\/pages\/8779\/revisions"}],"predecessor-version":[{"id":26028,"href":"https:\/\/sin.betas.visie.link\/es\/wp-json\/wp\/v2\/pages\/8779\/revisions\/26028"}],"wp:attachment":[{"href":"https:\/\/sin.betas.visie.link\/es\/wp-json\/wp\/v2\/media?parent=8779"}],"curies":[{"name":"wp","href":"https:\/\/api.w.org\/{rel}","templated":true}]}}