{"id":9994,"date":"2023-01-04T10:57:43","date_gmt":"2023-01-04T13:57:43","guid":{"rendered":"http:\/\/sin.betas.visie.link\/?page_id=9994"},"modified":"2024-08-15T18:03:35","modified_gmt":"2024-08-15T21:03:35","slug":"hanano","status":"publish","type":"page","link":"https:\/\/sin.betas.visie.link\/es\/hanano\/","title":{"rendered":"Superf\u00edcie Plus"},"content":{"rendered":"\n<section class=\"single-product-variation\">\n    <picture class=\"hidden md:block box-border w-full h-screen relative\" style=\"background:url('https:\/\/sin2022.s3.us-west-2.amazonaws.com\/sites\/4\/2024\/08\/banner1webesp.png') ; background-size:cover; background-repeat: no-repeat; background-position: center;\">\n                <div class=\"absolute top-0 left-0 w-full h-full\" style=\"background-color:rgba(0,0,0,0);\">\n            <div class=\"px-g18 xl:px-9 pt-11 pb-32 lg:py-32 lg:max-w-[1440px] w-full h-full flex md:items-center mx-auto\">\n                <div class=\"w-full h-full flex\" style=\"justify-content: left; align-items: center \">\n                <div class=\"md:max-w-[45%]\">\n                    <div class=\"wpcontent--innerblocks\">\n                        <p>&nbsp;<\/p>\n<div id=\"urban-overlay\" style=\"left: -10px; top: -10px; width: 0px; height: 0px;\"><\/div>\n                    <\/div>\n            \n                                    <\/div>\n                <\/div>\n            <\/div>\n        <\/div>\n    <\/picture>\n    \n    <picture class=\"block md:hidden box-border w-full max-lg:h-screen lg:h-screen relative\" style=\"background:url('https:\/\/sin2022.s3.us-west-2.amazonaws.com\/sites\/4\/2024\/08\/banner1mobilesp.png') ; background-size:cover; background-repeat: no-repeat; background-position: center;;\">\n                <div class=\"absolute top-0 left-0 w-full h-full\">\n            <div class=\"px-g18 xl:px-9 py-11 lg:max-w-[1440px] w-full h-full flex md:items-center mx-auto\">\n                <div class=\"w-full flex\" style=\"justify-content: center\">\n                    <div class=\"w-full md:max-w-[45%]\">\n                        <div class=\"wpcontent--innerblocks\">\n                            <p>&nbsp;<\/p>\n<div id=\"urban-overlay\" style=\"left: -10px; top: -10px; width: 0px; height: 0px;\"><\/div>\n                        <\/div>\n            \n                                            <\/div>\n                <\/div>\n            <\/div>\n        <\/div>\n        \n                    <button class=\"-js-bannerbg-btn absolute lg:hidden w-[70px] bottom-4 left-[calc(50%-35px)] animate-bounce\">\n                <svg width=\"70\" height=\"70\" viewBox=\"0 0 70 70\" fill=\"none\" xmlns=\"http:\/\/www.w3.org\/2000\/svg\"><g filter=\"url(#filter0_i_3_226)\"><circle cx=\"35\" cy=\"35\" r=\"35\" fill=\"black\" fill-opacity=\"0.32\"\/><\/g><path d=\"M55 31L34 47L13 31\" stroke=\"white\" stroke-width=\"4\" stroke-linecap=\"round\" stroke-linejoin=\"round\"\/><defs><filter id=\"filter0_i_3_226\" x=\"0\" y=\"0\" width=\"70\" height=\"74\" filterUnits=\"userSpaceOnUse\" color-interpolation-filters=\"sRGB\"><feFlood flood-opacity=\"0\" result=\"BackgroundImageFix\"\/><feBlend mode=\"normal\" in=\"SourceGraphic\" in2=\"BackgroundImageFix\" result=\"shape\"\/><feColorMatrix in=\"SourceAlpha\" type=\"matrix\" values=\"0 0 0 0 0 0 0 0 0 0 0 0 0 0 0 0 0 0 127 0\" result=\"hardAlpha\"\/><feOffset dy=\"4\"\/><feGaussianBlur stdDeviation=\"3.5\"\/><feComposite in2=\"hardAlpha\" operator=\"arithmetic\" k2=\"-1\" k3=\"1\"\/><feColorMatrix type=\"matrix\" values=\"0 0 0 0 0 0 0 0 0 0 0 0 0 0 0 0 0 0 0.25 0\"\/><feBlend mode=\"normal\" in2=\"shape\" result=\"effect1_innerShadow_3_226\"\/><\/filter><\/defs><\/svg>            <\/button>\n            <\/picture>\n<\/section>\n\n\n\n<section style=\"background-color: #fbfbfb; background: url(#ffffff) no-repeat center center; padding-top: 90px; position: relative; background-size: cover;\">\n        <article class=\"relative w-full max-w-[1440px] xl:max-w-[59vw] mx-auto px-g18 xl:px-0 py-9 md:py-16\">\n        <div class=\"mb-8 wpcontent--innerblocks\">\n            <h2>A\u00d1ADIENDO UNA NUEVA DIMENSI\u00d3N A LA OSEOINTEGRACI\u00d3N<\/h2>\n<p>&nbsp;<\/p>\n<p>En comparaci\u00f3n con los recubrimientos tradicionales, donde el hueso se ancla al recubrimiento, HAnano Surface no act\u00faa como una interfaz que separa el hueso del implante. La superficie nano-fina permite que el hueso reci\u00e9n formado crezca directamente en la topograf\u00eda microm\u00e9trica, o rugosidad, de la superficie del implante, proporcionando as\u00ed estabilidad mec\u00e1nica.<\/p>\n<p>&nbsp;<\/p>\n<p>&nbsp;<\/p>\n        <\/div>\n\n            <\/article>\n<\/section>\n\n\n<section class=\"single-product-variation\">\n    <picture class=\"hidden md:block box-border w-full h-screen relative\" style=\"background:url('https:\/\/sin2022.s3.us-west-2.amazonaws.com\/sites\/4\/2024\/08\/banner2web.png') ; background-size:cover; background-repeat: no-repeat; background-position: center;\">\n                <div class=\"absolute top-0 left-0 w-full h-full\" style=\"background-color:rgba(0,0,0,0);\">\n            <div class=\"px-g18 xl:px-9 pt-11 pb-32 lg:py-32 lg:max-w-[1440px] w-full h-full flex md:items-center mx-auto\">\n                <div class=\"w-full h-full flex\" style=\"justify-content: right; align-items: center \">\n                <div class=\"md:max-w-[45%]\">\n                    <div class=\"wpcontent--innerblocks\">\n                        <p><span style=\"color: #b80d0d;\"><strong>Productos y Tecnolog\u00eda<\/strong><\/span><\/p>\n<h2>M\u00e1s hueso. M\u00e1s r\u00e1pido.<\/h2>\n<p>&nbsp;<\/p>\n<p><strong>HAnano Surface\u00ae<\/strong> combina varias caracter\u00edsticas conocidas por mejorar la oseointegraci\u00f3n en una \u00fanica modificaci\u00f3n de superficie. La combinaci\u00f3n de alta mojabilidad y qu\u00edmica de la superficie, con nano-rugosidad optimizada, mejora la bioactividad y la adsorci\u00f3n de prote\u00ednas espec\u00edficas al implante.<\/p>\n<p>&nbsp;<\/p>\n<p>Essas propriedades regulam o comportamento celular e influenciam a regenera\u00e7\u00e3o dos tecidos, aumentando as fun\u00e7\u00f5es dos osteoblastos, construindo assim mais osso rapidamente.<\/p>\n                    <\/div>\n            \n                                    <\/div>\n                <\/div>\n            <\/div>\n        <\/div>\n    <\/picture>\n    \n    <picture class=\"block md:hidden box-border w-full max-lg:h-screen lg:h-screen relative\" style=\"background:url('https:\/\/sin2022.s3.us-west-2.amazonaws.com\/sites\/4\/2024\/08\/banner2mobile.png') ; background-size:cover; background-repeat: no-repeat; background-position: center;;\">\n                <div class=\"absolute top-0 left-0 w-full h-full\">\n            <div class=\"px-g18 xl:px-9 py-11 lg:max-w-[1440px] w-full h-full flex md:items-center mx-auto\">\n                <div class=\"w-full flex\" style=\"justify-content: center\">\n                    <div class=\"w-full md:max-w-[45%]\">\n                        <div class=\"wpcontent--innerblocks\">\n                            <p><span style=\"color: #b80d0d;\"><strong>Productos y Tecnolog\u00eda<\/strong><\/span><\/p>\n<h2>M\u00e1s hueso. M\u00e1s r\u00e1pido.<\/h2>\n<p>&nbsp;<\/p>\n<p><strong>HAnano Surface\u00ae<\/strong> combina varias caracter\u00edsticas conocidas por mejorar la oseointegraci\u00f3n en una \u00fanica modificaci\u00f3n de superficie. La combinaci\u00f3n de alta mojabilidad y qu\u00edmica de la superficie, con nano-rugosidad optimizada, mejora la bioactividad y la adsorci\u00f3n de prote\u00ednas espec\u00edficas al implante.<\/p>\n<p>&nbsp;<\/p>\n<p>Essas propriedades regulam o comportamento celular e influenciam a regenera\u00e7\u00e3o dos tecidos, aumentando as fun\u00e7\u00f5es dos osteoblastos, construindo assim mais osso rapidamente.<\/p>\n                        <\/div>\n            \n                                            <\/div>\n                <\/div>\n            <\/div>\n        <\/div>\n        \n            <\/picture>\n<\/section>\n\n\n\n<section style=\"background-color: #fbfbfb; background: url(#ffffff) no-repeat center center; padding-top: 90px; position: relative; background-size: cover;\">\n        <article class=\"relative w-full max-w-[1440px] xl:max-w-[59vw] mx-auto px-g18 xl:px-0 py-9 md:py-16\">\n        <div class=\"mb-8 wpcontent--innerblocks\">\n            <h2><span style=\"color: #b80d0d;\">TECNOLOG\u00cdA Y PROCESO<\/span><\/h2>\n<p>&nbsp;<\/p>\n<p>La modificaci\u00f3n de un implante con HAnano Surface se realiza mediante un proceso qu\u00edmico h\u00famedo. Solo se requiere equipo listo para usar, que puede integrarse f\u00e1cilmente en las l\u00edneas de fabricaci\u00f3n de implantes existentes. Para los OEMs sin capacidades de fabricaci\u00f3n interna, Promimic ha establecido una asociaci\u00f3n estrat\u00e9gica con Danco, un proveedor l\u00edder de tratamientos de superficie para la industria de dispositivos m\u00e9dicos. Danco tiene una l\u00ednea de producci\u00f3n de HAnano Surface totalmente validada y operativa en su instalaci\u00f3n en Warsaw, Indiana (EE.UU.), que ahora se ofrece a los clientes de Promimic.<\/p>\n        <\/div>\n\n            <\/article>\n<\/section>\n\n\n<section class=\"single-product-variation\">\n    <picture class=\"hidden md:block box-border w-full h-screen relative\" style=\"background:url('https:\/\/sin2022.s3.us-west-2.amazonaws.com\/sites\/4\/2024\/08\/banner3webes.png') ; background-size:cover; background-repeat: no-repeat; background-position: center;\">\n                <div class=\"absolute top-0 left-0 w-full h-full\" style=\"background-color:rgba(0,0,0,0);\">\n            <div class=\"px-g18 xl:px-9 pt-11 pb-32 lg:py-32 lg:max-w-[1440px] w-full h-full flex md:items-center mx-auto\">\n                <div class=\"w-full h-full flex\" style=\"justify-content: left; align-items: flex-start \">\n                <div class=\"md:max-w-[45%]\">\n                    <div class=\"wpcontent--innerblocks\">\n                                            <\/div>\n            \n                                    <\/div>\n                <\/div>\n            <\/div>\n        <\/div>\n    <\/picture>\n    \n    <picture class=\"block md:hidden box-border w-full max-lg:h-screen lg:h-screen relative\" style=\"background:url('https:\/\/sin2022.s3.us-west-2.amazonaws.com\/sites\/4\/2024\/08\/banner3mobilees.png') ; background-size:cover; background-repeat: no-repeat; background-position: center;;\">\n                <div class=\"absolute top-0 left-0 w-full h-full\">\n            <div class=\"px-g18 xl:px-9 py-11 lg:max-w-[1440px] w-full h-full flex md:items-center mx-auto\">\n                <div class=\"w-full flex\" style=\"justify-content: flex-start\">\n                    <div class=\"w-full md:max-w-[45%]\">\n                        <div class=\"wpcontent--innerblocks\">\n                                                    <\/div>\n            \n                                            <\/div>\n                <\/div>\n            <\/div>\n        <\/div>\n        \n            <\/picture>\n<\/section>\n\n\n\n<section style=\"background-color: #fbfbfb; background: url(#ffffff) no-repeat center center; padding-top: 90px; position: relative; background-size: cover;\">\n        <article class=\"relative w-full max-w-[1440px] xl:max-w-[59vw] mx-auto px-g18 xl:px-0 py-9 md:py-16\">\n        <div class=\"mb-8 wpcontent--innerblocks\">\n            <h2><span style=\"color: #ad1f1f;\">CIENT\u00cdFICAMENTE PROBADO<\/span><\/h2>\n<p>&nbsp;<\/p>\n<p>HAnano Surface\u00ae ha sido evaluado en m\u00e1s de 50 estudios precl\u00ednicos que probaron una variedad de materiales y dise\u00f1os de implantes en diferentes modelos.<\/p>\n<p>Los resultados muestran que HAnano Surface: Promueve la calidad \u00f3sea durante la cicatrizaci\u00f3n, mejora la estabilidad inicial del implante, acelera la oseointegraci\u00f3n y promueve el crecimiento \u00f3seo y la integraci\u00f3n para cualquier tipo de implante.<\/p>\n        <\/div>\n\n            <\/article>\n<\/section>\n\n\n<section class=\"single-product-variation\">\n    <picture class=\"hidden md:block box-border w-full h-screen relative\" style=\"background:url('https:\/\/sin2022.s3.us-west-2.amazonaws.com\/sites\/4\/2024\/08\/banner4webes.png') ; background-size:cover; background-repeat: no-repeat; background-position: center;\">\n                <div class=\"absolute top-0 left-0 w-full h-full\" style=\"background-color:rgba(0,0,0,0);\">\n            <div class=\"px-g18 xl:px-9 pt-11 pb-32 lg:py-32 lg:max-w-[1440px] w-full h-full flex md:items-center mx-auto\">\n                <div class=\"w-full h-full flex\" style=\"justify-content: left; align-items: flex-start \">\n                <div class=\"md:max-w-[45%]\">\n                    <div class=\"wpcontent--innerblocks\">\n                                            <\/div>\n            \n                                    <\/div>\n                <\/div>\n            <\/div>\n        <\/div>\n    <\/picture>\n    \n    <picture class=\"block md:hidden box-border w-full max-lg:h-screen lg:h-screen relative\" style=\"background:url('https:\/\/sin2022.s3.us-west-2.amazonaws.com\/sites\/4\/2024\/08\/banner4mobilees.png') ; background-size:cover; background-repeat: no-repeat; background-position: center;;\">\n                <div class=\"absolute top-0 left-0 w-full h-full\">\n            <div class=\"px-g18 xl:px-9 py-11 lg:max-w-[1440px] w-full h-full flex md:items-center mx-auto\">\n                <div class=\"w-full flex\" style=\"justify-content: flex-start\">\n                    <div class=\"w-full md:max-w-[45%]\">\n                        <div class=\"wpcontent--innerblocks\">\n                                                    <\/div>\n            \n                                            <\/div>\n                <\/div>\n            <\/div>\n        <\/div>\n        \n            <\/picture>\n<\/section>\n\n\n\n            <section>\n            <div class=\"lg:max-w-[59vw] my-14 md:my-28 mx-auto px-g18 lg:px-0\">\n                <div class=\"hidden md:block w-full pt-[56.25%] bg-red-500 mx-auto relative overflow-hidden\" style=\"border-radius: 20px;\"> \n                    <div class=\"-js-video-btn absolute top-0 left-0 w-full h-full z-10 flex justify-center items-center bg-black\/20 cursor-pointer\" data-action=\"-js-video-7295\">\n                        <i class=\"indent-[-9999px]\">\n                            Play\/Pause\n                            <svg width=\"89\" height=\"89\" viewBox=\"0 0 89 89\" fill=\"none\" xmlns=\"http:\/\/www.w3.org\/2000\/svg\"><g filter=\"url(#filter0_d_102_616)\"><path d=\"M34.5 58.479L58.5 40.479L34.5 22.479V58.479ZM42.5 0.479004C20.42 0.479004 2.5 18.399 2.5 40.479C2.5 62.559 20.42 80.479 42.5 80.479C64.58 80.479 82.5 62.559 82.5 40.479C82.5 18.399 64.58 0.479004 42.5 0.479004ZM42.5 72.479C24.86 72.479 10.5 58.119 10.5 40.479C10.5 22.839 24.86 8.479 42.5 8.479C60.14 8.479 74.5 22.839 74.5 40.479C74.5 58.119 60.14 72.479 42.5 72.479Z\" fill=\"white\"\/><\/g><defs><filter id=\"filter0_d_102_616\" x=\"0.5\" y=\"0.479004\" width=\"88\" height=\"88\" filterUnits=\"userSpaceOnUse\" color-interpolation-filters=\"sRGB\"><feFlood flood-opacity=\"0\" result=\"BackgroundImageFix\"\/><feColorMatrix in=\"SourceAlpha\" type=\"matrix\" values=\"0 0 0 0 0 0 0 0 0 0 0 0 0 0 0 0 0 0 127 0\" result=\"hardAlpha\"\/><feOffset dx=\"2\" dy=\"4\"\/><feGaussianBlur stdDeviation=\"2\"\/><feComposite in2=\"hardAlpha\" operator=\"out\"\/><feColorMatrix type=\"matrix\" values=\"0 0 0 0 0 0 0 0 0 0 0 0 0 0 0 0 0 0 0.5 0\"\/><feBlend mode=\"normal\" in2=\"BackgroundImageFix\" result=\"effect1_dropShadow_102_616\"\/><feBlend mode=\"normal\" in=\"SourceGraphic\" in2=\"effect1_dropShadow_102_616\" result=\"shape\"\/><\/filter><\/defs><\/svg>                        <\/i> \n                    <\/div>\n                    <video class=\"absolute top-0 left-0 w-full h-full object-cover -js-video-control\" id=\"-js-video-7295\" class=\"-js-action-video\" width=\"100%\" >\n                                                                            <source src=\"https:\/\/sin2022.s3.us-west-2.amazonaws.com\/2023%2F01%2FWetting-of-dental-implant.mp4\" type=\"video\/mp4\">\n                                                                    <\/video>\n                <\/div>\n            <\/div>\n    \n            <div class=\"md:hidden w-full h-screen relative\"> \n                <div class=\"-js-video-mobile-btn absolute top-0 left-0 w-full h-full z-10 flex justify-center items-center bg-black\/20 cursor-pointer\" data-action=\"-js-video-mobile-7295\">\n                    <i class=\"indent-[-9999px]\">\n                        Play\/Pause\n                        <svg width=\"89\" height=\"89\" viewBox=\"0 0 89 89\" fill=\"none\" xmlns=\"http:\/\/www.w3.org\/2000\/svg\"><g filter=\"url(#filter0_d_102_616)\"><path d=\"M34.5 58.479L58.5 40.479L34.5 22.479V58.479ZM42.5 0.479004C20.42 0.479004 2.5 18.399 2.5 40.479C2.5 62.559 20.42 80.479 42.5 80.479C64.58 80.479 82.5 62.559 82.5 40.479C82.5 18.399 64.58 0.479004 42.5 0.479004ZM42.5 72.479C24.86 72.479 10.5 58.119 10.5 40.479C10.5 22.839 24.86 8.479 42.5 8.479C60.14 8.479 74.5 22.839 74.5 40.479C74.5 58.119 60.14 72.479 42.5 72.479Z\" fill=\"white\"\/><\/g><defs><filter id=\"filter0_d_102_616\" x=\"0.5\" y=\"0.479004\" width=\"88\" height=\"88\" filterUnits=\"userSpaceOnUse\" color-interpolation-filters=\"sRGB\"><feFlood flood-opacity=\"0\" result=\"BackgroundImageFix\"\/><feColorMatrix in=\"SourceAlpha\" type=\"matrix\" values=\"0 0 0 0 0 0 0 0 0 0 0 0 0 0 0 0 0 0 127 0\" result=\"hardAlpha\"\/><feOffset dx=\"2\" dy=\"4\"\/><feGaussianBlur stdDeviation=\"2\"\/><feComposite in2=\"hardAlpha\" operator=\"out\"\/><feColorMatrix type=\"matrix\" values=\"0 0 0 0 0 0 0 0 0 0 0 0 0 0 0 0 0 0 0.5 0\"\/><feBlend mode=\"normal\" in2=\"BackgroundImageFix\" result=\"effect1_dropShadow_102_616\"\/><feBlend mode=\"normal\" in=\"SourceGraphic\" in2=\"effect1_dropShadow_102_616\" result=\"shape\"\/><\/filter><\/defs><\/svg>                    <\/i> \n                <\/div>\n                <video class=\"w-full h-full object-cover -js-video-control\" id=\"-js-video-mobile-7295\" class=\"-js-action-video\" width=\"100%\" >\n                                                                <source src=\"https:\/\/sin2022.s3.us-west-2.amazonaws.com\/2023%2F01%2FWetting-of-dental-implant.mp4\" type=\"video\/mp4\">\n                                                        <\/video>\n            <\/div>\n        <\/section>\n\n    \n\n \n\n            <section class=\"box-border block w-full h-auto overflow-hidden\" style=\"background:url(https:\/\/sin2022.s3.us-west-2.amazonaws.com\/sites\/4\/2024\/07\/Design-sem-nome-29.png) ; background-size:cover; background-repeat: no-repeat;\">\n        <div class=\"w-full px-g18 xl:px-9 my-16 lg:my-24\">\n        <div class=\"max-w-[1130px] mx-auto flex\">\n            <div class=\"w-full justify-center\">\n                <div class=\"wpcontent--innerblocks flex flex-col\">\n                    <p style=\"text-align: center;\"><span style=\"color: #ffffff;\">ACCEDE A LA BIBLIOTECA DE DATOS CON ART\u00cdCULOS, TESIS Y DISERTACIONES RELATIVOS A NUESTROS PRODUCTOS PARA APOYO A LA PR\u00c1CTICA CL\u00cdNICA, TOMA DE DECISIONES Y CUALIFICACI\u00d3N.<\/span><\/p>\n                <\/div>\n        \n                                    <a class=\"button block mx-auto w-max mt-8\" href=\"https:\/\/sin.betas.visie.link\/es\/descargas\/\" target=\"\"\n                    style=\"background-color: #DF570B; color: #FFFFFF;\">\n                        ACCEDE A LA BIBLIOTECA                    <\/a>\n                            <\/div>\n        <\/div>\n    <\/div>\n    <\/section>\n\n","protected":false},"excerpt":{"rendered":"","protected":false},"author":3,"featured_media":0,"parent":0,"menu_order":0,"comment_status":"closed","ping_status":"closed","template":"","meta":{"_acf_changed":false,"inline_featured_image":false,"footnotes":""},"class_list":["post-9994","page","type-page","status-publish","hentry"],"acf":[],"yoast_head":"<!-- This site is optimized with the Yoast SEO plugin v27.2 - https:\/\/yoast.com\/product\/yoast-seo-wordpress\/ -->\n<title>Superf\u00edcie Plus - S.I.N. Implant System Espanhol<\/title>\n<meta name=\"robots\" content=\"index, follow, max-snippet:-1, max-image-preview:large, max-video-preview:-1\" \/>\n<link rel=\"canonical\" href=\"https:\/\/sin.betas.visie.link\/es\/wp-json\/wp\/v2\/pages\/9994\/\" \/>\n<meta property=\"og:locale\" content=\"es_ES\" \/>\n<meta property=\"og:type\" content=\"article\" \/>\n<meta property=\"og:title\" content=\"Superf\u00edcie Plus - S.I.N. Implant System Espanhol\" \/>\n<meta property=\"og:url\" content=\"https:\/\/sin.betas.visie.link\/es\/hanano\/\" \/>\n<meta property=\"og:site_name\" content=\"S.I.N. Implant System Espanhol\" \/>\n<meta property=\"article:modified_time\" content=\"2024-08-15T21:03:35+00:00\" \/>\n<meta name=\"twitter:card\" content=\"summary_large_image\" \/>\n<script type=\"application\/ld+json\" class=\"yoast-schema-graph\">{\"@context\":\"https:\/\/schema.org\",\"@graph\":[{\"@type\":\"WebPage\",\"@id\":\"https:\/\/sin.betas.visie.link\/es\/hanano\/\",\"url\":\"https:\/\/sin.betas.visie.link\/es\/hanano\/\",\"name\":\"Superf\u00edcie Plus - S.I.N. Implant System Espanhol\",\"isPartOf\":{\"@id\":\"https:\/\/sin.betas.visie.link\/es\/#website\"},\"datePublished\":\"2023-01-04T13:57:43+00:00\",\"dateModified\":\"2024-08-15T21:03:35+00:00\",\"breadcrumb\":{\"@id\":\"https:\/\/sin.betas.visie.link\/es\/hanano\/#breadcrumb\"},\"inLanguage\":\"es\",\"potentialAction\":[{\"@type\":\"ReadAction\",\"target\":[\"https:\/\/sin.betas.visie.link\/es\/hanano\/\"]}]},{\"@type\":\"BreadcrumbList\",\"@id\":\"https:\/\/sin.betas.visie.link\/es\/hanano\/#breadcrumb\",\"itemListElement\":[{\"@type\":\"ListItem\",\"position\":1,\"name\":\"Portada\",\"item\":\"https:\/\/sin.betas.visie.link\/es\/\"},{\"@type\":\"ListItem\",\"position\":2,\"name\":\"Superf\u00edcie Plus\"}]},{\"@type\":\"WebSite\",\"@id\":\"https:\/\/sin.betas.visie.link\/es\/#website\",\"url\":\"https:\/\/sin.betas.visie.link\/es\/\",\"name\":\"S.I.N. Implant System Espanhol\",\"description\":\"S\u00f3 mais um site SIN\",\"potentialAction\":[{\"@type\":\"SearchAction\",\"target\":{\"@type\":\"EntryPoint\",\"urlTemplate\":\"https:\/\/sin.betas.visie.link\/es\/?s={search_term_string}\"},\"query-input\":{\"@type\":\"PropertyValueSpecification\",\"valueRequired\":true,\"valueName\":\"search_term_string\"}}],\"inLanguage\":\"es\"}]}<\/script>\n<!-- \/ Yoast SEO plugin. -->","yoast_head_json":{"title":"Superf\u00edcie Plus - S.I.N. Implant System Espanhol","robots":{"index":"index","follow":"follow","max-snippet":"max-snippet:-1","max-image-preview":"max-image-preview:large","max-video-preview":"max-video-preview:-1"},"canonical":"https:\/\/sin.betas.visie.link\/es\/wp-json\/wp\/v2\/pages\/9994\/","og_locale":"es_ES","og_type":"article","og_title":"Superf\u00edcie Plus - S.I.N. Implant System Espanhol","og_url":"https:\/\/sin.betas.visie.link\/es\/hanano\/","og_site_name":"S.I.N. Implant System Espanhol","article_modified_time":"2024-08-15T21:03:35+00:00","twitter_card":"summary_large_image","schema":{"@context":"https:\/\/schema.org","@graph":[{"@type":"WebPage","@id":"https:\/\/sin.betas.visie.link\/es\/hanano\/","url":"https:\/\/sin.betas.visie.link\/es\/hanano\/","name":"Superf\u00edcie Plus - S.I.N. Implant System Espanhol","isPartOf":{"@id":"https:\/\/sin.betas.visie.link\/es\/#website"},"datePublished":"2023-01-04T13:57:43+00:00","dateModified":"2024-08-15T21:03:35+00:00","breadcrumb":{"@id":"https:\/\/sin.betas.visie.link\/es\/hanano\/#breadcrumb"},"inLanguage":"es","potentialAction":[{"@type":"ReadAction","target":["https:\/\/sin.betas.visie.link\/es\/hanano\/"]}]},{"@type":"BreadcrumbList","@id":"https:\/\/sin.betas.visie.link\/es\/hanano\/#breadcrumb","itemListElement":[{"@type":"ListItem","position":1,"name":"Portada","item":"https:\/\/sin.betas.visie.link\/es\/"},{"@type":"ListItem","position":2,"name":"Superf\u00edcie Plus"}]},{"@type":"WebSite","@id":"https:\/\/sin.betas.visie.link\/es\/#website","url":"https:\/\/sin.betas.visie.link\/es\/","name":"S.I.N. Implant System Espanhol","description":"S\u00f3 mais um site SIN","potentialAction":[{"@type":"SearchAction","target":{"@type":"EntryPoint","urlTemplate":"https:\/\/sin.betas.visie.link\/es\/?s={search_term_string}"},"query-input":{"@type":"PropertyValueSpecification","valueRequired":true,"valueName":"search_term_string"}}],"inLanguage":"es"}]}},"_links":{"self":[{"href":"https:\/\/sin.betas.visie.link\/es\/wp-json\/wp\/v2\/pages\/9994","targetHints":{"allow":["GET"]}}],"collection":[{"href":"https:\/\/sin.betas.visie.link\/es\/wp-json\/wp\/v2\/pages"}],"about":[{"href":"https:\/\/sin.betas.visie.link\/es\/wp-json\/wp\/v2\/types\/page"}],"author":[{"embeddable":true,"href":"https:\/\/sin.betas.visie.link\/es\/wp-json\/wp\/v2\/users\/3"}],"replies":[{"embeddable":true,"href":"https:\/\/sin.betas.visie.link\/es\/wp-json\/wp\/v2\/comments?post=9994"}],"version-history":[{"count":4,"href":"https:\/\/sin.betas.visie.link\/es\/wp-json\/wp\/v2\/pages\/9994\/revisions"}],"predecessor-version":[{"id":26390,"href":"https:\/\/sin.betas.visie.link\/es\/wp-json\/wp\/v2\/pages\/9994\/revisions\/26390"}],"wp:attachment":[{"href":"https:\/\/sin.betas.visie.link\/es\/wp-json\/wp\/v2\/media?parent=9994"}],"curies":[{"name":"wp","href":"https:\/\/api.w.org\/{rel}","templated":true}]}}